{"id":13143,"date":"2022-05-12T17:47:28","date_gmt":"2022-05-12T15:47:28","guid":{"rendered":"http:\/\/leconservatoiredujeu.fr\/?page_id=13143"},"modified":"2022-05-12T17:47:28","modified_gmt":"2022-05-12T15:47:28","slug":"jeu-du-moulin","status":"publish","type":"page","link":"https:\/\/leconservatoiredujeu.fr\/index.php\/jeu-du-moulin\/","title":{"rendered":"Jeu du Moulin"},"content":{"rendered":"\n<div class=\"wp-block-image\"><figure class=\"aligncenter size-full\"><img loading=\"lazy\" decoding=\"async\" width=\"355\" height=\"213\" src=\"http:\/\/leconservatoiredujeu.fr\/wp-content\/uploads\/2022\/05\/plateau-moulin-1.jpg\" alt=\"\" class=\"wp-image-13145\" srcset=\"https:\/\/leconservatoiredujeu.fr\/wp-content\/uploads\/2022\/05\/plateau-moulin-1.jpg 355w, https:\/\/leconservatoiredujeu.fr\/wp-content\/uploads\/2022\/05\/plateau-moulin-1-300x180.jpg 300w\" sizes=\"(max-width: 355px) 100vw, 355px\" \/><\/figure><\/div>\n\n\n\n<p><strong><u>Historique<\/u>&nbsp;:<\/strong><\/p>\n\n\n\n<p>Le jeu du moulin est un jeu de soci\u00e9t\u00e9 traditionnel en Europe. Le tablier de jeu existait d\u00e9j\u00e0 dans la Rome antique. Aussi appel\u00e9 jeu du charret (en Suisse), certains lui donnent le nom m\u00e9di\u00e9val de jeu de m\u00e9relles.<\/p>\n\n\n\n<p>Des traces du jeu ont \u00e9t\u00e9 d\u00e9couvertes au temple de Kurna (c\u2019est-\u00e0-dire Cheikh Abd el-Gournah), sur l&rsquo;une des rives du Nil, qui existait au XIVe si\u00e8cle av. J.-C.1. C\u2019est du moins ce que croyait Henry Parker (Ancien Ceylon, Londres, 1909), mais il a depuis \u00e9t\u00e9 d\u00e9montr\u00e9 par les arch\u00e9ologues allemands qui ont fouill\u00e9 le site, que les gravures de jeux pr\u00e9sentes sur les dalles du toit effondr\u00e9 du temple des millions d&rsquo;ann\u00e9es de S\u00e9thi Ier sont bien plus tardives. Le jeu du moulin encore visible porte en son centre une croix propre aux Coptes (d\u00e9j\u00e0 relev\u00e9e par Parker), ce qui laisse entendre que, comme les autres jeux pr\u00e9sents, il a \u00e9t\u00e9 grav\u00e9 apr\u00e8s l\u2019arriv\u00e9e du Christianisme. Des plateaux ont aussi \u00e9t\u00e9 d\u00e9couverts lors des fouilles du dernier niveau de la ville de Troie, tout comme dans des tombes de l&rsquo;\u00e2ge du bronze en Irlande. Cependant, aucune r\u00e9f\u00e9rence s\u00e9rieuse n\u2019a jamais \u00e9t\u00e9 produite pour Troie, et les tombes de l&rsquo;\u00e2ge du bronze en Irlande, d\u00e9couvertes au XIXe si\u00e8cle, ne peuvent \u00eatre dat\u00e9es, qui laisse ouverte la question de l\u2019anciennet\u00e9 du jeu du moulin. Les historiens penchent aujourd\u2019hui pour une date bien plus tardive, peut-\u00eatre aux temps de la Rome antique. Le jeu est cit\u00e9 dans le Livre des jeux d&rsquo;Alphonse X de Castille (sous le nom d&rsquo;alquerque de nueve), ainsi que dans le Talmud.<\/p>\n\n\n\n<div class=\"wp-block-image\"><figure class=\"aligncenter size-full is-resized\"><img loading=\"lazy\" decoding=\"async\" src=\"http:\/\/leconservatoiredujeu.fr\/wp-content\/uploads\/2022\/05\/jeu-du-moulin-livre.jpg\" alt=\"\" class=\"wp-image-13146\" width=\"431\" height=\"342\"\/><figcaption> Image tir\u00e9e du <em>\u00ab\u00a0Livre des Jeux<\/em>\u00a0<em>\u00bb<\/em> XIe si\u00e8cle <\/figcaption><\/figure><\/div>\n\n\n\n<p><\/p>\n\n\n\n<p><strong><u>Mat\u00e9riel&nbsp;<\/u>:<\/strong><\/p>\n\n\n\n<p>-Un tablier form\u00e9 de trois carr\u00e9s imbriqu\u00e9s offrant vingt-quatre intersections<\/p>\n\n\n\n<p>-Neuf pions blancs<\/p>\n\n\n\n<p>-Neuf pions noirs<\/p>\n\n\n\n<div class=\"wp-block-image\"><figure class=\"aligncenter size-large is-resized\"><img loading=\"lazy\" decoding=\"async\" src=\"http:\/\/leconservatoiredujeu.fr\/wp-content\/uploads\/2022\/05\/plateau-1024x576.jpg\" alt=\"\" class=\"wp-image-13147\" width=\"323\" height=\"182\" srcset=\"https:\/\/leconservatoiredujeu.fr\/wp-content\/uploads\/2022\/05\/plateau-1024x576.jpg 1024w, https:\/\/leconservatoiredujeu.fr\/wp-content\/uploads\/2022\/05\/plateau-300x169.jpg 300w, https:\/\/leconservatoiredujeu.fr\/wp-content\/uploads\/2022\/05\/plateau-768x432.jpg 768w, https:\/\/leconservatoiredujeu.fr\/wp-content\/uploads\/2022\/05\/plateau-500x281.jpg 500w, https:\/\/leconservatoiredujeu.fr\/wp-content\/uploads\/2022\/05\/plateau.jpg 1279w\" sizes=\"(max-width: 323px) 100vw, 323px\" \/><\/figure><\/div>\n\n\n\n<p><strong><u>R\u00e8gles du Jeu<\/u>&nbsp;:<\/strong><\/p>\n\n\n\n<p>Le jeu se d\u00e9roule en trois phases :<\/p>\n\n\n\n<p>&#8211; La pose<\/p>\n\n\n\n<p>&#8211; Le mouvement,<\/p>\n\n\n\n<p>&#8211; Le saut (optionnel)<\/p>\n\n\n\n<p>\u00c0 tout moment du jeu, celui qui r\u00e9alise un moulin, c&rsquo;est-\u00e0-dire l&rsquo;alignement de trois de ses pions, peut capturer un pion adverse quelconque parmi ceux n&rsquo;appartenant pas \u00e0 un moulin.<\/p>\n\n\n\n<p><strong><u>Phase 1 &#8211; La pose<\/u><\/strong><\/p>\n\n\n\n<p>Tant qu&rsquo;il en poss\u00e8de encore, chaque joueur place \u00e0 tour de r\u00f4le un pion sur une intersection libre. La phase 2 d\u00e9bute apr\u00e8s que les joueurs ont plac\u00e9 tous leurs pions.<\/p>\n\n\n\n<p><strong><u>Phase 2 &#8211; Le mouvement<\/u><\/strong><\/p>\n\n\n\n<p>Lorsqu&rsquo;il n&rsquo;a plus de pion \u00e0 poser, chaque joueur fait glisser l&rsquo;un de ses pions vers une intersection voisine libre en suivant un chemin pr\u00e9vu. La phase 3 d\u00e9bute d\u00e8s que l&rsquo;un des joueurs est r\u00e9duit \u00e0 3 pions.<\/p>\n\n\n\n<p><strong><u>Phase 3 &#8211; Le saut<\/u><\/strong><\/p>\n\n\n\n<p>Celui qui ne poss\u00e8de plus que trois pions peut alors se d\u00e9placer en sautant o\u00f9 il veut.<\/p>\n\n\n\n<p>Le jeu s&rsquo;ach\u00e8ve quand un joueur n&rsquo;a plus que deux pions ou ne peut plus jouer, il est alors le perdant.<\/p>\n\n\n\n<div class=\"wp-block-image\"><figure class=\"aligncenter size-full\"><img loading=\"lazy\" decoding=\"async\" width=\"225\" height=\"225\" src=\"http:\/\/leconservatoiredujeu.fr\/wp-content\/uploads\/2022\/05\/partie-nul.jpg\" alt=\"\" class=\"wp-image-13148\" srcset=\"https:\/\/leconservatoiredujeu.fr\/wp-content\/uploads\/2022\/05\/partie-nul.jpg 225w, https:\/\/leconservatoiredujeu.fr\/wp-content\/uploads\/2022\/05\/partie-nul-150x150.jpg 150w\" sizes=\"(max-width: 225px) 100vw, 225px\" \/><\/figure><\/div>\n\n\n\n<p><strong><u>Fin du Jeu<\/u>&nbsp;:<\/strong><\/p>\n\n\n\n<p>Un joueur gagne la partie dans l\u2019un des deux cas suivants :<\/p>\n\n\n\n<p>-Un des joueurs a r\u00e9alis\u00e9 7 prises et par cons\u00e9quent son adversaire a seulement deux pions et ne peut plus former de moulins.<\/p>\n\n\n\n<p>-Un des joueurs ne peut plus r\u00e9aliser de mouvement parce que tous ses pions sont bloqu\u00e9s.<\/p>\n\n\n\n<p>La partie est nulle quand il y a \u00e9galit\u00e9 quand aucun des 2 joueurs n\u2019arrive \u00e0 gagner.<\/p>\n\n\n\n<div class=\"wp-block-image\"><figure class=\"aligncenter size-full is-resized\"><img loading=\"lazy\" decoding=\"async\" src=\"http:\/\/leconservatoiredujeu.fr\/wp-content\/uploads\/2022\/05\/jeu-du-moulin-location.jpg\" alt=\"\" class=\"wp-image-13149\" width=\"407\" height=\"412\"\/><\/figure><\/div>\n\n\n\n<p><strong><u>Source<\/u>&nbsp;:<\/strong> Wikip\u00e9dia<\/p>\n\n\n\n<p class=\"has-text-align-right\">Le Conservatoire du Jeu \u2013 Mai 2022<\/p>\n","protected":false},"excerpt":{"rendered":"<p>Historique&nbsp;: Le jeu du moulin est un jeu de soci\u00e9t\u00e9 traditionnel en Europe. Le tablier de jeu existait d\u00e9j\u00e0 dans la Rome antique. Aussi appel\u00e9 jeu du charret (en Suisse), certains lui donnent le nom m\u00e9di\u00e9val de jeu de m\u00e9relles. &hellip; <a href=\"https:\/\/leconservatoiredujeu.fr\/index.php\/jeu-du-moulin\/\">Continuer la lecture <span class=\"meta-nav\">&rarr;<\/span><\/a><\/p>\n","protected":false},"author":3,"featured_media":0,"parent":0,"menu_order":0,"comment_status":"closed","ping_status":"closed","template":"","meta":{"footnotes":""},"_links":{"self":[{"href":"https:\/\/leconservatoiredujeu.fr\/index.php\/wp-json\/wp\/v2\/pages\/13143"}],"collection":[{"href":"https:\/\/leconservatoiredujeu.fr\/index.php\/wp-json\/wp\/v2\/pages"}],"about":[{"href":"https:\/\/leconservatoiredujeu.fr\/index.php\/wp-json\/wp\/v2\/types\/page"}],"author":[{"embeddable":true,"href":"https:\/\/leconservatoiredujeu.fr\/index.php\/wp-json\/wp\/v2\/users\/3"}],"replies":[{"embeddable":true,"href":"https:\/\/leconservatoiredujeu.fr\/index.php\/wp-json\/wp\/v2\/comments?post=13143"}],"version-history":[{"count":1,"href":"https:\/\/leconservatoiredujeu.fr\/index.php\/wp-json\/wp\/v2\/pages\/13143\/revisions"}],"predecessor-version":[{"id":13150,"href":"https:\/\/leconservatoiredujeu.fr\/index.php\/wp-json\/wp\/v2\/pages\/13143\/revisions\/13150"}],"wp:attachment":[{"href":"https:\/\/leconservatoiredujeu.fr\/index.php\/wp-json\/wp\/v2\/media?parent=13143"}],"curies":[{"name":"wp","href":"https:\/\/api.w.org\/{rel}","templated":true}]}}