{"id":13137,"date":"2022-05-12T17:40:19","date_gmt":"2022-05-12T15:40:19","guid":{"rendered":"http:\/\/leconservatoiredujeu.fr\/?page_id=13137"},"modified":"2022-05-12T17:40:19","modified_gmt":"2022-05-12T15:40:19","slug":"colin-maillard","status":"publish","type":"page","link":"https:\/\/leconservatoiredujeu.fr\/index.php\/colin-maillard\/","title":{"rendered":"Colin &#8211; Maillard"},"content":{"rendered":"\n<figure class=\"wp-block-image size-full\"><img loading=\"lazy\" decoding=\"async\" width=\"667\" height=\"333\" src=\"http:\/\/leconservatoiredujeu.fr\/wp-content\/uploads\/2022\/05\/colin-maillard-1.jpg\" alt=\"\" class=\"wp-image-13138\" srcset=\"https:\/\/leconservatoiredujeu.fr\/wp-content\/uploads\/2022\/05\/colin-maillard-1.jpg 667w, https:\/\/leconservatoiredujeu.fr\/wp-content\/uploads\/2022\/05\/colin-maillard-1-300x150.jpg 300w, https:\/\/leconservatoiredujeu.fr\/wp-content\/uploads\/2022\/05\/colin-maillard-1-500x250.jpg 500w\" sizes=\"(max-width: 667px) 100vw, 667px\" \/><\/figure>\n\n\n\n<p><strong><u>Historique<\/u>&nbsp;:<\/strong><\/p>\n\n\n\n<p>En Gr\u00e8ce antique, on pratiquait une sorte de colin-maillard appel\u00e9 la mouche de bronze, (en grec : \u03c7\u03b1\u03bb\u03ba\u1fc6 \u03bc\u03c5\u1fd6\u03b18). Il est notamment d\u00e9crit par Su\u00e9tone et par Pollux. Le jeu \u00e9tait accompagn\u00e9 de deux vers par\u00e9miaques. L&rsquo;enfant aux yeux band\u00e9s cherchait \u00e0 attraper les autres en disant \u00ab Je vais courir apr\u00e8s une mouche de bronze \u00bb ; ses compagnons de jeux qui l&rsquo;entouraient, l&rsquo;aga\u00e7aient ou le frappaient avec la main ou des bandelettes de papyrus, lui r\u00e9pondaient \u00ab Tu lui courras apr\u00e8s, mais tu ne l&rsquo;attraperas pas \u00bb.<\/p>\n\n\n\n<p>Le nom du jeu pourrait venir de Jean Colin-Maillard, un guerrier hutois, ayant combattu le comte de Louvain au Xe si\u00e8cle et qui eut les yeux crev\u00e9s au cours d&rsquo;une bataille, mais continua \u00e0 se battre, frappant au hasard tout autour de lui. Le mot pourrait \u00e9galement d\u00e9river de \u00ab mail \u00bb, le maillet avec lequel le joueur aveugle chercherait ses adversaires.<\/p>\n\n\n\n<p>Une sculpture en pierre du sa femme Jeanne de Seille est aujourd\u2019hui dans l&rsquo;ancien Ch\u00e2teau de Landreville (Ardennes), demeure fran\u00e7aise de sa famille apr\u00e8s qu&rsquo;elle eut quitt\u00e9 la Belgique vers 1350.<\/p>\n\n\n\n<figure class=\"wp-block-image size-large\"><img loading=\"lazy\" decoding=\"async\" width=\"1024\" height=\"575\" src=\"http:\/\/leconservatoiredujeu.fr\/wp-content\/uploads\/2022\/05\/statue-colin-maillard-1024x575.jpg\" alt=\"\" class=\"wp-image-13139\" srcset=\"https:\/\/leconservatoiredujeu.fr\/wp-content\/uploads\/2022\/05\/statue-colin-maillard-1024x575.jpg 1024w, https:\/\/leconservatoiredujeu.fr\/wp-content\/uploads\/2022\/05\/statue-colin-maillard-300x169.jpg 300w, https:\/\/leconservatoiredujeu.fr\/wp-content\/uploads\/2022\/05\/statue-colin-maillard-768x432.jpg 768w, https:\/\/leconservatoiredujeu.fr\/wp-content\/uploads\/2022\/05\/statue-colin-maillard-500x281.jpg 500w, https:\/\/leconservatoiredujeu.fr\/wp-content\/uploads\/2022\/05\/statue-colin-maillard.jpg 1260w\" sizes=\"(max-width: 1024px) 100vw, 1024px\" \/><\/figure>\n\n\n\n<p><strong><u>Description des r\u00e8gles<\/u>&nbsp;:<\/strong><\/p>\n\n\n\n<p>Le chasseur a les yeux band\u00e9s et les chass\u00e9s tournent autour de lui (sans trop s&rsquo;\u00e9loigner) en \u00e9vitant de se faire toucher. Si le chasseur r\u00e9ussit \u00e0 toucher un autre joueur, celui-ci s&rsquo;immobilise et laisse le chasseur lui toucher le visage. Si le chasseur r\u00e9ussit \u00e0 reconna\u00eetre la personne au toucher, alors celle-ci prend la place du chasseur. Des variantes proposent de jouer avec une clochette ou une baguette.<\/p>\n\n\n\n<p>Pr\u00e9cautions : puisque l&rsquo;un des joueurs a les yeux band\u00e9s, il est important de jouer dans un espace sans obstacles, pour que ce joueur ne se fasse pas mal. Au XVIIIe si\u00e8cle o\u00f9 il est souvent repr\u00e9sent\u00e9 dans des peintures de sc\u00e8nes galantes, on lan\u00e7ait le cri d&rsquo;alerte \u00ab gare le pot au noir \u00bb ou \u00ab gare le pot \u00e0 la graisse \u00bb lorsque le chasseur risquait de se heurter \u00e0 un obstacle.<\/p>\n\n\n\n<figure class=\"wp-block-gallery columns-2 is-cropped wp-block-gallery-1 is-layout-flex wp-block-gallery-is-layout-flex\"><ul class=\"blocks-gallery-grid\"><li class=\"blocks-gallery-item\"><figure><img loading=\"lazy\" decoding=\"async\" width=\"612\" height=\"446\" src=\"http:\/\/leconservatoiredujeu.fr\/wp-content\/uploads\/2022\/05\/ancienne-photo-colin-maillard.jpg\" alt=\"\" data-id=\"13140\" data-link=\"http:\/\/leconservatoiredujeu.fr\/?attachment_id=13140\" class=\"wp-image-13140\" srcset=\"https:\/\/leconservatoiredujeu.fr\/wp-content\/uploads\/2022\/05\/ancienne-photo-colin-maillard.jpg 612w, https:\/\/leconservatoiredujeu.fr\/wp-content\/uploads\/2022\/05\/ancienne-photo-colin-maillard-300x219.jpg 300w, https:\/\/leconservatoiredujeu.fr\/wp-content\/uploads\/2022\/05\/ancienne-photo-colin-maillard-412x300.jpg 412w\" sizes=\"(max-width: 612px) 100vw, 612px\" \/><\/figure><\/li><li class=\"blocks-gallery-item\"><figure><img loading=\"lazy\" decoding=\"async\" width=\"673\" height=\"571\" src=\"http:\/\/leconservatoiredujeu.fr\/wp-content\/uploads\/2022\/05\/image-coli-maillard.jpg\" alt=\"\" data-id=\"13141\" data-full-url=\"http:\/\/leconservatoiredujeu.fr\/wp-content\/uploads\/2022\/05\/image-coli-maillard.jpg\" data-link=\"http:\/\/leconservatoiredujeu.fr\/?attachment_id=13141\" class=\"wp-image-13141\" srcset=\"https:\/\/leconservatoiredujeu.fr\/wp-content\/uploads\/2022\/05\/image-coli-maillard.jpg 673w, https:\/\/leconservatoiredujeu.fr\/wp-content\/uploads\/2022\/05\/image-coli-maillard-300x255.jpg 300w, https:\/\/leconservatoiredujeu.fr\/wp-content\/uploads\/2022\/05\/image-coli-maillard-354x300.jpg 354w\" sizes=\"(max-width: 673px) 100vw, 673px\" \/><\/figure><\/li><\/ul><\/figure>\n\n\n\n<p><strong><u>Source<\/u>\u00a0:<\/strong> Wikip\u00e9dia<\/p>\n\n\n\n<p class=\"has-text-align-right\">Le Conservatoire du Jeu &#8211; Mai 2022<\/p>\n","protected":false},"excerpt":{"rendered":"<p>Historique&nbsp;: En Gr\u00e8ce antique, on pratiquait une sorte de colin-maillard appel\u00e9 la mouche de bronze, (en grec : \u03c7\u03b1\u03bb\u03ba\u1fc6 \u03bc\u03c5\u1fd6\u03b18). Il est notamment d\u00e9crit par Su\u00e9tone et par Pollux. Le jeu \u00e9tait accompagn\u00e9 de deux vers par\u00e9miaques. L&rsquo;enfant aux yeux &hellip; <a href=\"https:\/\/leconservatoiredujeu.fr\/index.php\/colin-maillard\/\">Continuer la lecture <span class=\"meta-nav\">&rarr;<\/span><\/a><\/p>\n","protected":false},"author":3,"featured_media":0,"parent":0,"menu_order":0,"comment_status":"closed","ping_status":"closed","template":"","meta":{"footnotes":""},"_links":{"self":[{"href":"https:\/\/leconservatoiredujeu.fr\/index.php\/wp-json\/wp\/v2\/pages\/13137"}],"collection":[{"href":"https:\/\/leconservatoiredujeu.fr\/index.php\/wp-json\/wp\/v2\/pages"}],"about":[{"href":"https:\/\/leconservatoiredujeu.fr\/index.php\/wp-json\/wp\/v2\/types\/page"}],"author":[{"embeddable":true,"href":"https:\/\/leconservatoiredujeu.fr\/index.php\/wp-json\/wp\/v2\/users\/3"}],"replies":[{"embeddable":true,"href":"https:\/\/leconservatoiredujeu.fr\/index.php\/wp-json\/wp\/v2\/comments?post=13137"}],"version-history":[{"count":1,"href":"https:\/\/leconservatoiredujeu.fr\/index.php\/wp-json\/wp\/v2\/pages\/13137\/revisions"}],"predecessor-version":[{"id":13142,"href":"https:\/\/leconservatoiredujeu.fr\/index.php\/wp-json\/wp\/v2\/pages\/13137\/revisions\/13142"}],"wp:attachment":[{"href":"https:\/\/leconservatoiredujeu.fr\/index.php\/wp-json\/wp\/v2\/media?parent=13137"}],"curies":[{"name":"wp","href":"https:\/\/api.w.org\/{rel}","templated":true}]}}