{"id":13029,"date":"2022-05-02T15:38:02","date_gmt":"2022-05-02T13:38:02","guid":{"rendered":"http:\/\/leconservatoiredujeu.fr\/?page_id=13029"},"modified":"2022-05-02T15:38:02","modified_gmt":"2022-05-02T13:38:02","slug":"molkky","status":"publish","type":"page","link":"https:\/\/leconservatoiredujeu.fr\/index.php\/molkky\/","title":{"rendered":"M\u00f6lkky"},"content":{"rendered":"\n<div class=\"wp-block-image\"><figure class=\"aligncenter size-large is-resized\"><img loading=\"lazy\" decoding=\"async\" src=\"http:\/\/leconservatoiredujeu.fr\/wp-content\/uploads\/2022\/05\/Molkky-1024x684.jpg\" alt=\"\" class=\"wp-image-13030\" width=\"450\" height=\"303\"\/><\/figure><\/div>\n\n\n\n<p><strong><u>Historique<\/u>&nbsp;:<\/strong><\/p>\n\n\n\n<p>Le m\u00f6lkky est un jeu d&rsquo;adresse invent\u00e9 par l&rsquo;entreprise finlandaise Lahden Paikka (anciennement Tuoterengas) en 1996, inspir\u00e9 du kyykk\u00e4, un jeu traditionnel finlandais de lancer ayant ses origines en Car\u00e9lie. Le M\u00f6lkky se pratique en plein air.<\/p>\n\n\n\n<p>L&rsquo;objectif du m\u00f6lkky est de marquer exactement cinquante points en renversant des quilles num\u00e9rot\u00e9es de 1 \u00e0 12, en lan\u00e7ant une fois par tour un b\u00e2ton de bois. Ne demandant pas la force n\u00e9cessaire du kyykk\u00e4, le m\u00f6lkky peut se pratiquer sans distinction d&rsquo;\u00e2ge ou de condition physique. La comptabilisation des points se fait soit sur la valeur de la quille si une seule quille est touch\u00e9e, soit sur le nombre de quilles tomb\u00e9es s&rsquo;il y en a plusieurs.<\/p>\n\n\n\n<p>Comme peuvent en t\u00e9moigner certains \u00e9crits sur le sujet datant de la fin du 19\u00e8me si\u00e8cle, des soldats finlandais jouaient d\u00e9j\u00e0 au Kyykk\u00e4 en temps de guerre en Car\u00e9lie (r\u00e9gion allant de la Finlande \u00e0 la Russie) d\u2019o\u00f9 son autre nom de quilles car\u00e9liennes. A l\u2019aube du 20\u00e8me si\u00e8cle, de nombreux car\u00e9liens \u00e9migrent vers la Finlande pour \u00e9chapper \u00e0 la guerre civile qui fait rage. Cet exode leur permettra de faire d\u00e9couvrir aux finlandais le Kyykk\u00e4.<\/p>\n\n\n\n<figure class=\"wp-block-gallery aligncenter columns-2 is-cropped wp-block-gallery-1 is-layout-flex wp-block-gallery-is-layout-flex\"><ul class=\"blocks-gallery-grid\"><li class=\"blocks-gallery-item\"><figure><img loading=\"lazy\" decoding=\"async\" width=\"420\" height=\"408\" src=\"http:\/\/leconservatoiredujeu.fr\/wp-content\/uploads\/2022\/05\/kyykka.jpg\" alt=\"\" data-id=\"13031\" data-link=\"http:\/\/leconservatoiredujeu.fr\/?attachment_id=13031\" class=\"wp-image-13031\" srcset=\"https:\/\/leconservatoiredujeu.fr\/wp-content\/uploads\/2022\/05\/kyykka.jpg 420w, https:\/\/leconservatoiredujeu.fr\/wp-content\/uploads\/2022\/05\/kyykka-300x291.jpg 300w, https:\/\/leconservatoiredujeu.fr\/wp-content\/uploads\/2022\/05\/kyykka-309x300.jpg 309w\" sizes=\"(max-width: 420px) 100vw, 420px\" \/><\/figure><\/li><li class=\"blocks-gallery-item\"><figure><img loading=\"lazy\" decoding=\"async\" width=\"667\" height=\"1024\" src=\"http:\/\/leconservatoiredujeu.fr\/wp-content\/uploads\/2022\/05\/photo-gagnant-kyykka-778x1195-1-667x1024.jpg\" alt=\"\" data-id=\"13032\" data-full-url=\"http:\/\/leconservatoiredujeu.fr\/wp-content\/uploads\/2022\/05\/photo-gagnant-kyykka-778x1195-1.jpg\" data-link=\"http:\/\/leconservatoiredujeu.fr\/?attachment_id=13032\" class=\"wp-image-13032\" srcset=\"https:\/\/leconservatoiredujeu.fr\/wp-content\/uploads\/2022\/05\/photo-gagnant-kyykka-778x1195-1-667x1024.jpg 667w, https:\/\/leconservatoiredujeu.fr\/wp-content\/uploads\/2022\/05\/photo-gagnant-kyykka-778x1195-1-195x300.jpg 195w, https:\/\/leconservatoiredujeu.fr\/wp-content\/uploads\/2022\/05\/photo-gagnant-kyykka-778x1195-1-768x1180.jpg 768w, https:\/\/leconservatoiredujeu.fr\/wp-content\/uploads\/2022\/05\/photo-gagnant-kyykka-778x1195-1.jpg 778w\" sizes=\"(max-width: 667px) 100vw, 667px\" \/><\/figure><\/li><\/ul><\/figure>\n\n\n\n<p><strong><u>Les r\u00e8gles du jeu<\/u>&nbsp;:<\/strong><\/p>\n\n\n\n<p>Le jeu peut se jouer de deux \u00e0 plusieurs joueurs mais aussi par \u00e9quipes (compos\u00e9es de deux \u00e0 quatre joueurs).<\/p>\n\n\n\n<p>Le joueur lance le tikku dans les quilles, plac\u00e9es \u00e0 3,50 m\u00e8tres6. Le pointage du joueur d\u00e9pend du nombre de quilles renvers\u00e9es :<\/p>\n\n\n\n<p>S&rsquo;il fait tomber une quille, il marque la valeur de la quille.<\/p>\n\n\n\n<p>S&rsquo;il fait tomber plusieurs quilles, il marque le nombre de quilles tomb\u00e9es (si toutes les quilles tombent, le joueur marque donc douze points).<\/p>\n\n\n\n<p>Si une quille n&rsquo;est pas compl\u00e8tement allong\u00e9e au sol et qu&rsquo;elle se trouve en \u00e9quilibre sur une autre ou sur le m\u00f6lkky (le lanceur), elle n&rsquo;est pas compt\u00e9e.<\/p>\n\n\n\n<p>Les quilles tomb\u00e9es sont ensuite relev\u00e9es sur leur pied, num\u00e9ro face \u00e0 la zone de lancer, juste l\u00e0 o\u00f9 elles se trouvent et sans les soulever du sol. Ainsi la configuration de l&rsquo;aire de jeu \u00e9volue. Chaque joueur r\u00e9alise un lancer \u00e0 tour de r\u00f4le et il est fait autant de tours que n\u00e9cessaire.<\/p>\n\n\n\n<p>Si un joueur (ou une \u00e9quipe) ne marque pas de point trois fois cons\u00e9cutivement, il est \u00e9limin\u00e9. Si plusieurs joueurs sont \u00e9limin\u00e9s, le dernier restant est le vainqueur, quand bien m\u00eame les 50 points ne seraient pas atteints.<\/p>\n\n\n\n<figure class=\"wp-block-gallery aligncenter columns-2 is-cropped wp-block-gallery-2 is-layout-flex wp-block-gallery-is-layout-flex\"><ul class=\"blocks-gallery-grid\"><li class=\"blocks-gallery-item\"><figure><img loading=\"lazy\" decoding=\"async\" width=\"465\" height=\"250\" src=\"http:\/\/leconservatoiredujeu.fr\/wp-content\/uploads\/2022\/05\/Playing_Molkky_2.jpg\" alt=\"\" data-id=\"13033\" data-link=\"http:\/\/leconservatoiredujeu.fr\/?attachment_id=13033\" class=\"wp-image-13033\" srcset=\"https:\/\/leconservatoiredujeu.fr\/wp-content\/uploads\/2022\/05\/Playing_Molkky_2.jpg 465w, https:\/\/leconservatoiredujeu.fr\/wp-content\/uploads\/2022\/05\/Playing_Molkky_2-300x161.jpg 300w\" sizes=\"(max-width: 465px) 100vw, 465px\" \/><\/figure><\/li><li class=\"blocks-gallery-item\"><figure><img loading=\"lazy\" decoding=\"async\" width=\"1024\" height=\"683\" src=\"http:\/\/leconservatoiredujeu.fr\/wp-content\/uploads\/2022\/05\/manomano-jeux-quilles-suedoises-diy-ambiance-3-1024x683.jpg\" alt=\"\" data-id=\"13034\" data-full-url=\"http:\/\/leconservatoiredujeu.fr\/wp-content\/uploads\/2022\/05\/manomano-jeux-quilles-suedoises-diy-ambiance-3.jpg\" data-link=\"http:\/\/leconservatoiredujeu.fr\/?attachment_id=13034\" class=\"wp-image-13034\" srcset=\"https:\/\/leconservatoiredujeu.fr\/wp-content\/uploads\/2022\/05\/manomano-jeux-quilles-suedoises-diy-ambiance-3-1024x683.jpg 1024w, https:\/\/leconservatoiredujeu.fr\/wp-content\/uploads\/2022\/05\/manomano-jeux-quilles-suedoises-diy-ambiance-3-300x200.jpg 300w, https:\/\/leconservatoiredujeu.fr\/wp-content\/uploads\/2022\/05\/manomano-jeux-quilles-suedoises-diy-ambiance-3-768x512.jpg 768w, https:\/\/leconservatoiredujeu.fr\/wp-content\/uploads\/2022\/05\/manomano-jeux-quilles-suedoises-diy-ambiance-3-450x300.jpg 450w, https:\/\/leconservatoiredujeu.fr\/wp-content\/uploads\/2022\/05\/manomano-jeux-quilles-suedoises-diy-ambiance-3.jpg 1500w\" sizes=\"(max-width: 1024px) 100vw, 1024px\" \/><\/figure><\/li><\/ul><\/figure>\n\n\n\n<p>Le vainqueur est celui qui marque exactement 50 points. Si cette marque est d\u00e9pass\u00e9e, le pointage du joueur ou de l&rsquo;\u00e9quipe redescend \u00e0 25.<\/p>\n\n\n\n<p>Donc \u00e0 l&rsquo;approche des 50 points, le joueur doit \u00eatre prudent et ne renverser que la ou les quilles susceptibles de lui faire atteindre ces 50 points par leur valeur (si une seule quille tombe) ou leur nombre (si plusieurs quilles tombent). Si par exemple son pointage est de 48, le joueur doit faire tomber deux quilles quelconques ou la quille num\u00e9ro 2, et seulement celle-ci. Si le pointage est de 49, la seule solution consiste \u00e0 faire tomber la quille num\u00e9ro 1 et aucune autre.<\/p>\n\n\n\n<p>Le premier joueur ou la premi\u00e8re \u00e9quipe \u00e0 atteindre les 50 points, gagne la partie.<\/p>\n\n\n\n<p><strong><u>Les Variantes<\/u>&nbsp;:<\/strong><\/p>\n\n\n\n<p>On trouve \u00e9galement des variantes aux r\u00e8gles traditionnelles, ces variantes ne sont pas accept\u00e9es en tournois officiels comme par exemple&nbsp;:<\/p>\n\n\n\n<p><strong>M\u00f6lkky impair perd&nbsp;:<\/strong><\/p>\n\n\n\n<p>Ce jeu oblige les joueurs \u00e0 \u00eatre plus pr\u00e9cis puisque seules les quilles paires permettent de gagner des points :&nbsp;&nbsp;&nbsp;&nbsp;&nbsp;&nbsp;&nbsp;&nbsp;&nbsp;&nbsp;&nbsp;&nbsp;&nbsp;&nbsp;&nbsp;&nbsp;&nbsp;&nbsp;&nbsp;&nbsp;&nbsp;&nbsp;&nbsp;&nbsp;&nbsp;&nbsp;&nbsp;&nbsp;&nbsp;&nbsp;&nbsp;&nbsp;&nbsp;&nbsp;&nbsp;&nbsp;&nbsp;&nbsp;&nbsp;&nbsp;&nbsp;&nbsp;&nbsp;&nbsp;&nbsp;&nbsp;&nbsp;&nbsp;&nbsp;&nbsp;&nbsp;&nbsp;&nbsp;&nbsp;&nbsp;&nbsp;&nbsp;&nbsp;&nbsp;&nbsp;&nbsp;&nbsp;&nbsp;&nbsp;&nbsp;&nbsp;&nbsp;&nbsp;&nbsp;&nbsp;&nbsp;&nbsp;&nbsp;&nbsp;&nbsp;&nbsp;&nbsp;&nbsp;&nbsp;&nbsp;&nbsp;&nbsp;&nbsp;&nbsp;&nbsp;&nbsp;&nbsp;&nbsp;&nbsp;&nbsp;&nbsp;&nbsp;&nbsp;&nbsp;&nbsp;&nbsp;&nbsp;&nbsp;&nbsp;&nbsp;&nbsp;&nbsp;&nbsp;&nbsp;&nbsp;&nbsp;&nbsp;&nbsp;&nbsp;&nbsp;&nbsp;&nbsp;&nbsp;&nbsp;&nbsp;&nbsp;&nbsp;&nbsp;&nbsp;&nbsp;&nbsp;&nbsp;&nbsp;&nbsp;&nbsp;&nbsp;&nbsp;&nbsp;&nbsp;&nbsp;&nbsp;&nbsp;&nbsp;&nbsp;&nbsp;&nbsp;&nbsp;&nbsp;&nbsp;&nbsp;&nbsp;&nbsp;&nbsp;&nbsp;&nbsp;&nbsp;&nbsp;&nbsp;&nbsp;&nbsp;&nbsp;&nbsp;&nbsp;&nbsp;&nbsp;&nbsp;&nbsp;&nbsp;&nbsp;&nbsp;&nbsp;&nbsp;&nbsp;&nbsp;&nbsp;&nbsp;&nbsp;&nbsp;&nbsp;&nbsp;&nbsp;&nbsp;&nbsp;&nbsp;&nbsp;&nbsp;&nbsp;&nbsp;&nbsp;&nbsp;&nbsp;&nbsp;&nbsp;&nbsp;&nbsp;&nbsp;&nbsp;&nbsp;&nbsp;&nbsp;&nbsp;&nbsp;&nbsp;&nbsp;&nbsp;&nbsp;&nbsp;&nbsp;&nbsp;&nbsp;&nbsp;&nbsp; &nbsp;&nbsp;&nbsp;&nbsp;&nbsp;&nbsp;&nbsp;&nbsp;&nbsp;&nbsp;<\/p>\n\n\n\n<p>Le premier tour, chaque joueur ou \u00e9quipe doit au moins faire tomber 3 quilles, sinon il perd 3 points moins le nombre de quilles tomb\u00e9es. Aucun point n&rsquo;est marqu\u00e9 le premier tour, il permet juste de pr\u00e9parer la partie.<\/p>\n\n\n\n<p>Le premier tour termin\u00e9 :<\/p>\n\n\n\n<p>Les scores pairs sont additionn\u00e9s au score du joueur;<\/p>\n\n\n\n<p>Les scores impairs sont d\u00e9duits du score du joueur (score arrondi au pair inf\u00e9rieur);<\/p>\n\n\n\n<p>Le premier joueur ou \u00e9quipe atteignant les 50 points a gagn\u00e9.<\/p>\n\n\n\n<p><strong>M\u00f6lkky breton&nbsp;:<\/strong><\/p>\n\n\n\n<p>M\u00eames r\u00e8gles que les r\u00e8gles traditionnelles, mais il faut marquer des points en passant imp\u00e9rativement par les quatre d\u00e9partements bretons, quatre \u00e9tapes obligatoires : 22 pour les C\u00f4tes-d&rsquo;Armor, 29 pour le Finist\u00e8re, 35 pour l\u2019Ille-et-Vilaine et 56 pour le Morbihan. Le vainqueur est le premier \u00e0 atteindre 56.<\/p>\n\n\n\n<div class=\"wp-block-image\"><figure class=\"aligncenter size-full is-resized\"><img loading=\"lazy\" decoding=\"async\" src=\"http:\/\/leconservatoiredujeu.fr\/wp-content\/uploads\/2022\/05\/carte-departements-region-bretagne.gif\" alt=\"\" class=\"wp-image-13035\" width=\"366\" height=\"287\"\/><\/figure><\/div>\n\n\n\n<p><strong>La Marseillaise&nbsp;:<\/strong><\/p>\n\n\n\n<p>M\u00eames r\u00e8gles que les r\u00e8gles traditionnelles, mais il faut atteindre 51 points au lieu de 50.<\/p>\n\n\n\n<p><strong>M\u00e9molkky&nbsp;:<\/strong><\/p>\n\n\n\n<p>M\u00eames r\u00e8gles que les r\u00e8gles traditionnelles, mais les num\u00e9ros des quilles sont face cach\u00e9e.<\/p>\n\n\n\n<p><strong>Avec ou sans annonce&nbsp;:<\/strong><\/p>\n\n\n\n<p>Le principe est d&rsquo;annoncer, avant de lancer, les quilles que l&rsquo;on va faire tomber. Si l&rsquo;on arrive \u00e0 faire tomber les quilles pr\u00e9vues, on double les points marqu\u00e9s. \u00c0 l&rsquo;inverse on soustrait de son score les points qui auraient d\u00fb \u00eatre marqu\u00e9s.<\/p>\n\n\n\n<p><strong>50 Zap&nbsp;:<\/strong><\/p>\n\n\n\n<p>Adaptation de la variante 321 Zap du jeu des fl\u00e9chettes. Si un joueur \u00e9galise le score d&rsquo;un autre joueur, ce dernier redescend \u00e0 0.<\/p>\n\n\n\n<p>Il existe aussi une variante similaire, qui consiste \u00e0 faire redescendre le joueur \u00e9galis\u00e9 \u00e0 son score pr\u00e9c\u00e9dent.<\/p>\n\n\n\n<div class=\"wp-block-image\"><figure class=\"aligncenter size-large is-resized\"><img loading=\"lazy\" decoding=\"async\" src=\"http:\/\/leconservatoiredujeu.fr\/wp-content\/uploads\/2022\/05\/fabriquer_un_molky6-1024x683.jpg\" alt=\"\" class=\"wp-image-13036\" width=\"444\" height=\"297\" srcset=\"https:\/\/leconservatoiredujeu.fr\/wp-content\/uploads\/2022\/05\/fabriquer_un_molky6-1024x683.jpg 1024w, https:\/\/leconservatoiredujeu.fr\/wp-content\/uploads\/2022\/05\/fabriquer_un_molky6-300x200.jpg 300w, https:\/\/leconservatoiredujeu.fr\/wp-content\/uploads\/2022\/05\/fabriquer_un_molky6-768x512.jpg 768w, https:\/\/leconservatoiredujeu.fr\/wp-content\/uploads\/2022\/05\/fabriquer_un_molky6-1536x1024.jpg 1536w, https:\/\/leconservatoiredujeu.fr\/wp-content\/uploads\/2022\/05\/fabriquer_un_molky6-2048x1365.jpg 2048w, https:\/\/leconservatoiredujeu.fr\/wp-content\/uploads\/2022\/05\/fabriquer_un_molky6-450x300.jpg 450w\" sizes=\"(max-width: 444px) 100vw, 444px\" \/><\/figure><\/div>\n\n\n\n<p><strong><u>Source<\/u>&nbsp;:<\/strong> Wikip\u00e9dia<\/p>\n\n\n\n<p><strong><u>Cr\u00e9dits photo<\/u>\u00a0:<\/strong> L\u2019escale \u00e0 Jeu.fr, Wikip\u00e9dia<\/p>\n\n\n\n<p class=\"has-text-align-right\">Le Conservatoire du Jeu &#8211; Mai 2022<\/p>\n","protected":false},"excerpt":{"rendered":"<p>Historique&nbsp;: Le m\u00f6lkky est un jeu d&rsquo;adresse invent\u00e9 par l&rsquo;entreprise finlandaise Lahden Paikka (anciennement Tuoterengas) en 1996, inspir\u00e9 du kyykk\u00e4, un jeu traditionnel finlandais de lancer ayant ses origines en Car\u00e9lie. Le M\u00f6lkky se pratique en plein air. L&rsquo;objectif du &hellip; <a href=\"https:\/\/leconservatoiredujeu.fr\/index.php\/molkky\/\">Continuer la lecture <span class=\"meta-nav\">&rarr;<\/span><\/a><\/p>\n","protected":false},"author":3,"featured_media":0,"parent":0,"menu_order":0,"comment_status":"closed","ping_status":"closed","template":"","meta":{"footnotes":""},"_links":{"self":[{"href":"https:\/\/leconservatoiredujeu.fr\/index.php\/wp-json\/wp\/v2\/pages\/13029"}],"collection":[{"href":"https:\/\/leconservatoiredujeu.fr\/index.php\/wp-json\/wp\/v2\/pages"}],"about":[{"href":"https:\/\/leconservatoiredujeu.fr\/index.php\/wp-json\/wp\/v2\/types\/page"}],"author":[{"embeddable":true,"href":"https:\/\/leconservatoiredujeu.fr\/index.php\/wp-json\/wp\/v2\/users\/3"}],"replies":[{"embeddable":true,"href":"https:\/\/leconservatoiredujeu.fr\/index.php\/wp-json\/wp\/v2\/comments?post=13029"}],"version-history":[{"count":1,"href":"https:\/\/leconservatoiredujeu.fr\/index.php\/wp-json\/wp\/v2\/pages\/13029\/revisions"}],"predecessor-version":[{"id":13038,"href":"https:\/\/leconservatoiredujeu.fr\/index.php\/wp-json\/wp\/v2\/pages\/13029\/revisions\/13038"}],"wp:attachment":[{"href":"https:\/\/leconservatoiredujeu.fr\/index.php\/wp-json\/wp\/v2\/media?parent=13029"}],"curies":[{"name":"wp","href":"https:\/\/api.w.org\/{rel}","templated":true}]}}