{"id":13024,"date":"2022-05-02T15:30:13","date_gmt":"2022-05-02T13:30:13","guid":{"rendered":"http:\/\/leconservatoiredujeu.fr\/?page_id=13024"},"modified":"2022-05-02T15:30:13","modified_gmt":"2022-05-02T13:30:13","slug":"serpents-et-echelles","status":"publish","type":"page","link":"https:\/\/leconservatoiredujeu.fr\/index.php\/serpents-et-echelles\/","title":{"rendered":"Serpents et \u00c9chelles"},"content":{"rendered":"\n<div class=\"wp-block-image\"><figure class=\"aligncenter size-full is-resized\"><img loading=\"lazy\" decoding=\"async\" src=\"http:\/\/leconservatoiredujeu.fr\/wp-content\/uploads\/2022\/05\/serpents-et-echelles-1.jpg\" alt=\"\" class=\"wp-image-13025\" width=\"251\" height=\"300\"\/><\/figure><\/div>\n\n\n\n<p><strong><u>Historique<\/u>&nbsp;:<\/strong><\/p>\n\n\n\n<p>Il est sugg\u00e9r\u00e9 que l&rsquo;origine du jeu est moksha-patamu, un ancien jeu hindou remontant au IIe si\u00e8cle av. J.-C., cr\u00e9\u00e9 par des enseignants hindous spirituels, o\u00f9 les serpents et \u00e9chelles sont des symboles pour la moralit\u00e9 et spiritualit\u00e9 de la vie. Le jeu est une repr\u00e9sentation d&rsquo;un chemin spirituel que les humains prennent pour atteindre le ciel. Avec des bonnes actions, le chemin est raccourci (ce que symbolisent les \u00e9chelles), tandis qu&rsquo;avec des mauvaises actions, le chemin est allong\u00e9 (ce que symbolisent les serpents). Les diff\u00e9rentes cultures ont per\u00e7u dans le jeu une valeur \u00e9ducative et spirituelle, la raison commune pour laquelle ce jeu est surtout pr\u00e9sent\u00e9 aux enfants et adolescents. Les sanscrits avaient un jeu semblable appel\u00e9 Dapasada. La forme moderne du jeu a \u00e9t\u00e9 invent\u00e9e par un Britannique appel\u00e9 John Jaques qui travaillait pour la soci\u00e9t\u00e9 Jaques of London.<\/p>\n\n\n\n<div class=\"wp-block-image\"><figure class=\"aligncenter size-full is-resized\"><img loading=\"lazy\" decoding=\"async\" src=\"http:\/\/leconservatoiredujeu.fr\/wp-content\/uploads\/2022\/05\/moshka-patanu.jpg\" alt=\"\" class=\"wp-image-13026\" width=\"308\" height=\"410\"\/><figcaption> Jeu moksha-patamu <\/figcaption><\/figure><\/div>\n\n\n\n<p><strong><u>Les r\u00e8gles du Jeu<\/u>&nbsp;:<\/strong><\/p>\n\n\n\n<p>Pour commencer le plus jeune des joueurs lance le d\u00e9 et avance son pion du nombre indiqu\u00e9 sur le d\u00e9.<\/p>\n\n\n\n<p>Le pion arrive sur le bas d\u2019une \u00e9chelle, on monte dans la case o\u00f9 il y a le haut de l\u2019\u00e9chelle.<\/p>\n\n\n\n<p>Le pion arrive sur la queue du serpent, on descend dans la case o\u00f9 il y a la t\u00eate du serpent.<\/p>\n\n\n\n<p>Le pion arrive sur une case normale, on ne bouge pas.<\/p>\n\n\n\n<p>Le pion arrive sur une case d\u00e9j\u00e0 occup\u00e9e, on retourne au d\u00e9part.<\/p>\n\n\n\n<p>Chaque joueur joue \u00e0 tour de r\u00f4le, le deuxi\u00e8me \u00e0 jouer est celui qui est \u00e0 gauche du premier et<\/p>\n\n\n\n<p>Ainsi de suite\u2026<\/p>\n\n\n\n<p>Pour gagner, il faut arriver pile sur la case 100 sinon on recule du nombre de points restants.<\/p>\n\n\n\n<div class=\"wp-block-image\"><figure class=\"aligncenter size-large is-resized\"><img loading=\"lazy\" decoding=\"async\" src=\"http:\/\/leconservatoiredujeu.fr\/wp-content\/uploads\/2022\/05\/echelle-et-serpent-2-1024x1024.jpeg\" alt=\"\" class=\"wp-image-13027\" width=\"383\" height=\"387\"\/><\/figure><\/div>\n\n\n\n<p><strong><u>Source<\/u>&nbsp;: <\/strong>Wikip\u00e9dia<\/p>\n\n\n\n<p><strong><u>Cr\u00e9dits photo<\/u>\u00a0:<\/strong> Wikip\u00e9dia<\/p>\n\n\n\n<p class=\"has-text-align-right\">Le Conservatoire du Jeu &#8211; Mai 2022<\/p>\n","protected":false},"excerpt":{"rendered":"<p>Historique&nbsp;: Il est sugg\u00e9r\u00e9 que l&rsquo;origine du jeu est moksha-patamu, un ancien jeu hindou remontant au IIe si\u00e8cle av. J.-C., cr\u00e9\u00e9 par des enseignants hindous spirituels, o\u00f9 les serpents et \u00e9chelles sont des symboles pour la moralit\u00e9 et spiritualit\u00e9 de &hellip; <a href=\"https:\/\/leconservatoiredujeu.fr\/index.php\/serpents-et-echelles\/\">Continuer la lecture <span class=\"meta-nav\">&rarr;<\/span><\/a><\/p>\n","protected":false},"author":3,"featured_media":0,"parent":0,"menu_order":0,"comment_status":"closed","ping_status":"closed","template":"","meta":{"footnotes":""},"_links":{"self":[{"href":"https:\/\/leconservatoiredujeu.fr\/index.php\/wp-json\/wp\/v2\/pages\/13024"}],"collection":[{"href":"https:\/\/leconservatoiredujeu.fr\/index.php\/wp-json\/wp\/v2\/pages"}],"about":[{"href":"https:\/\/leconservatoiredujeu.fr\/index.php\/wp-json\/wp\/v2\/types\/page"}],"author":[{"embeddable":true,"href":"https:\/\/leconservatoiredujeu.fr\/index.php\/wp-json\/wp\/v2\/users\/3"}],"replies":[{"embeddable":true,"href":"https:\/\/leconservatoiredujeu.fr\/index.php\/wp-json\/wp\/v2\/comments?post=13024"}],"version-history":[{"count":1,"href":"https:\/\/leconservatoiredujeu.fr\/index.php\/wp-json\/wp\/v2\/pages\/13024\/revisions"}],"predecessor-version":[{"id":13028,"href":"https:\/\/leconservatoiredujeu.fr\/index.php\/wp-json\/wp\/v2\/pages\/13024\/revisions\/13028"}],"wp:attachment":[{"href":"https:\/\/leconservatoiredujeu.fr\/index.php\/wp-json\/wp\/v2\/media?parent=13024"}],"curies":[{"name":"wp","href":"https:\/\/api.w.org\/{rel}","templated":true}]}}