{"id":13019,"date":"2022-05-02T15:26:19","date_gmt":"2022-05-02T13:26:19","guid":{"rendered":"http:\/\/leconservatoiredujeu.fr\/?page_id=13019"},"modified":"2022-05-02T15:26:19","modified_gmt":"2022-05-02T13:26:19","slug":"petits-chevaux","status":"publish","type":"page","link":"https:\/\/leconservatoiredujeu.fr\/index.php\/petits-chevaux\/","title":{"rendered":"Petits Chevaux"},"content":{"rendered":"\n<div class=\"wp-block-image\"><figure class=\"aligncenter size-full is-resized\"><img loading=\"lazy\" decoding=\"async\" src=\"http:\/\/leconservatoiredujeu.fr\/wp-content\/uploads\/2022\/05\/petits-cheveaux-1.jpg\" alt=\"\" class=\"wp-image-13020\" width=\"311\" height=\"315\"\/><\/figure><\/div>\n\n\n\n<p><strong><u>Historique<\/u>&nbsp;:<\/strong><\/p>\n\n\n\n<p>Plusieurs jeux se ressemblent beaucoup : le Pachisi (indien), le Parcheesi (version sous marque du Pachisi), le patolli (m\u00e9so-am\u00e9ricain), le Ludo et le jeu des petits chevaux. Tous ont un tablier en forme de croix.<\/p>\n\n\n\n<p>Le yunnori cor\u00e9en, d&rsquo;origine chinoise, nomm\u00e9 \u00ab siwei xi \u00bb (\u56db\u7ef4\u620f, s\u00ec w\u00e9i x\u00ec) sous la dynastie Han (-206 \u2013 220), a des r\u00e8gles similaires ; les pions sont \u00e9galement appel\u00e9s chevaux, mais la forme du tablier est diff\u00e9rente.<\/p>\n\n\n\n<p>La filiation entre ces diff\u00e9rents jeux est attest\u00e9e par de nombreux historiens. Le Pachisi indien aurait \u00e9t\u00e9 introduit aux \u00c9tats-Unis au milieu du xixe si\u00e8cle devenant le Parcheesi. Le Ludo est apparu en Grande-Bretagne \u00e0 la fin du xixe si\u00e8cle. Il est inspir\u00e9 du Pachisi, du Parcheesi ou des deux.<\/p>\n\n\n\n<p>Le jeu des petits chevaux, probablement apparu autour de 1936 en France, est une variante de ces jeux pratiqu\u00e9s aux \u00c9tats-Unis et en Europe autour des ann\u00e9es 1900. Il se diff\u00e9rencie par l&rsquo;utilisation de pions-chevaux et par une r\u00e8gle originale d&rsquo;arriv\u00e9e des pions. Il n&rsquo;existe pas de refuge comme chez ses pr\u00e9d\u00e9cesseurs.<\/p>\n\n\n\n<div class=\"wp-block-image\"><figure class=\"aligncenter size-full is-resized\"><img loading=\"lazy\" decoding=\"async\" src=\"http:\/\/leconservatoiredujeu.fr\/wp-content\/uploads\/2022\/05\/ancien-petits-cheveaux.jpg\" alt=\"\" class=\"wp-image-13021\" width=\"345\" height=\"259\"\/><\/figure><\/div>\n\n\n\n<p><strong><u>R\u00e8gles du jeu<\/u>&nbsp;:<\/strong><\/p>\n\n\n\n<p>Deux \u00e0 quatre joueurs disposent chacun d&rsquo;un ou plusieurs pions-chevaux, et jouent en lan\u00e7ant un d\u00e9 \u00e0 tour de r\u00f4le. Un joueur doit d&rsquo;abord r\u00e9aliser un 6 avec le d\u00e9 pour pouvoir sortir un cheval de son \u00e9curie. Il doit ensuite lui faire parcourir toutes les cases situ\u00e9es \u00e0 la p\u00e9riph\u00e9rie du plateau, en le faisant avancer d&rsquo;un nombre de cases \u00e9gal au r\u00e9sultat du d\u00e9. Les pions sont avanc\u00e9s dans le sens des aiguilles d&rsquo;une montre.<\/p>\n\n\n\n<p>Il existe diff\u00e9rents cas particuliers. Ainsi, lorsqu&rsquo;un cheval arrive sur une case occup\u00e9e par un concurrent, il le renvoie dans son \u00e9curie (le d\u00e9part). En revanche, si le joueur arrive sur une case occup\u00e9e par un autre cheval de sa couleur, il arr\u00eate son pion juste derri\u00e8re. Enfin, un 6 obtenu sur le d\u00e9 permettent de rejouer.<\/p>\n\n\n\n<p>Apr\u00e8s que son pion ait fait le tour du plateau, le joueur doit faire le chiffre exact sur le d\u00e9 de sorte \u00e0 ce qu&rsquo;il s&rsquo;arr\u00eate devant son escalier. Par exemple, si le pion-cheval est situ\u00e9 \u00e0 trois cases du bas de l&rsquo;escalier, le joueur doit obtenir un 3 sur son d\u00e9 pour emmener son pion en bas de l&rsquo;escalier. Si le chiffre est trop grand, il avance son pion jusqu\u2019\u00e0 la case du bas de l&rsquo;escalier, puis le recul du nombre de cases correspondant \u00e0 la diff\u00e9rence entre le chiffre \u00e0 faire et le chiffre fait ; en reprenant l&rsquo;exemple : si le joueur obtient 4 avec le d\u00e9, il avancera le pion de trois cases, puis le reculera d&rsquo;une case.<\/p>\n\n\n\n<p>Une fois que le pion d&rsquo;un joueur se trouve dans la case situ\u00e9e devant l&rsquo;escalier de sa couleur, il doit remonter marche par marche jusqu&rsquo;au centre du jeu. Pour cela, le joueur doit obtenir \u00e0 chaque fois le chiffre exact inscrit dans la case, et un 6 pour arriver \u00e0 la coupe.<\/p>\n\n\n\n<p>La victoire est remport\u00e9e par le premier joueur qui arrive \u00e0 amener, selon les variantes, un ou plusieurs de ses pions-chevaux \u00e0 la coupe.<\/p>\n\n\n\n<p>Chaque joueur est libre de faire sortir le nombre de chevaux qu&rsquo;il d\u00e9sire, mais il ne peut d\u00e9placer qu&rsquo;un seul cheval par tour.<\/p>\n\n\n\n<div class=\"wp-block-image\"><figure class=\"aligncenter size-full is-resized\"><img loading=\"lazy\" decoding=\"async\" src=\"http:\/\/leconservatoiredujeu.fr\/wp-content\/uploads\/2022\/05\/chevaux.jpg\" alt=\"\" class=\"wp-image-13022\" width=\"381\" height=\"180\" srcset=\"https:\/\/leconservatoiredujeu.fr\/wp-content\/uploads\/2022\/05\/chevaux.jpg 327w, https:\/\/leconservatoiredujeu.fr\/wp-content\/uploads\/2022\/05\/chevaux-300x141.jpg 300w\" sizes=\"(max-width: 381px) 100vw, 381px\" \/><\/figure><\/div>\n\n\n\n<p class=\"has-text-align-right\">Le Conservatoire du Jeu &#8211; Mai 2022<\/p>\n","protected":false},"excerpt":{"rendered":"<p>Historique&nbsp;: Plusieurs jeux se ressemblent beaucoup : le Pachisi (indien), le Parcheesi (version sous marque du Pachisi), le patolli (m\u00e9so-am\u00e9ricain), le Ludo et le jeu des petits chevaux. Tous ont un tablier en forme de croix. Le yunnori cor\u00e9en, d&rsquo;origine &hellip; <a href=\"https:\/\/leconservatoiredujeu.fr\/index.php\/petits-chevaux\/\">Continuer la lecture <span class=\"meta-nav\">&rarr;<\/span><\/a><\/p>\n","protected":false},"author":3,"featured_media":0,"parent":0,"menu_order":0,"comment_status":"closed","ping_status":"closed","template":"","meta":{"footnotes":""},"_links":{"self":[{"href":"https:\/\/leconservatoiredujeu.fr\/index.php\/wp-json\/wp\/v2\/pages\/13019"}],"collection":[{"href":"https:\/\/leconservatoiredujeu.fr\/index.php\/wp-json\/wp\/v2\/pages"}],"about":[{"href":"https:\/\/leconservatoiredujeu.fr\/index.php\/wp-json\/wp\/v2\/types\/page"}],"author":[{"embeddable":true,"href":"https:\/\/leconservatoiredujeu.fr\/index.php\/wp-json\/wp\/v2\/users\/3"}],"replies":[{"embeddable":true,"href":"https:\/\/leconservatoiredujeu.fr\/index.php\/wp-json\/wp\/v2\/comments?post=13019"}],"version-history":[{"count":1,"href":"https:\/\/leconservatoiredujeu.fr\/index.php\/wp-json\/wp\/v2\/pages\/13019\/revisions"}],"predecessor-version":[{"id":13023,"href":"https:\/\/leconservatoiredujeu.fr\/index.php\/wp-json\/wp\/v2\/pages\/13019\/revisions\/13023"}],"wp:attachment":[{"href":"https:\/\/leconservatoiredujeu.fr\/index.php\/wp-json\/wp\/v2\/media?parent=13019"}],"curies":[{"name":"wp","href":"https:\/\/api.w.org\/{rel}","templated":true}]}}