{"id":13013,"date":"2022-05-02T15:22:23","date_gmt":"2022-05-02T13:22:23","guid":{"rendered":"http:\/\/leconservatoiredujeu.fr\/?page_id=13013"},"modified":"2022-05-02T15:22:23","modified_gmt":"2022-05-02T13:22:23","slug":"marelle","status":"publish","type":"page","link":"https:\/\/leconservatoiredujeu.fr\/index.php\/marelle\/","title":{"rendered":"Marelle"},"content":{"rendered":"\n<div class=\"wp-block-image\"><figure class=\"aligncenter size-large is-resized\"><img loading=\"lazy\" decoding=\"async\" src=\"http:\/\/leconservatoiredujeu.fr\/wp-content\/uploads\/2022\/05\/marelles-1-1024x766.jpg\" alt=\"\" class=\"wp-image-13014\" width=\"449\" height=\"337\" srcset=\"https:\/\/leconservatoiredujeu.fr\/wp-content\/uploads\/2022\/05\/marelles-1-1024x766.jpg 1024w, https:\/\/leconservatoiredujeu.fr\/wp-content\/uploads\/2022\/05\/marelles-1-300x225.jpg 300w, https:\/\/leconservatoiredujeu.fr\/wp-content\/uploads\/2022\/05\/marelles-1-768x575.jpg 768w, https:\/\/leconservatoiredujeu.fr\/wp-content\/uploads\/2022\/05\/marelles-1-401x300.jpg 401w, https:\/\/leconservatoiredujeu.fr\/wp-content\/uploads\/2022\/05\/marelles-1.jpg 1200w\" sizes=\"(max-width: 449px) 100vw, 449px\" \/><\/figure><\/div>\n\n\n\n<p><strong><u>Historique<\/u>&nbsp;:<\/strong><\/p>\n\n\n\n<p>C&rsquo;est un jeu tr\u00e8s ancien, que l&rsquo;on retrouve sur le forum de Rome.<\/p>\n\n\n\n<p>Au Moyen \u00c2ge, ce jeu est tr\u00e8s pratiqu\u00e9 et le dessin rappelle celui des \u00e9glises.<\/p>\n\n\n\n<p>La marelle (de merel, mereau, xiie si\u00e8cle, \u00ab palet, jeton, caillou \u00bb), ou palet, est un jeu enfantin pratiqu\u00e9 sur un sch\u00e9ma trac\u00e9 au sol, le plus souvent dans la cour de r\u00e9cr\u00e9ation des \u00e9coles primaires.<\/p>\n\n\n\n<p>Il en existe diverses variantes, la plupart mineures et diff\u00e9rant principalement par la forme du trac\u00e9 ou la longueur du parcours complet.<\/p>\n\n\n\n<p>Ce jeu participe au d\u00e9veloppement de l&rsquo;enfant en lui apprenant \u00e0 garder l&rsquo;\u00e9quilibre, \u00e0 am\u00e9liorer son adresse et aussi \u00e0 compter.<\/p>\n\n\n\n<div class=\"wp-block-image\"><figure class=\"aligncenter size-full is-resized\"><img loading=\"lazy\" decoding=\"async\" src=\"http:\/\/leconservatoiredujeu.fr\/wp-content\/uploads\/2022\/05\/marelles-forum-de-rome.jpg\" alt=\"\" class=\"wp-image-13015\" width=\"378\" height=\"285\"\/><figcaption> Marelle de la Rome Antique <\/figcaption><\/figure><\/div>\n\n\n\n<p><strong><u>Mat\u00e9riel<\/u>&nbsp;:<\/strong><\/p>\n\n\n\n<p>Il ne n\u00e9cessite que peu de choses pour y jouer :<\/p>\n\n\n\n<p>Une craie, du charbon de bois ou une pointe dure, selon la nature du sol, pour tracer le dessin ;<\/p>\n\n\n\n<p>Un caillou ou une petite bo\u00eete plate (de pr\u00e9f\u00e9rence m\u00e9tallique pour avoir un poids appropri\u00e9) par joueur.<\/p>\n\n\n\n<p>Il faut avoir un parcours ordonn\u00e9 dessin\u00e9 sur le sol, progressant de \u00ab terre \u00bb \u00e0 \u00ab ciel \u00bb. Apr\u00e8s avoir lanc\u00e9 un palet (souvent un caillou plat), les joueurs progressent dans les diff\u00e9rentes cases, principalement \u00e0 cloche-pied, tout en \u00e9vitant la case o\u00f9 se trouve le palet, ainsi que d&#8217;empi\u00e9ter sur les lignes du trac\u00e9. Le gagnant est celui qui le premier termine la totalit\u00e9 des parcours \u00e0 r\u00e9aliser.<\/p>\n\n\n\n<div class=\"wp-block-image\"><figure class=\"aligncenter size-full is-resized\"><img loading=\"lazy\" decoding=\"async\" src=\"http:\/\/leconservatoiredujeu.fr\/wp-content\/uploads\/2022\/05\/craie.jpg\" alt=\"\" class=\"wp-image-13016\" width=\"333\" height=\"222\" srcset=\"https:\/\/leconservatoiredujeu.fr\/wp-content\/uploads\/2022\/05\/craie.jpg 400w, https:\/\/leconservatoiredujeu.fr\/wp-content\/uploads\/2022\/05\/craie-300x200.jpg 300w\" sizes=\"(max-width: 333px) 100vw, 333px\" \/><\/figure><\/div>\n\n\n\n<p><strong><u>R\u00e8gles de jeu&nbsp;<\/u>:<\/strong><\/p>\n\n\n\n<p>Il n&rsquo;existe pas de r\u00e8gles officielles. Celles-ci se transmettent entre enfants, les plus jeunes se les partageant apr\u00e8s les avoir apprises des plus \u00e2g\u00e9s, g\u00e9n\u00e9ralement \u00e0 l&rsquo;\u00e9cole durant la r\u00e9cr\u00e9ation.<\/p>\n\n\n\n<p>\u00c0 partir de la \u00ab Terre \u00bb, chaque joueur, son tour venu, fait progresser son palet sur le parcours en le pla\u00e7ant sur la case qui convient. En d\u00e9but de jeu, il commence par la case num\u00e9rot\u00e9e \u00ab 1 \u00bb. Puis c&rsquo;est la case qui suit num\u00e9riquement si le tour pr\u00e9c\u00e9dent a \u00e9t\u00e9 r\u00e9ussi. Si le placement du palet est correct, c&rsquo;est-\u00e0-dire s&rsquo;il s&rsquo;arr\u00eate sur la bonne case, sans mordre sur une ligne, et \u00e9ventuellement si la m\u00e9thode utilis\u00e9e est conforme aux conventions, le joueur fait un aller-retour ordonn\u00e9 du parcours, sans mordre sur les lignes, sans poser le pied dans la case du palet, m\u00eame apr\u00e8s l&rsquo;avoir ramass\u00e9 juste avant de franchir sa case lors du trajet retour jusqu&rsquo;\u00e0 la \u00ab Terre \u00bb. Tant que le joueur ne commet pas d&rsquo;erreur, il poursuit son tour en continuant de faire progresser le palet. Dans le cas contraire, son tour se termine et, sauf exception, quand reviendra son tour, il repartira de son dernier placement de palet r\u00e9ussi.<\/p>\n\n\n\n<div class=\"wp-block-image\"><figure class=\"aligncenter size-full is-resized\"><img loading=\"lazy\" decoding=\"async\" src=\"http:\/\/leconservatoiredujeu.fr\/wp-content\/uploads\/2022\/05\/fille-marelles.jpg\" alt=\"\" class=\"wp-image-13017\" width=\"374\" height=\"258\" srcset=\"https:\/\/leconservatoiredujeu.fr\/wp-content\/uploads\/2022\/05\/fille-marelles.jpg 500w, https:\/\/leconservatoiredujeu.fr\/wp-content\/uploads\/2022\/05\/fille-marelles-300x206.jpg 300w, https:\/\/leconservatoiredujeu.fr\/wp-content\/uploads\/2022\/05\/fille-marelles-437x300.jpg 437w\" sizes=\"(max-width: 374px) 100vw, 374px\" \/><\/figure><\/div>\n\n\n\n<p><strong><u>Source<\/u>&nbsp;:<\/strong> Wikip\u00e9dia<\/p>\n\n\n\n<p><strong><u>Cr\u00e9dits photo<\/u>\u00a0:<\/strong> R\u00e8vedepan.com<\/p>\n\n\n\n<p class=\"has-text-align-right\">Le Conservatoire du Jeu &#8211; Mai 2022<\/p>\n","protected":false},"excerpt":{"rendered":"<p>Historique&nbsp;: C&rsquo;est un jeu tr\u00e8s ancien, que l&rsquo;on retrouve sur le forum de Rome. Au Moyen \u00c2ge, ce jeu est tr\u00e8s pratiqu\u00e9 et le dessin rappelle celui des \u00e9glises. La marelle (de merel, mereau, xiie si\u00e8cle, \u00ab palet, jeton, caillou &hellip; <a href=\"https:\/\/leconservatoiredujeu.fr\/index.php\/marelle\/\">Continuer la lecture <span class=\"meta-nav\">&rarr;<\/span><\/a><\/p>\n","protected":false},"author":3,"featured_media":0,"parent":0,"menu_order":0,"comment_status":"closed","ping_status":"closed","template":"","meta":{"footnotes":""},"_links":{"self":[{"href":"https:\/\/leconservatoiredujeu.fr\/index.php\/wp-json\/wp\/v2\/pages\/13013"}],"collection":[{"href":"https:\/\/leconservatoiredujeu.fr\/index.php\/wp-json\/wp\/v2\/pages"}],"about":[{"href":"https:\/\/leconservatoiredujeu.fr\/index.php\/wp-json\/wp\/v2\/types\/page"}],"author":[{"embeddable":true,"href":"https:\/\/leconservatoiredujeu.fr\/index.php\/wp-json\/wp\/v2\/users\/3"}],"replies":[{"embeddable":true,"href":"https:\/\/leconservatoiredujeu.fr\/index.php\/wp-json\/wp\/v2\/comments?post=13013"}],"version-history":[{"count":1,"href":"https:\/\/leconservatoiredujeu.fr\/index.php\/wp-json\/wp\/v2\/pages\/13013\/revisions"}],"predecessor-version":[{"id":13018,"href":"https:\/\/leconservatoiredujeu.fr\/index.php\/wp-json\/wp\/v2\/pages\/13013\/revisions\/13018"}],"wp:attachment":[{"href":"https:\/\/leconservatoiredujeu.fr\/index.php\/wp-json\/wp\/v2\/media?parent=13013"}],"curies":[{"name":"wp","href":"https:\/\/api.w.org\/{rel}","templated":true}]}}