{"id":12993,"date":"2022-05-02T15:08:37","date_gmt":"2022-05-02T13:08:37","guid":{"rendered":"http:\/\/leconservatoiredujeu.fr\/?page_id=12993"},"modified":"2022-05-02T15:08:37","modified_gmt":"2022-05-02T13:08:37","slug":"billard-hollandais","status":"publish","type":"page","link":"https:\/\/leconservatoiredujeu.fr\/index.php\/billard-hollandais\/","title":{"rendered":"Billard Hollandais"},"content":{"rendered":"\n<div class=\"wp-block-image\"><figure class=\"aligncenter size-large is-resized\"><img loading=\"lazy\" decoding=\"async\" src=\"http:\/\/leconservatoiredujeu.fr\/wp-content\/uploads\/2022\/05\/billard-hollandais-1-1024x735.jpg\" alt=\"\" class=\"wp-image-12994\" width=\"384\" height=\"278\"\/><\/figure><\/div>\n\n\n\n<p><strong><u>Historique<\/u>&nbsp;:<\/strong><\/p>\n\n\n\n<p>Le billard hollandais est un jeu d\u2019adresse originaire des Pays-Bas et fortement pratiqu\u00e9 en Bretagne. Il est \u00e9galement appel\u00e9 Schoelbak ou table \u00e0 glisser. Le jeu consiste \u00e0 r\u00e9aliser un maximum de points en lan\u00e7ant des palets dans des trous en fond de plateau.<\/p>\n\n\n\n<p>Le billard hollandais est inscrit \u00e0 l&rsquo;Inventaire du patrimoine culturel immat\u00e9riel en France.<\/p>\n\n\n\n<p>L\u2019anc\u00eatre du billard hollandais fut le jeu Anglais \u201cShuffleboard\u201d jou\u00e9 par la bourgeoisie au XVI\u00e8me si\u00e8cle.<\/p>\n\n\n\n<p>Ce jeu se jouait avec des pions m\u00e9talliques sur des tables de 9 m\u00e8tres de long. Le jeu, consid\u00e9r\u00e9 comme un jeu de hasard, fut interdit, dit-on, apr\u00e8s que le roi Henri VIII perdit 9 livres dans un jeu de Shuffleboard.<\/p>\n\n\n\n<p>On trouve des mentions de cette situation dans les \u0153uvres de Shakespeare.<\/p>\n\n\n\n<p>Les marins anglais auraient continu\u00e9 au jeu de palets sur les ponts en bois des navires en utilisant des pi\u00e8ces d\u2019argent.<\/p>\n\n\n\n<p>Comme trop de pi\u00e8ces passaient par-dessus bord elles furent remplac\u00e9es par des galets en bois.<\/p>\n\n\n\n<p>Depuis le XIX\u00e8me si\u00e8cle le jeu se joue dans sa forme actuelle (mod\u00e8le d\u00e9pos\u00e9).<\/p>\n\n\n\n<p>Dans les ann\u00e9es 60 la pratique de ce sport se d\u00e9veloppa fortement aux Pays-Bas et des comp\u00e9titions locales, nationales et internationales furent organis\u00e9es.<\/p>\n\n\n\n<div class=\"wp-block-image\"><figure class=\"aligncenter size-large is-resized\"><img loading=\"lazy\" decoding=\"async\" src=\"http:\/\/leconservatoiredujeu.fr\/wp-content\/uploads\/2022\/05\/shuffleboard-1024x1024.jpg\" alt=\"\" class=\"wp-image-12995\" width=\"303\" height=\"310\"\/><figcaption>Un ShuffleBoard<\/figcaption><\/figure><\/div>\n\n\n\n<p><strong><u>D\u00e9roulement d\u2019une partie&nbsp;<\/u>:<\/strong><\/p>\n\n\n\n<p>Les joueurs disposent de 30 palets en bois (un peu moins dans certaines f\u00eates pour que tout le monde puisse jouer). Ils doivent lancer ces palets sur le plateau de 2 m\u00e8tres de long et 40 centim\u00e8tres de large. Au fond de ce plateau sont dispos\u00e9s des cases, au nombre de quatre, sur 40 centim\u00e8tres de long, comprenant des trous de 6 centim\u00e8tres de diam\u00e8tre (les 5 centim\u00e8tres du palet + 1). Au premier essai, les joueurs lancent tous leurs palets. Ceux qui sont rentr\u00e9s dans les cases sont laiss\u00e9s comme tel, les autres sont relanc\u00e9s, idem pour le troisi\u00e8me tour. Ensuite c\u2019est le comptage des points : une ligne de palets (un dans chaque case) vaut 20 points. Pour les autres palets, tout d\u00e9pend de la case o\u00f9 ils se trouvent. Le maximum de points possible dans ce jeu est de 148 (avec 30 palets).<\/p>\n\n\n\n<div class=\"wp-block-image\"><figure class=\"aligncenter size-large\"><img loading=\"lazy\" decoding=\"async\" width=\"1024\" height=\"427\" src=\"http:\/\/leconservatoiredujeu.fr\/wp-content\/uploads\/2022\/05\/billards-hollandais-zoom-1024x427.jpg\" alt=\"\" class=\"wp-image-12996\" srcset=\"https:\/\/leconservatoiredujeu.fr\/wp-content\/uploads\/2022\/05\/billards-hollandais-zoom-1024x427.jpg 1024w, https:\/\/leconservatoiredujeu.fr\/wp-content\/uploads\/2022\/05\/billards-hollandais-zoom-300x125.jpg 300w, https:\/\/leconservatoiredujeu.fr\/wp-content\/uploads\/2022\/05\/billards-hollandais-zoom-768x320.jpg 768w, https:\/\/leconservatoiredujeu.fr\/wp-content\/uploads\/2022\/05\/billards-hollandais-zoom-500x208.jpg 500w, https:\/\/leconservatoiredujeu.fr\/wp-content\/uploads\/2022\/05\/billards-hollandais-zoom.jpg 1200w\" sizes=\"(max-width: 1024px) 100vw, 1024px\" \/><\/figure><\/div>\n\n\n\n<p><strong><u>Source&nbsp;<\/u>:<\/strong> Wikip\u00e9dia<\/p>\n\n\n\n<p><strong><u>Cr\u00e9dits photo<\/u>\u00a0:<\/strong> Agoralude.com<\/p>\n\n\n\n<p class=\"has-text-align-right\">Le Conservatoire du Jeu &#8211; Mai 2022<\/p>\n","protected":false},"excerpt":{"rendered":"<p>Historique&nbsp;: Le billard hollandais est un jeu d\u2019adresse originaire des Pays-Bas et fortement pratiqu\u00e9 en Bretagne. Il est \u00e9galement appel\u00e9 Schoelbak ou table \u00e0 glisser. Le jeu consiste \u00e0 r\u00e9aliser un maximum de points en lan\u00e7ant des palets dans des &hellip; <a href=\"https:\/\/leconservatoiredujeu.fr\/index.php\/billard-hollandais\/\">Continuer la lecture <span class=\"meta-nav\">&rarr;<\/span><\/a><\/p>\n","protected":false},"author":3,"featured_media":0,"parent":0,"menu_order":0,"comment_status":"closed","ping_status":"closed","template":"","meta":{"footnotes":""},"_links":{"self":[{"href":"https:\/\/leconservatoiredujeu.fr\/index.php\/wp-json\/wp\/v2\/pages\/12993"}],"collection":[{"href":"https:\/\/leconservatoiredujeu.fr\/index.php\/wp-json\/wp\/v2\/pages"}],"about":[{"href":"https:\/\/leconservatoiredujeu.fr\/index.php\/wp-json\/wp\/v2\/types\/page"}],"author":[{"embeddable":true,"href":"https:\/\/leconservatoiredujeu.fr\/index.php\/wp-json\/wp\/v2\/users\/3"}],"replies":[{"embeddable":true,"href":"https:\/\/leconservatoiredujeu.fr\/index.php\/wp-json\/wp\/v2\/comments?post=12993"}],"version-history":[{"count":1,"href":"https:\/\/leconservatoiredujeu.fr\/index.php\/wp-json\/wp\/v2\/pages\/12993\/revisions"}],"predecessor-version":[{"id":12997,"href":"https:\/\/leconservatoiredujeu.fr\/index.php\/wp-json\/wp\/v2\/pages\/12993\/revisions\/12997"}],"wp:attachment":[{"href":"https:\/\/leconservatoiredujeu.fr\/index.php\/wp-json\/wp\/v2\/media?parent=12993"}],"curies":[{"name":"wp","href":"https:\/\/api.w.org\/{rel}","templated":true}]}}