{"id":12987,"date":"2022-05-02T15:04:58","date_gmt":"2022-05-02T13:04:58","guid":{"rendered":"http:\/\/leconservatoiredujeu.fr\/?page_id=12987"},"modified":"2022-05-02T15:04:58","modified_gmt":"2022-05-02T13:04:58","slug":"billards-japonais","status":"publish","type":"page","link":"https:\/\/leconservatoiredujeu.fr\/index.php\/billards-japonais\/","title":{"rendered":"Billards Japonais"},"content":{"rendered":"\n<div class=\"wp-block-image\"><figure class=\"aligncenter size-full is-resized\"><img loading=\"lazy\" decoding=\"async\" src=\"http:\/\/leconservatoiredujeu.fr\/wp-content\/uploads\/2022\/05\/billards-japonais-1.jpg\" alt=\"\" class=\"wp-image-12988\" width=\"396\" height=\"195\" srcset=\"https:\/\/leconservatoiredujeu.fr\/wp-content\/uploads\/2022\/05\/billards-japonais-1.jpg 500w, https:\/\/leconservatoiredujeu.fr\/wp-content\/uploads\/2022\/05\/billards-japonais-1-300x147.jpg 300w\" sizes=\"(max-width: 396px) 100vw, 396px\" \/><\/figure><\/div>\n\n\n\n<p><strong><u>Historique<\/u>&nbsp;:<\/strong><\/p>\n\n\n\n<p>Faisant parie des nombreuses variantes du billard, le billard japonais est d\u00e9riv\u00e9 du jeu de la bagatelle. Il s\u2019agit en effet d\u2019un jeu de tir datant du XIX\u00e8me si\u00e8cle jou\u00e9 par eux personnes plac\u00e9es devant un plateau. Celui-ci, l\u00e9g\u00e8rement inclin\u00e9, est perc\u00e9 de neuf trous, qui sont num\u00e9rot\u00e9s. Jeu issu des casinos et f\u00eates foraines depuis les ann\u00e9es 1930, le billard japonais a connu plusieurs \u00e9poques malgr\u00e9 son nom d\u2019origines fran\u00e7aises. La simplicit\u00e9 de ses r\u00e8gles ont fait de lui un jeu incourtournable dans le temps.<\/p>\n\n\n\n<p>Ce jeu en bois est d\u00e9sormais class\u00e9 parmi les jeux d\u2019animations les plus embl\u00e9matique \u00e0 cause de son aspect historique interg\u00e9n\u00e9rationnelle<\/p>\n\n\n\n<div class=\"wp-block-image\"><figure class=\"aligncenter size-full is-resized\"><img loading=\"lazy\" decoding=\"async\" src=\"http:\/\/leconservatoiredujeu.fr\/wp-content\/uploads\/2022\/05\/billards-japonais-casino.jpg\" alt=\"\" class=\"wp-image-12989\" width=\"446\" height=\"290\" srcset=\"https:\/\/leconservatoiredujeu.fr\/wp-content\/uploads\/2022\/05\/billards-japonais-casino.jpg 617w, https:\/\/leconservatoiredujeu.fr\/wp-content\/uploads\/2022\/05\/billards-japonais-casino-300x194.jpg 300w, https:\/\/leconservatoiredujeu.fr\/wp-content\/uploads\/2022\/05\/billards-japonais-casino-463x300.jpg 463w\" sizes=\"(max-width: 446px) 100vw, 446px\" \/><\/figure><\/div>\n\n\n\n<p><strong><u>Les r\u00e8gles du Jeu<\/u>&nbsp;:<\/strong><\/p>\n\n\n\n<p>Ce grand jeu en bois se compose d\u2019une large surface de jeu sur laquelle les boules vont rouler. En haut du plateau, on observe 10 trous qu\u2019il va falloir combler \u00e0 l\u2019aide des billes. En d\u00e9but de partie, vous disposez de 10 boules en bois.<\/p>\n\n\n\n<p>Vous devez les lancer une par une pour tenter de les loger dans les trous \u00e0 points.<\/p>\n\n\n\n<p>Mais attention, vous n\u2019avez que 2 essais par boule. Si vous \u00e9chouez, la bille est perdue et vous devez continuer avec celles qu&rsquo;il vous reste. Lorsque les 10 boules ont \u00e9t\u00e9 jou\u00e9es, vous additionnez les scores marqu\u00e9s par les boules.<\/p>\n\n\n\n<div class=\"wp-block-image\"><figure class=\"aligncenter size-full is-resized\"><img loading=\"lazy\" decoding=\"async\" src=\"http:\/\/leconservatoiredujeu.fr\/wp-content\/uploads\/2022\/05\/joueur-de-billards-japonais.jpg\" alt=\"\" class=\"wp-image-12990\" width=\"423\" height=\"319\"\/><\/figure><\/div>\n\n\n\n<p><strong><u>Source<\/u>&nbsp;<\/strong>: Japonation.com<\/p>\n\n\n\n<p><strong><u>Cr\u00e9dits photo<\/u>&nbsp;: <\/strong>Cmj France.com , Japonation.com<\/p>\n","protected":false},"excerpt":{"rendered":"<p>Historique&nbsp;: Faisant parie des nombreuses variantes du billard, le billard japonais est d\u00e9riv\u00e9 du jeu de la bagatelle. Il s\u2019agit en effet d\u2019un jeu de tir datant du XIX\u00e8me si\u00e8cle jou\u00e9 par eux personnes plac\u00e9es devant un plateau. Celui-ci, l\u00e9g\u00e8rement &hellip; <a href=\"https:\/\/leconservatoiredujeu.fr\/index.php\/billards-japonais\/\">Continuer la lecture <span class=\"meta-nav\">&rarr;<\/span><\/a><\/p>\n","protected":false},"author":3,"featured_media":0,"parent":0,"menu_order":0,"comment_status":"closed","ping_status":"closed","template":"","meta":{"footnotes":""},"_links":{"self":[{"href":"https:\/\/leconservatoiredujeu.fr\/index.php\/wp-json\/wp\/v2\/pages\/12987"}],"collection":[{"href":"https:\/\/leconservatoiredujeu.fr\/index.php\/wp-json\/wp\/v2\/pages"}],"about":[{"href":"https:\/\/leconservatoiredujeu.fr\/index.php\/wp-json\/wp\/v2\/types\/page"}],"author":[{"embeddable":true,"href":"https:\/\/leconservatoiredujeu.fr\/index.php\/wp-json\/wp\/v2\/users\/3"}],"replies":[{"embeddable":true,"href":"https:\/\/leconservatoiredujeu.fr\/index.php\/wp-json\/wp\/v2\/comments?post=12987"}],"version-history":[{"count":1,"href":"https:\/\/leconservatoiredujeu.fr\/index.php\/wp-json\/wp\/v2\/pages\/12987\/revisions"}],"predecessor-version":[{"id":12991,"href":"https:\/\/leconservatoiredujeu.fr\/index.php\/wp-json\/wp\/v2\/pages\/12987\/revisions\/12991"}],"wp:attachment":[{"href":"https:\/\/leconservatoiredujeu.fr\/index.php\/wp-json\/wp\/v2\/media?parent=12987"}],"curies":[{"name":"wp","href":"https:\/\/api.w.org\/{rel}","templated":true}]}}