{"id":12972,"date":"2022-05-02T15:00:46","date_gmt":"2022-05-02T13:00:46","guid":{"rendered":"http:\/\/leconservatoiredujeu.fr\/?page_id=12972"},"modified":"2022-05-02T15:00:46","modified_gmt":"2022-05-02T13:00:46","slug":"dames","status":"publish","type":"page","link":"https:\/\/leconservatoiredujeu.fr\/index.php\/dames\/","title":{"rendered":"Dames"},"content":{"rendered":"\n<div class=\"wp-block-image\"><figure class=\"aligncenter size-full is-resized\"><img loading=\"lazy\" decoding=\"async\" src=\"http:\/\/leconservatoiredujeu.fr\/wp-content\/uploads\/2022\/05\/dams-plateau.jpg\" alt=\"\" class=\"wp-image-12973\" width=\"384\" height=\"245\" srcset=\"https:\/\/leconservatoiredujeu.fr\/wp-content\/uploads\/2022\/05\/dams-plateau-300x190.jpg 300w, https:\/\/leconservatoiredujeu.fr\/wp-content\/uploads\/2022\/05\/dams-plateau-473x300.jpg 473w\" sizes=\"(max-width: 384px) 100vw, 384px\" \/><\/figure><\/div>\n\n\n\n<p><strong><u>Historique<\/u>&nbsp;:<\/strong><\/p>\n\n\n\n<p>Le jeu de dames est issu du transfert, au XIVe si\u00e8cle en Europe, de l&rsquo;alquerque sur un \u00e9chiquier de 64 cases. Ce sont les Arabes, au Moyen \u00c2ge, qui introduisirent l&rsquo;alquerque dans la P\u00e9ninsule ib\u00e9rique. Ce jeu, appel\u00e9 aussi \u00ab marelle de douze \u00bb, aux r\u00e8gles tr\u00e8s proches de celles du jeu de dames, \u00e9tait d\u00e9j\u00e0 jou\u00e9 dans l&rsquo;\u00c9gypte antique, vers -1500 av. J.-C.<\/p>\n\n\n\n<p>Une fois \u00e9tabli sur un damier \u00e0 soixante-quatre cases, le jeu diffusa en France, en Angleterre, en Pologne, etc. Une litt\u00e9rature appara\u00eet en Espagne aux XVIe si\u00e8cles et XVIIe si\u00e8cle chez des auteurs comme Lorenzo Valls, Juan de Timoneda et Juan Garcia Canal\u00e9jas.<\/p>\n\n\n\n<p>L&rsquo;actuel jeu sur cent cases est apparu en Hollande dans la seconde moiti\u00e9 du xvie si\u00e8cle sous la d\u00e9nomination de jeu de dames \u00ab \u00e0 la polonaise \u00bb. Qualificatif servant \u00e0 le distinguer du jeu d&rsquo;origine et \u00e0 en souligner le c\u00f4t\u00e9 original. Cette nouvelle variante est introduite en France au d\u00e9but du xviiie si\u00e8cle. Elle acquiert ses lettres de noblesse, \u00e0 partir de 1770, gr\u00e2ce aux livres de Manoury qui en vulgarise la richesse combinatoire. Encadr\u00e9 depuis par une importante litt\u00e9rature, et par sa pratique r\u00e9guli\u00e8re au sein de clubs, appel\u00e9s \u00ab damiers \u00bb, le jeu s&rsquo;est impos\u00e9 comme un des grands jeux de r\u00e9flexion et sports de l&rsquo;esprit. La F\u00e9d\u00e9ration mondiale, fond\u00e9e en 1947, regroupe aujourd&rsquo;hui soixante-dix-sept nations, issues des cinq continents.<\/p>\n\n\n\n<div class=\"wp-block-image\"><figure class=\"aligncenter size-full is-resized\"><img loading=\"lazy\" decoding=\"async\" src=\"http:\/\/leconservatoiredujeu.fr\/wp-content\/uploads\/2022\/05\/personne-jouant-aux-dames.jpg\" alt=\"\" class=\"wp-image-12974\" width=\"384\" height=\"288\" srcset=\"https:\/\/leconservatoiredujeu.fr\/wp-content\/uploads\/2022\/05\/personne-jouant-aux-dames.jpg 512w, https:\/\/leconservatoiredujeu.fr\/wp-content\/uploads\/2022\/05\/personne-jouant-aux-dames-300x224.jpg 300w, https:\/\/leconservatoiredujeu.fr\/wp-content\/uploads\/2022\/05\/personne-jouant-aux-dames-401x300.jpg 401w\" sizes=\"(max-width: 384px) 100vw, 384px\" \/><figcaption>France, 1803<\/figcaption><\/figure><\/div>\n\n\n\n<p><strong><u>Les r\u00e8gles du jeu<\/u>&nbsp;:<\/strong><\/p>\n\n\n\n<p><strong>La notation Manoury<\/strong><\/p>\n\n\n\n<p>Afin de repr\u00e9senter les coups jou\u00e9s, et ainsi de noter une partie, les cases utilis\u00e9es du damier sont num\u00e9rot\u00e9es de 1 \u00e0 50. En partant du c\u00f4t\u00e9 des Noirs, on num\u00e9rote de gauche \u00e0 droite, et de haut en bas.<\/p>\n\n\n\n<p>Un tiret \u00ab &#8211; \u00bb repr\u00e9sente un d\u00e9placement simple et une croix \u00ab x \u00bb ou \u00ab \u00d7 \u00bb repr\u00e9sente une prise. Les mouvements des Noirs sont indiqu\u00e9s entre parenth\u00e8ses. Exemple : les Blancs jouent 26-21, les Noirs prennent (17&#215;26). Comme aux \u00e9checs, on peut annoter un bon coup d&rsquo;un point d&rsquo;exclamation et un mauvais d&rsquo;un point d&rsquo;interrogation.<\/p>\n\n\n\n<p><strong>Le d\u00e9placement<\/strong><\/p>\n\n\n\n<p>Les pions se d\u00e9placent sur les diagonales, du joueur vers le joueur adverse. Ils ne se d\u00e9placent que d&rsquo;une case \u00e0 la fois sauf lorsqu&rsquo;il y a une prise.<\/p>\n\n\n\n<p>La dame peut se d\u00e9placer dans tous les sens d&rsquo;autant de cases qu&rsquo;elle le souhaite \u00e0 partir du moment o\u00f9 elle suit les diagonales et qu&rsquo;aucune pi\u00e8ce n&rsquo;est sur sa trajectoire.<\/p>\n\n\n\n<p><strong>La prise<\/strong><\/p>\n\n\n\n<p>La prise est obligatoire et s&rsquo;effectue aussi bien vers l&rsquo;avant que vers l&rsquo;arri\u00e8re9.<\/p>\n\n\n\n<p>Lorsqu&rsquo;une case voisine sur la diagonale est occup\u00e9e par un pion du joueur adverse, et qu&rsquo;il y a une case libre derri\u00e8re, ce pion doit \u00eatre saut\u00e9. Il est ainsi pris et supprim\u00e9 du jeu. On retrouve ce m\u00e9canisme de prise \u00e9galement dans un jeu traditionnel n\u00e9palais, le Bagh Chal.<\/p>\n\n\n\n<p>Le pion d\u00e9plac\u00e9 peut capturer plusieurs pions \u00e0 partir du moment o\u00f9 il peut \u00eatre pos\u00e9 sur le damier entre deux prises.<\/p>\n\n\n\n<p>La dame prend comme le pion mais a l&rsquo;avantage de pouvoir franchir plusieurs cases vides.<\/p>\n\n\n\n<p>Une prise peut s&rsquo;effectuer vers l&rsquo;avant ou vers l&rsquo;arri\u00e8re. La prise majoritaire est obligatoire, c&rsquo;est-\u00e0-dire que si les deux options sont possibles, on doit prendre trois pions de pr\u00e9f\u00e9rence \u00e0 deux dames (en revanche, en cas d&rsquo;\u00e9galit\u00e9 num\u00e9rique, on peut choisir la prise \u00e0 effectuer).<\/p>\n\n\n\n<p>La dame peut s&rsquo;arr\u00eater, apr\u00e8s sa derni\u00e8re prise, sur la case de son choix, \u00e0 condition qu&rsquo;elle dispose de plusieurs cases libres.<\/p>\n\n\n\n<p>Un m\u00eame pion ne peut pas \u00eatre pris plusieurs fois au cours d&rsquo;une m\u00eame rafle.<\/p>\n\n\n\n<p>Il est interdit d&rsquo;enlever les pions pris au fur et \u00e0 mesure pendant une rafle : ils doivent imp\u00e9rativement \u00eatre tous pris \u00e0 la fin.<\/p>\n\n\n\n<div class=\"wp-block-image\"><figure class=\"aligncenter size-full\"><img loading=\"lazy\" decoding=\"async\" width=\"225\" height=\"225\" src=\"http:\/\/leconservatoiredujeu.fr\/wp-content\/uploads\/2022\/05\/prise-aux-dames.jpg\" alt=\"\" class=\"wp-image-12975\" srcset=\"https:\/\/leconservatoiredujeu.fr\/wp-content\/uploads\/2022\/05\/prise-aux-dames.jpg 225w, https:\/\/leconservatoiredujeu.fr\/wp-content\/uploads\/2022\/05\/prise-aux-dames-150x150.jpg 150w\" sizes=\"(max-width: 225px) 100vw, 225px\" \/><figcaption>Une prise au Dames<\/figcaption><\/figure><\/div>\n\n\n\n<p><strong>La promotion en dame<\/strong><\/p>\n\n\n\n<p>La promotion a lieu lorsqu&rsquo;un pion atteint la derni\u00e8re rang\u00e9e : celui-ci devient alors automatiquement une dame. Il est d&rsquo;usage de superposer deux pions pour repr\u00e9senter une dame.<\/p>\n\n\n\n<p>Toutefois, si un pion vient \u00e0 passer au-dessus de la derni\u00e8re rang\u00e9e au cours d&rsquo;une prise multiple, il ne devient une dame que s&rsquo;il finit la rafle sur une case de promotion.<\/p>\n\n\n\n<div class=\"wp-block-image\"><figure class=\"aligncenter size-full is-resized\"><img loading=\"lazy\" decoding=\"async\" src=\"http:\/\/leconservatoiredujeu.fr\/wp-content\/uploads\/2022\/05\/promotions-aux-dames.jpg\" alt=\"\" class=\"wp-image-12976\" width=\"179\" height=\"124\"\/><figcaption>Une promotion<\/figcaption><\/figure><\/div>\n\n\n\n<p><strong>Fin de la partie<\/strong><\/p>\n\n\n\n<p>Le joueur a perdu la partie lorsqu&rsquo;il ne lui reste plus aucune pi\u00e8ce en jeu, ou bien, si c&rsquo;est \u00e0 lui de jouer, lorsque toutes ses pi\u00e8ces sont bloqu\u00e9es, c&rsquo;est-\u00e0-dire dans l&rsquo;impossibilit\u00e9 de prendre ou de se d\u00e9placer.<\/p>\n\n\n\n<p>Un joueur peut aussi abandonner la partie s&rsquo;il estime n&rsquo;avoir aucune chance de gagner, ni m\u00eame d&rsquo;\u00e9galiser. C&rsquo;est tr\u00e8s souvent ainsi que s&rsquo;ach\u00e8ve une partie entre joueurs exp\u00e9riment\u00e9s.<\/p>\n\n\n\n<p><strong>Partie nulle<\/strong><\/p>\n\n\n\n<p>Il y a partie nulle, ou remise, c&rsquo;est-\u00e0-dire \u00e9galit\u00e9 entre les joueurs, lorsqu&rsquo;un des joueurs la propose \u00e0 son adversaire et que celui-ci l&rsquo;accepte.<\/p>\n\n\n\n<p>Dans les parties officielles, l&rsquo;arbitre veille \u00e0 l&rsquo;application des r\u00e8gles suivantes : Il y a \u00e9galit\u00e9 :<\/p>\n\n\n\n<p>Quand la m\u00eame position des pi\u00e8ces se produit pour la troisi\u00e8me fois, et que c&rsquo;est au m\u00eame joueur de jouer ;<\/p>\n\n\n\n<p>Si, durant vingt-cinq coups, aucune prise n&rsquo;a eu lieu, ni aucun d\u00e9placement de pion ;<\/p>\n\n\n\n<p>Si dans une position \u00e0 une dame contre trois dames, contre deux dames et un pion, ou contre une dame et deux pions, les deux joueurs ont jou\u00e9 chacun seize coups ;<\/p>\n\n\n\n<p>Si dans une position \u00e0 une dame contre deux dames, ou une dame contre une dame, il n&rsquo;y a plus de phase de jeu.<\/p>\n\n\n\n<div class=\"wp-block-image\"><figure class=\"aligncenter size-full\"><img loading=\"lazy\" decoding=\"async\" width=\"517\" height=\"255\" src=\"http:\/\/leconservatoiredujeu.fr\/wp-content\/uploads\/2022\/05\/Weiss-Hoogland.jpg\" alt=\"\" class=\"wp-image-12977\" srcset=\"https:\/\/leconservatoiredujeu.fr\/wp-content\/uploads\/2022\/05\/Weiss-Hoogland.jpg 517w, https:\/\/leconservatoiredujeu.fr\/wp-content\/uploads\/2022\/05\/Weiss-Hoogland-300x148.jpg 300w, https:\/\/leconservatoiredujeu.fr\/wp-content\/uploads\/2022\/05\/Weiss-Hoogland-500x247.jpg 500w\" sizes=\"(max-width: 517px) 100vw, 517px\" \/><\/figure><\/div>\n\n\n\n<p><strong><u>Vocabulaire<\/u>&nbsp;:<\/strong><\/p>\n\n\n\n<p>Remise : \u00e9quivalent d&rsquo;un match nul.<\/p>\n\n\n\n<p>Pi\u00e8ce : un pion ou une dame.<\/p>\n\n\n\n<p>\u00ab Pi\u00e8ce touch\u00e9e, pi\u00e8ce jou\u00e9e \u00bb : Toutefois, si elle n&rsquo;a pas encore \u00e9t\u00e9 l\u00e2ch\u00e9e, il est possible de la jouer sur n&rsquo;importe quelles cases o\u00f9 elle est jouable.<\/p>\n\n\n\n<p>\u00ab J&rsquo;adoube \u00bb : \u00c0 prononcer pour avertir son adversaire qu&rsquo;on souhaite toucher une ou plusieurs pi\u00e8ces, sans les jouer.<\/p>\n\n\n\n<p>Pionner : \u00e9changer un pion contre un pion, deux contre deux, etc.<\/p>\n\n\n\n<p>Rafle : succession de prises, d\u2019une case de d\u00e9part \u00e0 celle d&rsquo;arriv\u00e9e.<\/p>\n\n\n\n<p>Gambit : fait de sacrifier une ou plusieurs pi\u00e8ces volontairement pour obtenir un avantage positionnel.<\/p>\n\n\n\n<p>Forcing : mouvement introduisant des menaces tactiques qui forcent le coup de l&rsquo;adversaire.<\/p>\n\n\n\n<p>Promotion : fait de transformer un pion en dame lorsqu&rsquo;il termine son mouvement sur une des cases de la derni\u00e8re rang\u00e9e.<\/p>\n\n\n\n<p>Promotion \u00ab en passant \u00bb (r\u00e8gle propre aux dames russes) : un pion devient une dame m\u00eame s&rsquo;il ne fait que passer au-dessus de la derni\u00e8re rang\u00e9e lors d&rsquo;une rafle et que cette rafle n&rsquo;est pas termin\u00e9e.<\/p>\n\n\n\n<p>Souffler : r\u00e8gle qui existait jusqu&rsquo;au d\u00e9but du xxe si\u00e8cle qui consistait \u00e0 \u00f4ter du jeu la pi\u00e8ce qui aurait d\u00fb prendre. La cause de la non-prise pouvait \u00eatre volontaire ou non. Elle fut modifi\u00e9e en prise obligatoire majoritaire dans le jeu international.<\/p>\n\n\n\n<p>Forcer : le joueur peut forcer l&rsquo;adversaire \u00e0 reprendre un coup ill\u00e9gal.<\/p>\n\n\n\n<p>Laisser faire : un coup ill\u00e9gal est valid\u00e9 d\u00e8s que l&rsquo;adversaire a jou\u00e9 son coup sans avoir demand\u00e9 de rejouer le coup fautif.<\/p>\n\n\n\n<p>Avoir le trait : devoir jouer.<\/p>\n\n\n\n<p>Trait aux Blancs : aux Blancs de jouer.<\/p>\n\n\n\n<div class=\"wp-block-image\"><figure class=\"aligncenter size-full\"><img loading=\"lazy\" decoding=\"async\" width=\"330\" height=\"248\" src=\"http:\/\/leconservatoiredujeu.fr\/wp-content\/uploads\/2022\/05\/330px-De_dammers_Roel_Bendijk_Bergambacht.jpg\" alt=\"\" class=\"wp-image-12978\" srcset=\"https:\/\/leconservatoiredujeu.fr\/wp-content\/uploads\/2022\/05\/330px-De_dammers_Roel_Bendijk_Bergambacht.jpg 330w, https:\/\/leconservatoiredujeu.fr\/wp-content\/uploads\/2022\/05\/330px-De_dammers_Roel_Bendijk_Bergambacht-300x225.jpg 300w\" sizes=\"(max-width: 330px) 100vw, 330px\" \/><\/figure><\/div>\n\n\n\n<p><strong><u>La tactique<\/u>&nbsp;:<\/strong><\/p>\n\n\n\n<p>La tactique joue un grand r\u00f4le dans le jeu de dames du fait de la prise obligatoire. L&rsquo;adversaire doit prendre les pi\u00e8ces qui lui sont offertes, qu&rsquo;il s&rsquo;agisse d&rsquo;un gambit ou de la r\u00e9alisation d&rsquo;une combinaison. Dans ce dernier cas, une succession de prises aboutit \u00e0 une ou plusieurs rafles.<\/p>\n\n\n\n<p>Une combinaison peut m\u00ealer des principes \u00e9l\u00e9mentaires, par exemple une prise majoritaire, un envoi \u00e0 dame, un collage, l&rsquo;exploitation d&rsquo;un temps de repos, \u00e0 des m\u00e9canismes comme le coup droit, le coup de rappel, le coup de talon, le coup de la trappe, le coup renvers\u00e9, le coup turc, le coup parall\u00e8le, le coup de croc pour l&rsquo;essentiel d&rsquo;entre eux.<\/p>\n\n\n\n<p>L&rsquo;analyse des proc\u00e9d\u00e9s de construction d&rsquo;une rafle d\u00e9nombre pr\u00e8s de deux cents m\u00e9canismes, regroup\u00e9s en une vingtaine de familles. Ces possibilit\u00e9s sont notamment exploit\u00e9es par les probl\u00e9mistes et les meilleurs tacticiens.<\/p>\n\n\n\n<p>Les plus c\u00e9l\u00e8bres coups sont aussi des principes de combinaison pouvant se rencontrer dans certains styles de jeu, par exemple le coup royal dans la partie classique, le coup de l&rsquo;amiral dans la partie Roozenburg, etc. Sont tr\u00e8s connus \u00e9galement les coups de d\u00e9but de partie (Chiland, Lochtenberg, etc.) et certaines finesses de fin de partie comme la sourici\u00e8re, le coup du marquis, etc.<\/p>\n\n\n\n<p>De tr\u00e8s nombreuses positions offrent l&rsquo;opportunit\u00e9 de placer une combinaison. D&rsquo;autant qu&rsquo;elle peut r\u00e9sulter de l&rsquo;encha\u00eenement de plusieurs coups.<\/p>\n\n\n\n<p>Id\u00e9alement, \u00e0 chaque temps, le joueur doit chercher la possibilit\u00e9 de r\u00e9aliser un coup, c&rsquo;est-\u00e0-dire de combiner avantageusement. Si ce n&rsquo;est pas possible, et avant de jouer le meilleur mouvement strat\u00e9gique, il doit encore examiner qu&rsquo;elles vont \u00eatre les possibilit\u00e9s tactiques de l&rsquo;adversaire. Cet examen est appel\u00e9 \u00ab le tour d&rsquo;horizon \u00bb<\/p>\n\n\n\n<div class=\"wp-block-image\"><figure class=\"aligncenter size-full is-resized\"><img loading=\"lazy\" decoding=\"async\" src=\"http:\/\/leconservatoiredujeu.fr\/wp-content\/uploads\/2022\/05\/Suikerdamtoernooi_in_Amsterdam_Jansen_tegen_Baba_Sy_Bestanddeelnr_929-5028.jpg\" alt=\"\" class=\"wp-image-12979\" width=\"494\" height=\"328\" srcset=\"https:\/\/leconservatoiredujeu.fr\/wp-content\/uploads\/2022\/05\/Suikerdamtoernooi_in_Amsterdam_Jansen_tegen_Baba_Sy_Bestanddeelnr_929-5028.jpg 578w, https:\/\/leconservatoiredujeu.fr\/wp-content\/uploads\/2022\/05\/Suikerdamtoernooi_in_Amsterdam_Jansen_tegen_Baba_Sy_Bestanddeelnr_929-5028-300x199.jpg 300w, https:\/\/leconservatoiredujeu.fr\/wp-content\/uploads\/2022\/05\/Suikerdamtoernooi_in_Amsterdam_Jansen_tegen_Baba_Sy_Bestanddeelnr_929-5028-453x300.jpg 453w\" sizes=\"(max-width: 494px) 100vw, 494px\" \/><\/figure><\/div>\n\n\n\n<p><strong><u>Source<\/u>&nbsp;:<\/strong> Wikip\u00e9dia<\/p>\n\n\n\n<p><strong><u>Cr\u00e9dits photo<\/u>\u00a0:<\/strong> Wikip\u00e9dia<\/p>\n\n\n\n<p class=\"has-text-align-right\">Le Conservatoire du Jeu &#8211; Mai 2022<\/p>\n","protected":false},"excerpt":{"rendered":"<p>Historique&nbsp;: Le jeu de dames est issu du transfert, au XIVe si\u00e8cle en Europe, de l&rsquo;alquerque sur un \u00e9chiquier de 64 cases. Ce sont les Arabes, au Moyen \u00c2ge, qui introduisirent l&rsquo;alquerque dans la P\u00e9ninsule ib\u00e9rique. Ce jeu, appel\u00e9 aussi &hellip; <a href=\"https:\/\/leconservatoiredujeu.fr\/index.php\/dames\/\">Continuer la lecture <span class=\"meta-nav\">&rarr;<\/span><\/a><\/p>\n","protected":false},"author":3,"featured_media":0,"parent":0,"menu_order":0,"comment_status":"closed","ping_status":"closed","template":"","meta":{"footnotes":""},"_links":{"self":[{"href":"https:\/\/leconservatoiredujeu.fr\/index.php\/wp-json\/wp\/v2\/pages\/12972"}],"collection":[{"href":"https:\/\/leconservatoiredujeu.fr\/index.php\/wp-json\/wp\/v2\/pages"}],"about":[{"href":"https:\/\/leconservatoiredujeu.fr\/index.php\/wp-json\/wp\/v2\/types\/page"}],"author":[{"embeddable":true,"href":"https:\/\/leconservatoiredujeu.fr\/index.php\/wp-json\/wp\/v2\/users\/3"}],"replies":[{"embeddable":true,"href":"https:\/\/leconservatoiredujeu.fr\/index.php\/wp-json\/wp\/v2\/comments?post=12972"}],"version-history":[{"count":1,"href":"https:\/\/leconservatoiredujeu.fr\/index.php\/wp-json\/wp\/v2\/pages\/12972\/revisions"}],"predecessor-version":[{"id":12981,"href":"https:\/\/leconservatoiredujeu.fr\/index.php\/wp-json\/wp\/v2\/pages\/12972\/revisions\/12981"}],"wp:attachment":[{"href":"https:\/\/leconservatoiredujeu.fr\/index.php\/wp-json\/wp\/v2\/media?parent=12972"}],"curies":[{"name":"wp","href":"https:\/\/api.w.org\/{rel}","templated":true}]}}