{"id":12793,"date":"2022-03-31T16:52:13","date_gmt":"2022-03-31T14:52:13","guid":{"rendered":"http:\/\/leconservatoiredujeu.fr\/?page_id=12793"},"modified":"2022-03-31T16:56:46","modified_gmt":"2022-03-31T14:56:46","slug":"xbox-accessoires","status":"publish","type":"page","link":"https:\/\/leconservatoiredujeu.fr\/index.php\/xbox-accessoires\/","title":{"rendered":"Xbox &#8211; Accessoires"},"content":{"rendered":"\n<p><strong><u>Manettes<\/u>\u00a0:<\/strong> <\/p>\n\n\n\n<figure class=\"wp-block-gallery aligncenter columns-2 is-cropped wp-block-gallery-1 is-layout-flex wp-block-gallery-is-layout-flex\"><ul class=\"blocks-gallery-grid\"><li class=\"blocks-gallery-item\"><figure><img loading=\"lazy\" decoding=\"async\" width=\"1024\" height=\"866\" src=\"http:\/\/leconservatoiredujeu.fr\/wp-content\/uploads\/2022\/03\/manettes-2-1024x866.jpg\" alt=\"\" data-id=\"12800\" data-link=\"http:\/\/leconservatoiredujeu.fr\/?attachment_id=12800\" class=\"wp-image-12800\" srcset=\"https:\/\/leconservatoiredujeu.fr\/wp-content\/uploads\/2022\/03\/manettes-2-1024x866.jpg 1024w, https:\/\/leconservatoiredujeu.fr\/wp-content\/uploads\/2022\/03\/manettes-2-300x254.jpg 300w, https:\/\/leconservatoiredujeu.fr\/wp-content\/uploads\/2022\/03\/manettes-2-768x649.jpg 768w, https:\/\/leconservatoiredujeu.fr\/wp-content\/uploads\/2022\/03\/manettes-2-1536x1298.jpg 1536w, https:\/\/leconservatoiredujeu.fr\/wp-content\/uploads\/2022\/03\/manettes-2-355x300.jpg 355w, https:\/\/leconservatoiredujeu.fr\/wp-content\/uploads\/2022\/03\/manettes-2.jpg 1920w\" sizes=\"(max-width: 1024px) 100vw, 1024px\" \/><figcaption class=\"blocks-gallery-item__caption\">Manette Duke<\/figcaption><\/figure><\/li><li class=\"blocks-gallery-item\"><figure><img loading=\"lazy\" decoding=\"async\" width=\"330\" height=\"295\" src=\"http:\/\/leconservatoiredujeu.fr\/wp-content\/uploads\/2022\/03\/Manettes-xbox-s-slim-1.jpg\" alt=\"\" data-id=\"12801\" data-full-url=\"http:\/\/leconservatoiredujeu.fr\/wp-content\/uploads\/2022\/03\/Manettes-xbox-s-slim-1.jpg\" data-link=\"http:\/\/leconservatoiredujeu.fr\/?attachment_id=12801\" class=\"wp-image-12801\" srcset=\"https:\/\/leconservatoiredujeu.fr\/wp-content\/uploads\/2022\/03\/Manettes-xbox-s-slim-1.jpg 330w, https:\/\/leconservatoiredujeu.fr\/wp-content\/uploads\/2022\/03\/Manettes-xbox-s-slim-1-300x268.jpg 300w\" sizes=\"(max-width: 330px) 100vw, 330px\" \/><figcaption class=\"blocks-gallery-item__caption\">Manette S Slim<\/figcaption><\/figure><\/li><\/ul><\/figure>\n\n\n\n<p>(Il y a 2 types de manettes : l&rsquo;original \u00ab Duke \u00bb, et la manette S \u00ab Slim \u00bb, plus petite et plus l\u00e9g\u00e8re, proche de celle de la Xbox 360. La manette S \u00ab Slim \u00bb n&rsquo;\u00e9tait \u00e0 l&rsquo;origine destin\u00e9e qu&rsquo;au march\u00e9 japonais.<\/p>\n\n\n\n<p><strong><u>Manette Steel Battalion<\/u>&nbsp;:<\/strong><\/p>\n\n\n\n<div class=\"wp-block-image\"><figure class=\"aligncenter size-full\"><img loading=\"lazy\" decoding=\"async\" width=\"1024\" height=\"683\" src=\"http:\/\/leconservatoiredujeu.fr\/wp-content\/uploads\/2022\/03\/manette-steel-batalion.jpg\" alt=\"\" class=\"wp-image-12794\" srcset=\"https:\/\/leconservatoiredujeu.fr\/wp-content\/uploads\/2022\/03\/manette-steel-batalion.jpg 1024w, https:\/\/leconservatoiredujeu.fr\/wp-content\/uploads\/2022\/03\/manette-steel-batalion-300x200.jpg 300w, https:\/\/leconservatoiredujeu.fr\/wp-content\/uploads\/2022\/03\/manette-steel-batalion-768x512.jpg 768w, https:\/\/leconservatoiredujeu.fr\/wp-content\/uploads\/2022\/03\/manette-steel-batalion-450x300.jpg 450w\" sizes=\"(max-width: 1024px) 100vw, 1024px\" \/><\/figure><\/div>\n\n\n\n<p>Le joueur dans le r\u00f4le d&rsquo;un pilote de VT (Vertical Tank) gr\u00e2ce \u00e0 sa manette d\u00e9di\u00e9e, compos\u00e9e de 40 boutons, d&rsquo;un levier de vitesses, de deux joysticks et d&rsquo;un p\u00e9dalier.<\/p>\n\n\n\n<p>La manette est compos\u00e9e de 3 parties et d&rsquo;un p\u00e9dalier. De gauche \u00e0 droite :<\/p>\n\n\n\n<p>Syst\u00e8me de contr\u00f4le des mouvements de votre VT (boite de vitesses, joystick de rotation, syst\u00e8mes auxiliaires)<\/p>\n\n\n\n<p>Syst\u00e8me de communication, contr\u00f4le des armes, options du C.O.O.S et contremesures.<\/p>\n\n\n\n<p>Joysticks de vis\u00e9e, contr\u00f4le des moniteurs, syst\u00e8me de d\u00e9marrage et bouton d&rsquo;\u00e9jection.<\/p>\n\n\n\n<p>Concernant le p\u00e9dalier, celui-ci est compos\u00e9 de trois p\u00e9dales. De gauche \u00e0 droite :<\/p>\n\n\n\n<p>La p\u00e9dale d&rsquo;esquive<\/p>\n\n\n\n<p>La p\u00e9dale de frein<\/p>\n\n\n\n<p>La p\u00e9dale d\u2019acc\u00e9l\u00e9ration<\/p>\n\n\n\n<p><strong><u>T\u00e9l\u00e9commande<\/u>&nbsp;:<\/strong><\/p>\n\n\n\n<div class=\"wp-block-image\"><figure class=\"aligncenter size-large\"><img loading=\"lazy\" decoding=\"async\" width=\"1024\" height=\"768\" src=\"http:\/\/leconservatoiredujeu.fr\/wp-content\/uploads\/2022\/03\/telecommande-1-1024x768.jpg\" alt=\"\" class=\"wp-image-12795\" srcset=\"https:\/\/leconservatoiredujeu.fr\/wp-content\/uploads\/2022\/03\/telecommande-1-1024x768.jpg 1024w, https:\/\/leconservatoiredujeu.fr\/wp-content\/uploads\/2022\/03\/telecommande-1-300x225.jpg 300w, https:\/\/leconservatoiredujeu.fr\/wp-content\/uploads\/2022\/03\/telecommande-1-768x576.jpg 768w, https:\/\/leconservatoiredujeu.fr\/wp-content\/uploads\/2022\/03\/telecommande-1-400x300.jpg 400w, https:\/\/leconservatoiredujeu.fr\/wp-content\/uploads\/2022\/03\/telecommande-1.jpg 1200w\" sizes=\"(max-width: 1024px) 100vw, 1024px\" \/><\/figure><\/div>\n\n\n\n<p>La t\u00e9l\u00e9commande DVD + le r\u00e9cepteur infrarouge, pour lire les DVD, (le r\u00e9cepteur est un add-on permettant de d\u00e9bloquer la fonction de lecture des DVD).<\/p>\n\n\n\n<p><strong><u>Pistolet<\/u>&nbsp;:<\/strong><\/p>\n\n\n\n<div class=\"wp-block-image\"><figure class=\"aligncenter size-full\"><img loading=\"lazy\" decoding=\"async\" width=\"425\" height=\"359\" src=\"http:\/\/leconservatoiredujeu.fr\/wp-content\/uploads\/2022\/03\/pistolet.jpg\" alt=\"\" class=\"wp-image-12796\" srcset=\"https:\/\/leconservatoiredujeu.fr\/wp-content\/uploads\/2022\/03\/pistolet.jpg 425w, https:\/\/leconservatoiredujeu.fr\/wp-content\/uploads\/2022\/03\/pistolet-300x253.jpg 300w, https:\/\/leconservatoiredujeu.fr\/wp-content\/uploads\/2022\/03\/pistolet-355x300.jpg 355w\" sizes=\"(max-width: 425px) 100vw, 425px\" \/><\/figure><\/div>\n\n\n\n<p>Ce pistolet est compatible avec des jeux comme&nbsp;: House of the Dead 3, Silent Scope Complete et Starsky et Hutch (dans certaines phase de jeu).<\/p>\n\n\n\n<p><strong><u>C\u00e2bles Ethernet<\/u>&nbsp;:<\/strong><\/p>\n\n\n\n<div class=\"wp-block-image\"><figure class=\"aligncenter size-full\"><img loading=\"lazy\" decoding=\"async\" width=\"425\" height=\"447\" src=\"http:\/\/leconservatoiredujeu.fr\/wp-content\/uploads\/2022\/03\/cable-ethernet.jpg\" alt=\"\" class=\"wp-image-12797\" srcset=\"https:\/\/leconservatoiredujeu.fr\/wp-content\/uploads\/2022\/03\/cable-ethernet.jpg 425w, https:\/\/leconservatoiredujeu.fr\/wp-content\/uploads\/2022\/03\/cable-ethernet-285x300.jpg 285w\" sizes=\"(max-width: 425px) 100vw, 425px\" \/><\/figure><\/div>\n\n\n\n<p>Les c\u00e2bles Ethernets servaient : pour connecter 2 Xbox entre elles et pour connecter votre Xbox \u00e0 un Hub qui pourra accueillir plusieurs Xbox.<\/p>\n\n\n\n<p><strong><u>Source<\/u>&nbsp;:<\/strong> Wikip\u00e9dia<\/p>\n\n\n\n<p class=\"has-text-align-right\">Le Conservatoire du Jeu \u2013 Mars 2022<\/p>\n","protected":false},"excerpt":{"rendered":"<p>Manettes\u00a0: (Il y a 2 types de manettes : l&rsquo;original \u00ab Duke \u00bb, et la manette S \u00ab Slim \u00bb, plus petite et plus l\u00e9g\u00e8re, proche de celle de la Xbox 360. La manette S \u00ab Slim \u00bb n&rsquo;\u00e9tait \u00e0 &hellip; <a href=\"https:\/\/leconservatoiredujeu.fr\/index.php\/xbox-accessoires\/\">Continuer la lecture <span class=\"meta-nav\">&rarr;<\/span><\/a><\/p>\n","protected":false},"author":3,"featured_media":12805,"parent":0,"menu_order":0,"comment_status":"closed","ping_status":"closed","template":"","meta":{"footnotes":""},"_links":{"self":[{"href":"https:\/\/leconservatoiredujeu.fr\/index.php\/wp-json\/wp\/v2\/pages\/12793"}],"collection":[{"href":"https:\/\/leconservatoiredujeu.fr\/index.php\/wp-json\/wp\/v2\/pages"}],"about":[{"href":"https:\/\/leconservatoiredujeu.fr\/index.php\/wp-json\/wp\/v2\/types\/page"}],"author":[{"embeddable":true,"href":"https:\/\/leconservatoiredujeu.fr\/index.php\/wp-json\/wp\/v2\/users\/3"}],"replies":[{"embeddable":true,"href":"https:\/\/leconservatoiredujeu.fr\/index.php\/wp-json\/wp\/v2\/comments?post=12793"}],"version-history":[{"count":4,"href":"https:\/\/leconservatoiredujeu.fr\/index.php\/wp-json\/wp\/v2\/pages\/12793\/revisions"}],"predecessor-version":[{"id":12807,"href":"https:\/\/leconservatoiredujeu.fr\/index.php\/wp-json\/wp\/v2\/pages\/12793\/revisions\/12807"}],"wp:featuredmedia":[{"embeddable":true,"href":"https:\/\/leconservatoiredujeu.fr\/index.php\/wp-json\/wp\/v2\/media\/12805"}],"wp:attachment":[{"href":"https:\/\/leconservatoiredujeu.fr\/index.php\/wp-json\/wp\/v2\/media?parent=12793"}],"curies":[{"name":"wp","href":"https:\/\/api.w.org\/{rel}","templated":true}]}}