{"id":12319,"date":"2022-01-18T16:40:00","date_gmt":"2022-01-18T15:40:00","guid":{"rendered":"http:\/\/leconservatoiredujeu.fr\/?page_id=12319"},"modified":"2022-04-13T13:15:40","modified_gmt":"2022-04-13T11:15:40","slug":"gabaky","status":"publish","type":"page","link":"https:\/\/leconservatoiredujeu.fr\/index.php\/gabaky\/","title":{"rendered":"Gabaky"},"content":{"rendered":"\n<p>\u00a0Jeu d\u2019int\u00e9rieur original breton (fabriqu\u00e9 \u00e0 Bruz en Ille et Vilaine (35)). Sortie en 2021.<\/p>\n\n\n\n<div class=\"wp-block-image\"><figure class=\"aligncenter size-full\"><img loading=\"lazy\" decoding=\"async\" width=\"458\" height=\"458\" src=\"http:\/\/leconservatoiredujeu.fr\/wp-content\/uploads\/2022\/01\/jeu-gabaky.jpg\" alt=\"\" class=\"wp-image-12320\" srcset=\"https:\/\/leconservatoiredujeu.fr\/wp-content\/uploads\/2022\/01\/jeu-gabaky.jpg 458w, https:\/\/leconservatoiredujeu.fr\/wp-content\/uploads\/2022\/01\/jeu-gabaky-300x300.jpg 300w, https:\/\/leconservatoiredujeu.fr\/wp-content\/uploads\/2022\/01\/jeu-gabaky-150x150.jpg 150w\" sizes=\"(max-width: 458px) 100vw, 458px\" \/><figcaption>Boite et mat\u00e9riel de jeu du Gabaky<\/figcaption><\/figure><\/div>\n\n\n\n<p>Le Gabaky est un jeu influenc\u00e9 par plusieurs disciplines et facile \u00e0 prendre en main. Familier de la p\u00e9tanque, il en garde les m\u00e9canismes. \u00c0 l\u2019instar des jeux de palets, seuls les gabaky sur le plateau sont comptabilis\u00e9s. Comme au Curling, un objectif : la cible !<\/p>\n\n\n\n<p><strong><u>R\u00e8gles du jeu<\/u><\/strong>&nbsp;:<\/p>\n\n\n\n<p>L\u2019\u00e9quipe la plus proche du centre gagne la manche et marque autant de points que de gabaky mieux plac\u00e9s. Elle commence la manche suivante et la 1\u00e8re \u00e9quipe qui a 13 points a gagn\u00e9. Simple \u00e0 comprendre, il n\u2019y a plus qu\u2019\u00e0 viser et faire mieux que l\u2019adversaire.<\/p>\n\n\n\n<p>Choisissez votre couleur et placez la cible \u00e0 4 m\u00e8tres. Seul ou en \u00e9quipe, le 1er joueur lance son gabaky. \u00c0 l\u2019autre \u00e9quipe de faire mieux. L\u2019\u00e9quipe qui a son gabaky le plus loin du centre de la cible doit jouer jusqu\u2019\u00e0 reprendre la main. Quand une \u00e9quipe a utilis\u00e9 tous ses gabaky, \u00e0 l\u2019adversaire de terminer la manche.<\/p>\n\n\n\n<p>Pas de limite : le gabaky peut rouler sur le sol, atterrir sur la cible ou encore expulser son adversaire. Seuls les gabaky sur le plateau \u00e0 la fin d\u2019une manche sont comptabilis\u00e9s. C\u2019est \u00e0 vous de vous adapter judicieusement aux diff\u00e9rentes situations du jeu pour gagner.<\/p>\n\n\n\n<p>Combien de joueurs peuvent jouer au Gabaky ? Jouer en un contre un jusqu\u2019\u00e0 4 joueurs ou jouer en \u00e9quipe jusqu\u2019\u00e0 8 joueurs. Le GABAKY est par exemple id\u00e9al pour les soir\u00e9es entre amis.<\/p>\n\n\n\n<div class=\"wp-block-image\"><figure class=\"aligncenter size-full\"><img loading=\"lazy\" decoding=\"async\" width=\"400\" height=\"272\" src=\"http:\/\/leconservatoiredujeu.fr\/wp-content\/uploads\/2022\/01\/Gabaky.jpg\" alt=\"\" class=\"wp-image-12323\" srcset=\"https:\/\/leconservatoiredujeu.fr\/wp-content\/uploads\/2022\/01\/Gabaky.jpg 400w, https:\/\/leconservatoiredujeu.fr\/wp-content\/uploads\/2022\/01\/Gabaky-300x204.jpg 300w\" sizes=\"(max-width: 400px) 100vw, 400px\" \/><figcaption>Partie de Gabaky <\/figcaption><\/figure><\/div>\n\n\n\n<p><strong><span style=\"text-decoration: underline;\">Cr\u00e9dit<\/span> :<\/strong> Gabaky.com<\/p>\n\n\n\n<p class=\"has-text-align-right\">                                                                                    Le Conservatoire du Jeu- Avril 2022<\/p>\n","protected":false},"excerpt":{"rendered":"<p>\u00a0Jeu d\u2019int\u00e9rieur original breton (fabriqu\u00e9 \u00e0 Bruz en Ille et Vilaine (35)). Sortie en 2021. Le Gabaky est un jeu influenc\u00e9 par plusieurs disciplines et facile \u00e0 prendre en main. Familier de la p\u00e9tanque, il en garde les m\u00e9canismes. \u00c0 &hellip; <a href=\"https:\/\/leconservatoiredujeu.fr\/index.php\/gabaky\/\">Continuer la lecture <span class=\"meta-nav\">&rarr;<\/span><\/a><\/p>\n","protected":false},"author":3,"featured_media":12325,"parent":0,"menu_order":0,"comment_status":"closed","ping_status":"closed","template":"","meta":{"footnotes":""},"_links":{"self":[{"href":"https:\/\/leconservatoiredujeu.fr\/index.php\/wp-json\/wp\/v2\/pages\/12319"}],"collection":[{"href":"https:\/\/leconservatoiredujeu.fr\/index.php\/wp-json\/wp\/v2\/pages"}],"about":[{"href":"https:\/\/leconservatoiredujeu.fr\/index.php\/wp-json\/wp\/v2\/types\/page"}],"author":[{"embeddable":true,"href":"https:\/\/leconservatoiredujeu.fr\/index.php\/wp-json\/wp\/v2\/users\/3"}],"replies":[{"embeddable":true,"href":"https:\/\/leconservatoiredujeu.fr\/index.php\/wp-json\/wp\/v2\/comments?post=12319"}],"version-history":[{"count":7,"href":"https:\/\/leconservatoiredujeu.fr\/index.php\/wp-json\/wp\/v2\/pages\/12319\/revisions"}],"predecessor-version":[{"id":12875,"href":"https:\/\/leconservatoiredujeu.fr\/index.php\/wp-json\/wp\/v2\/pages\/12319\/revisions\/12875"}],"wp:featuredmedia":[{"embeddable":true,"href":"https:\/\/leconservatoiredujeu.fr\/index.php\/wp-json\/wp\/v2\/media\/12325"}],"wp:attachment":[{"href":"https:\/\/leconservatoiredujeu.fr\/index.php\/wp-json\/wp\/v2\/media?parent=12319"}],"curies":[{"name":"wp","href":"https:\/\/api.w.org\/{rel}","templated":true}]}}