{"id":11745,"date":"2020-08-31T10:16:34","date_gmt":"2020-08-31T08:16:34","guid":{"rendered":"http:\/\/leconservatoiredujeu.fr\/?page_id=11745"},"modified":"2022-04-06T16:07:51","modified_gmt":"2022-04-06T14:07:51","slug":"nomad","status":"publish","type":"page","link":"https:\/\/leconservatoiredujeu.fr\/index.php\/nomad\/","title":{"rendered":"Nomad"},"content":{"rendered":"\n<div class=\"wp-block-image is-style-default\"><figure class=\"aligncenter size-large\"><img loading=\"lazy\" decoding=\"async\" width=\"400\" height=\"400\" src=\"http:\/\/leconservatoiredujeu.fr\/wp-content\/uploads\/2020\/08\/NOMAD-3.jpg\" alt=\"\" class=\"wp-image-11746\" srcset=\"https:\/\/leconservatoiredujeu.fr\/wp-content\/uploads\/2020\/08\/NOMAD-3.jpg 400w, https:\/\/leconservatoiredujeu.fr\/wp-content\/uploads\/2020\/08\/NOMAD-3-300x300.jpg 300w, https:\/\/leconservatoiredujeu.fr\/wp-content\/uploads\/2020\/08\/NOMAD-3-150x150.jpg 150w\" sizes=\"(max-width: 400px) 100vw, 400px\" \/><\/figure><\/div>\n\n\n\n<p>La Nomad de Sega est une console de jeux vid\u00e9o portable qui utilise les cartouches de jeux Mega Drive. Son nom de code durant son d\u00e9veloppement \u00e9tait \u00ab Project Venus \u00bb conform\u00e9ment \u00e0 l&rsquo;habitude prise par Sega de donner des noms de code d&rsquo;apr\u00e8s les plan\u00e8tes du syst\u00e8me solaire.<\/p>\n\n\n\n<div class=\"wp-block-image is-style-default\"><figure class=\"aligncenter size-medium\"><img loading=\"lazy\" decoding=\"async\" width=\"300\" height=\"199\" src=\"http:\/\/leconservatoiredujeu.fr\/wp-content\/uploads\/2020\/08\/1-4-300x199.jpg\" alt=\"\" class=\"wp-image-11749\" srcset=\"https:\/\/leconservatoiredujeu.fr\/wp-content\/uploads\/2020\/08\/1-4-300x199.jpg 300w, https:\/\/leconservatoiredujeu.fr\/wp-content\/uploads\/2020\/08\/1-4-452x300.jpg 452w, https:\/\/leconservatoiredujeu.fr\/wp-content\/uploads\/2020\/08\/1-4.jpg 512w\" sizes=\"(max-width: 300px) 100vw, 300px\" \/><\/figure><\/div>\n\n\n\n<p>Elle est mise uniquement sur le march\u00e9 am\u00e9ricain le 13 octobre 1995.<\/p>\n\n\n\n<p>La console permet de jouer \u00e0 5 joueurs simultan\u00e9ment, gr\u00e2ce \u00e0 l&rsquo;utilisation d&rsquo;un adaptateur et des manettes de jeu. Il faut alors la brancher sur la t\u00e9l\u00e9vision, et utiliser de pr\u00e9f\u00e9rence un adaptateur secteur car la batterie se vide alors tr\u00e8s rapidement.<\/p>\n\n\n\n<p>Elle fut un \u00e9chec commercial. Pesant pr\u00e8s de 440g sans la batterie et d\u2019une cartouche, la Nomad est assez encombrante. Sa faible autonomie et son prix \u00e9lev\u00e9 de 180$ expliquent sans doute en partie cet \u00e9chec malgr\u00e9 une puissance bien sup\u00e9rieure \u00e0 la Game Boy.<\/p>\n\n\n\n<p class=\"has-white-color has-text-color\">Ligne<\/p>\n\n\n\n<h2 class=\"wp-block-heading\"><span style=\"text-decoration: underline;\">Pr\u00e9sentation<\/span><\/h2>\n\n\n\n<p>La Nomad est une console portable aussi bas\u00e9e sur la Mega Drive 2, d\u00e9velopp\u00e9e par Sega of America et sortie uniquement aux USA.<\/p>\n\n\n\n<p>Il s&rsquo;agit en r\u00e9alit\u00e9 d&rsquo;une Mega Jet (l&rsquo;inspiration saute aux yeux) \u00e0 laquelle on a int\u00e9gr\u00e9 un \u00e9cran LCD \u00e0 matrice active (on voit l&rsquo;image m\u00eame de c\u00f4t\u00e9) et un haut-parleur pour en faire une v\u00e9ritable console portable. Tout comme la Mega Jet, elle permet aussi de jouer sur une TV et \u00e0 2 joueurs gr\u00e2ce \u00e0 un port manette suppl\u00e9mentaire se trouvant sous la console.<\/p>\n\n\n\n<div class=\"wp-block-image is-style-default\"><figure class=\"aligncenter size-large\"><img loading=\"lazy\" decoding=\"async\" width=\"500\" height=\"343\" src=\"http:\/\/leconservatoiredujeu.fr\/wp-content\/uploads\/2020\/08\/2-JET.jpg\" alt=\"\" class=\"wp-image-11750\" srcset=\"https:\/\/leconservatoiredujeu.fr\/wp-content\/uploads\/2020\/08\/2-JET.jpg 500w, https:\/\/leconservatoiredujeu.fr\/wp-content\/uploads\/2020\/08\/2-JET-300x206.jpg 300w, https:\/\/leconservatoiredujeu.fr\/wp-content\/uploads\/2020\/08\/2-JET-437x300.jpg 437w\" sizes=\"(max-width: 500px) 100vw, 500px\" \/><\/figure><\/div>\n\n\n\n<p>La console ne poss\u00e8de pas de compartiment int\u00e9gr\u00e9 pour les piles, elle est vendue avec un bo\u00eetier qu&rsquo;on peut fixer \u00e0 l&rsquo;arri\u00e8re et contenant 6 piles pour une autonomie de 3 \u00e0 5h, voire moins de 2h avec des piles rechargeables (accus).<\/p>\n\n\n\n<p>Vous l&rsquo;aurez compris, la Nomad est une fantastique portable mais elle a un tr\u00e8s gros point faible : sa consommation !<br>Si aujourd&rsquo;hui les piles et les accus ont gagn\u00e9 en capacit\u00e9 et qu&rsquo;on parle de plus de 5h d&rsquo;autonomie avec de bons accus, pour l&rsquo;\u00e9poque, cela revenait tr\u00e8s cher en pile<\/p>\n\n\n\n<p>Il existerait un prototype europ\u00e9en (PAL) de la Nomad qui \u00e9tait aussi pr\u00e9vue en Europe mais qui n&rsquo;est finalement pas sortie car la Mega Drive \u00e9tait d\u00e9j\u00e0 en d\u00e9clin en 1995.<\/p>\n\n\n\n<p class=\"has-white-color has-text-color\">Ligne<\/p>\n\n\n\n<h2 class=\"wp-block-heading\"><span style=\"text-decoration: underline;\">Sp\u00e9cifications techniques<\/span><\/h2>\n\n\n\n<figure class=\"wp-block-table\"><table><tbody><tr><td>Processeur<\/td><td>Motorola 68000 16 bit cadenc\u00e9 \u00e0 7,67&nbsp;MHz<\/td><\/tr><tr><td>Coprocesseur (carte-son)<\/td><td>Zilog Z80 8-bit \u00e0 3,58&nbsp;MHz<\/td><\/tr><tr><td>M\u00e9moire<\/td><td>156 kio au total 64 kio de RAM 64 kio de VRAM 8 kio de RAM pour le son 20 kio de ROM<\/td><\/tr><tr><td>Palette graphique<\/td><td>512<\/td><\/tr><tr><td>Couleurs affich\u00e9es<\/td><td>64<\/td><\/tr><tr><td>Maximum de sprites affich\u00e9s<\/td><td>80<\/td><\/tr><tr><td>R\u00e9solution<\/td><td>320 \u00d7 224<\/td><\/tr><tr><td>Son<\/td><td>Yamaha YM2612 FM 6 canaux, 4 canaux PSG additionnels. Son St\u00e9r\u00e9o. Texas Instruments SN76489 PSG (Programmable Sound Generator)<\/td><\/tr><tr><td>Affichage<\/td><td>\u00c9cran LCD \u00e0 matrice passive<\/td><\/tr><tr><td>Alimentation<\/td><td>9V, 850 mA (m\u00eame consommation que la Genesis \/ Mega Drive II)<\/td><\/tr><tr><td>Dimensions<\/td><td>190 mm (W) x 108 mm (H) x 51 mm (D)<\/td><\/tr><\/tbody><\/table><\/figure>\n\n\n\n<div class=\"wp-block-image is-style-default\"><figure class=\"aligncenter size-large\"><img loading=\"lazy\" decoding=\"async\" width=\"500\" height=\"375\" src=\"http:\/\/leconservatoiredujeu.fr\/wp-content\/uploads\/2020\/08\/3-3.jpg\" alt=\"\" class=\"wp-image-11751\" srcset=\"https:\/\/leconservatoiredujeu.fr\/wp-content\/uploads\/2020\/08\/3-3.jpg 500w, https:\/\/leconservatoiredujeu.fr\/wp-content\/uploads\/2020\/08\/3-3-300x225.jpg 300w, https:\/\/leconservatoiredujeu.fr\/wp-content\/uploads\/2020\/08\/3-3-400x300.jpg 400w\" sizes=\"(max-width: 500px) 100vw, 500px\" \/><\/figure><\/div>\n\n\n\n<p class=\"has-white-color has-text-color\">Ligne<\/p>\n\n\n\n<h2 class=\"wp-block-heading\"><span style=\"text-decoration: underline;\">Bibliographie<\/span><\/h2>\n\n\n\n<ul><li>(en) Steven L. Kent, The Ultimate History of Video Games : The Story Behind the Craze that Touched our Lives and Changed the World, Roseville, Prima Publishing, 2001, 608 p. <strong>(ISBN 0-7615-3643-4, OCLC 47254175)<\/strong><\/li><li>(en) Sam Pettus (dir.), Service Games : The Rise and Fall of SEGA, Lexington, eBook, 2013, 472 p. <strong>(ISBN 1494288354, OCLC 870972911)<\/strong><\/li><\/ul>\n\n\n\n<p class=\"has-white-color has-text-color\">Ligne<\/p>\n\n\n\n<p class=\"has-text-align-left\"><strong><span style=\"text-decoration: underline;\">Source <\/span>:<\/strong> Wikip\u00e9dia<\/p>\n\n\n\n<p class=\"has-text-align-right\">Le Conservatoire du Jeu &#8211; Avril 2022<\/p>\n","protected":false},"excerpt":{"rendered":"<p>La Nomad de Sega est une console de jeux vid\u00e9o portable qui utilise les cartouches de jeux Mega Drive. Son nom de code durant son d\u00e9veloppement \u00e9tait \u00ab Project Venus \u00bb conform\u00e9ment \u00e0 l&rsquo;habitude prise par Sega de donner des &hellip; <a href=\"https:\/\/leconservatoiredujeu.fr\/index.php\/nomad\/\">Continuer la lecture <span class=\"meta-nav\">&rarr;<\/span><\/a><\/p>\n","protected":false},"author":3,"featured_media":0,"parent":0,"menu_order":0,"comment_status":"closed","ping_status":"closed","template":"","meta":{"footnotes":""},"_links":{"self":[{"href":"https:\/\/leconservatoiredujeu.fr\/index.php\/wp-json\/wp\/v2\/pages\/11745"}],"collection":[{"href":"https:\/\/leconservatoiredujeu.fr\/index.php\/wp-json\/wp\/v2\/pages"}],"about":[{"href":"https:\/\/leconservatoiredujeu.fr\/index.php\/wp-json\/wp\/v2\/types\/page"}],"author":[{"embeddable":true,"href":"https:\/\/leconservatoiredujeu.fr\/index.php\/wp-json\/wp\/v2\/users\/3"}],"replies":[{"embeddable":true,"href":"https:\/\/leconservatoiredujeu.fr\/index.php\/wp-json\/wp\/v2\/comments?post=11745"}],"version-history":[{"count":4,"href":"https:\/\/leconservatoiredujeu.fr\/index.php\/wp-json\/wp\/v2\/pages\/11745\/revisions"}],"predecessor-version":[{"id":12838,"href":"https:\/\/leconservatoiredujeu.fr\/index.php\/wp-json\/wp\/v2\/pages\/11745\/revisions\/12838"}],"wp:attachment":[{"href":"https:\/\/leconservatoiredujeu.fr\/index.php\/wp-json\/wp\/v2\/media?parent=11745"}],"curies":[{"name":"wp","href":"https:\/\/api.w.org\/{rel}","templated":true}]}}