{"id":11597,"date":"2020-08-26T18:03:05","date_gmt":"2020-08-26T16:03:05","guid":{"rendered":"http:\/\/leconservatoiredujeu.fr\/?page_id=11597"},"modified":"2022-03-30T16:59:04","modified_gmt":"2022-03-30T14:59:04","slug":"sony-ps-vita-accessoires","status":"publish","type":"page","link":"https:\/\/leconservatoiredujeu.fr\/index.php\/sony-ps-vita-accessoires\/","title":{"rendered":"Sony &#8211; PS Vita &#8211; Accessoires"},"content":{"rendered":"\n<p class=\"has-text-align-left\"><strong><span style=\"text-decoration: underline;\">Grip<\/span><\/strong> :<\/p>\n\n\n\n<div class=\"wp-block-image is-style-default\"><figure class=\"aligncenter size-medium\"><img loading=\"lazy\" decoding=\"async\" width=\"300\" height=\"180\" src=\"http:\/\/leconservatoiredujeu.fr\/wp-content\/uploads\/2020\/09\/Grip-300x180.jpg\" alt=\"\" class=\"wp-image-11940\" srcset=\"https:\/\/leconservatoiredujeu.fr\/wp-content\/uploads\/2020\/09\/Grip-300x180.jpg 300w, https:\/\/leconservatoiredujeu.fr\/wp-content\/uploads\/2020\/09\/Grip-500x300.jpg 500w, https:\/\/leconservatoiredujeu.fr\/wp-content\/uploads\/2020\/09\/Grip.jpg 679w\" sizes=\"(max-width: 300px) 100vw, 300px\" \/><\/figure><\/div>\n\n\n\n<p>Officiellement licens\u00e9 Sony<br>&#8211; Une poign\u00e9e en silicone fixable sur le dessous de la PS Vita<br>&#8211; Prise en main id\u00e9al similaire aux manettes grand format<br>&#8211; La poign\u00e9e coulisse pour pouvoir poser la PS Vita en mode visionage<br>&#8211; Acc\u00e8s pour tous boutons, entr\u00e9e cable, cartouches et \u00e9cran tactile conserv\u00e9<\/p>\n\n\n\n<p class=\"has-white-color has-text-color\">Ligne<\/p>\n\n\n\n<p class=\"has-text-align-left\"><strong><span style=\"text-decoration: underline;\">Chargeur portable<\/span><\/strong> :<\/p>\n\n\n\n<div class=\"wp-block-image is-style-default\"><figure class=\"aligncenter size-medium\"><img loading=\"lazy\" decoding=\"async\" width=\"300\" height=\"300\" src=\"http:\/\/leconservatoiredujeu.fr\/wp-content\/uploads\/2020\/09\/CHARGE-300x300.jpg\" alt=\"\" class=\"wp-image-11941\" srcset=\"https:\/\/leconservatoiredujeu.fr\/wp-content\/uploads\/2020\/09\/CHARGE-300x300.jpg 300w, https:\/\/leconservatoiredujeu.fr\/wp-content\/uploads\/2020\/09\/CHARGE-150x150.jpg 150w, https:\/\/leconservatoiredujeu.fr\/wp-content\/uploads\/2020\/09\/CHARGE.jpg 340w\" sizes=\"(max-width: 300px) 100vw, 300px\" \/><\/figure><\/div>\n\n\n\n<p>Ce chargeur rallonge votre dur\u00e9e de jeu d&rsquo;environ une fois et demie, compar\u00e9e \u00e0 la batterie d&rsquo;origine. Soit 4 \u00e0 7 heures de jeu, 7 heures de vid\u00e9o ou 13 heures de musique suppl\u00e9mentaires.<br>De plus, ce chargeur garde toute sa charge pendant un an, \u00e9vitant ainsi la d\u00e9charge de la batterie au cours du temps.<\/p>\n\n\n\n<p class=\"has-white-color has-text-color\">Ligne<\/p>\n\n\n\n<p class=\"has-text-align-left\"><strong><span style=\"text-decoration: underline;\">Adaptateur micro USB<\/span><\/strong> :<\/p>\n\n\n\n<div class=\"wp-block-image is-style-default\"><figure class=\"aligncenter size-medium\"><img loading=\"lazy\" decoding=\"async\" width=\"300\" height=\"300\" src=\"http:\/\/leconservatoiredujeu.fr\/wp-content\/uploads\/2020\/09\/USB-300x300.jpg\" alt=\"\" class=\"wp-image-11942\" srcset=\"https:\/\/leconservatoiredujeu.fr\/wp-content\/uploads\/2020\/09\/USB-300x300.jpg 300w, https:\/\/leconservatoiredujeu.fr\/wp-content\/uploads\/2020\/09\/USB-150x150.jpg 150w, https:\/\/leconservatoiredujeu.fr\/wp-content\/uploads\/2020\/09\/USB.jpg 400w\" sizes=\"(max-width: 300px) 100vw, 300px\" \/><\/figure><\/div>\n\n\n\n<p class=\"has-white-color has-text-color\">Ligne<\/p>\n\n\n\n<p class=\"has-text-align-left\"><strong><span style=\"text-decoration: underline;\">\u00c9cran de protection<\/span><\/strong> :<\/p>\n\n\n\n<div class=\"wp-block-image is-style-default\"><figure class=\"aligncenter size-medium\"><img loading=\"lazy\" decoding=\"async\" width=\"300\" height=\"300\" src=\"http:\/\/leconservatoiredujeu.fr\/wp-content\/uploads\/2020\/09\/PROTECT-300x300.jpg\" alt=\"\" class=\"wp-image-11944\" srcset=\"https:\/\/leconservatoiredujeu.fr\/wp-content\/uploads\/2020\/09\/PROTECT-300x300.jpg 300w, https:\/\/leconservatoiredujeu.fr\/wp-content\/uploads\/2020\/09\/PROTECT-150x150.jpg 150w, https:\/\/leconservatoiredujeu.fr\/wp-content\/uploads\/2020\/09\/PROTECT.jpg 458w\" sizes=\"(max-width: 300px) 100vw, 300px\" \/><\/figure><\/div>\n\n\n\n<p>Ecran de protection pour \u00e9viter toutes les rayures, les casses. Prot\u00e8ge aussi des reflets du rayon de soleil, pose facile. Bien nettoyer au pr\u00e9alable votre \u00e9cran. Peut \u00e9viter la casse de l&rsquo;\u00e9cran lcd ou tactile. L&rsquo;int\u00e9gralit\u00e9 de la console face \u00e9cran est prot\u00e9g\u00e9, y compris le cadre et le contour des touches. Seul les touches restent libres.<\/p>\n\n\n\n<p class=\"has-white-color has-text-color\">Ligne<\/p>\n\n\n\n<p class=\"has-text-align-left\"><strong><span style=\"text-decoration: underline;\">Carte m\u00e9moire<\/span><\/strong> :<\/p>\n\n\n\n<div class=\"wp-block-image is-style-default\"><figure class=\"aligncenter size-medium\"><img loading=\"lazy\" decoding=\"async\" width=\"300\" height=\"251\" src=\"http:\/\/leconservatoiredujeu.fr\/wp-content\/uploads\/2020\/09\/SD-300x251.jpg\" alt=\"\" class=\"wp-image-11945\" srcset=\"https:\/\/leconservatoiredujeu.fr\/wp-content\/uploads\/2020\/09\/SD-300x251.jpg 300w, https:\/\/leconservatoiredujeu.fr\/wp-content\/uploads\/2020\/09\/SD-358x300.jpg 358w, https:\/\/leconservatoiredujeu.fr\/wp-content\/uploads\/2020\/09\/SD.jpg 569w\" sizes=\"(max-width: 300px) 100vw, 300px\" \/><\/figure><\/div>\n\n\n\n<p><span class=\"has-inline-color has-black-color\">La\u00a0carte PlayStation Vita\u00a0(anciennement\u00a0Next Video Gaming Card\u00a0pour carte vid\u00e9o-ludique nouvelle g\u00e9n\u00e9ration) est un support de\u00a0stockage\u00a0mis au point par la firme d\u2019\u00e9lectronique\u00a0<a href=\"http:\/\/leconservatoiredujeu.fr\/index.php\/sony\/\" data-type=\"URL\" data-id=\"http:\/\/leconservatoiredujeu.fr\/index.php\/sony\/\">Sony<\/a>\u00a0destin\u00e9 \u00e0 sa console de jeu portable PlayStation Vita. Elle a pour fonction le support physique des jeux commercialis\u00e9s, succ\u00e9dant \u00e0 l\u2019Universal Media Disc\u00a0utilis\u00e9 pour les consoles\u00a0PlayStation Portable\u00a0du m\u00eame fabricant. C\u2019est \u00e9galement sur cette carte que sont stock\u00e9es les\u00a0sauvegardes\u00a0du jeu ainsi que divers ajouts comme les mises \u00e0 jour ou des contenus suppl\u00e9mentaires t\u00e9l\u00e9chargeables. Elle n\u2019est toutefois pas pr\u00e9vue au stockage de m\u00e9dias ou de jeux t\u00e9l\u00e9charg\u00e9s, fonction assur\u00e9e par une carte m\u00e9moire propri\u00e9taire. D\u2019une taille et d\u2019une forme comparable aux\u00a0cartes SD, la carte PS Vita, fond\u00e9e sur la technologie\u00a0flash, est d\u00e9clin\u00e9e en format de 2 ou 4\u00a0Go\u00a0selon les besoins du jeu, 5 \u00e0 10\u00a0% de l\u2019espace inscriptible \u00e9tant r\u00e9serv\u00e9 pour les sauvegardes et ajouts divers.<\/span><\/p>\n\n\n\n<p class=\"has-white-color has-text-color\">Ligne<\/p>\n\n\n\n<p class=\"has-text-align-left\"><strong><span style=\"text-decoration: underline;\">Support<\/span><\/strong> :<\/p>\n\n\n\n<div class=\"wp-block-image is-style-default\"><figure class=\"aligncenter size-large\"><img loading=\"lazy\" decoding=\"async\" width=\"300\" height=\"300\" src=\"http:\/\/leconservatoiredujeu.fr\/wp-content\/uploads\/2020\/09\/SUPPORT.jpg\" alt=\"\" class=\"wp-image-11946\" srcset=\"https:\/\/leconservatoiredujeu.fr\/wp-content\/uploads\/2020\/09\/SUPPORT.jpg 300w, https:\/\/leconservatoiredujeu.fr\/wp-content\/uploads\/2020\/09\/SUPPORT-150x150.jpg 150w\" sizes=\"(max-width: 300px) 100vw, 300px\" \/><\/figure><\/div>\n\n\n\n<p>Caract\u00e9ristiques du quai de charge: protection contre les courts-circuits; protection contre les surintensit\u00e9s; protection contre les surtensions; protection contre les surchauffes<\/p>\n\n\n\n<p class=\"has-white-color has-text-color\">Ligne<\/p>\n\n\n\n<p class=\"has-text-align-left\"><strong><span style=\"text-decoration: underline;\">Volant<\/span><\/strong> :<\/p>\n\n\n\n<div class=\"wp-block-image is-style-default\"><figure class=\"aligncenter size-medium\"><img loading=\"lazy\" decoding=\"async\" width=\"283\" height=\"300\" src=\"http:\/\/leconservatoiredujeu.fr\/wp-content\/uploads\/2020\/09\/Volant-283x300.jpg\" alt=\"\" class=\"wp-image-11947\" srcset=\"https:\/\/leconservatoiredujeu.fr\/wp-content\/uploads\/2020\/09\/Volant-283x300.jpg 283w, https:\/\/leconservatoiredujeu.fr\/wp-content\/uploads\/2020\/09\/Volant.jpg 424w\" sizes=\"(max-width: 283px) 100vw, 283px\" \/><\/figure><\/div>\n\n\n\n<p>Rejoignez la course au volant de votre console PSVITA !\u00a0 Profitez du mode gyroscopique de la PSVITA pour augmenter vos sensations en jeu.\u00a0 Volant l\u00e9ger pour une utilisation prolong\u00e9e.\u00a0 Pied rabatable pour transformer votre volant en<br>v\u00e9ritable socle.\u00a0 Raccourcis pour les boutons \u00ab\u00a0L\u00a0\u00bb et \u00ab\u00a0R\u00a0\u00bb.<\/p>\n\n\n\n<p class=\"has-white-color has-text-color\">Ligne<\/p>\n\n\n\n<p class=\"has-text-align-left\"><strong><span style=\"text-decoration: underline;\">Pochette<\/span><\/strong> :<\/p>\n\n\n\n<div class=\"wp-block-image is-style-default\"><figure class=\"aligncenter size-medium\"><img loading=\"lazy\" decoding=\"async\" width=\"300\" height=\"300\" src=\"http:\/\/leconservatoiredujeu.fr\/wp-content\/uploads\/2020\/09\/POCHETTE-300x300.jpg\" alt=\"\" class=\"wp-image-11948\" srcset=\"https:\/\/leconservatoiredujeu.fr\/wp-content\/uploads\/2020\/09\/POCHETTE-300x300.jpg 300w, https:\/\/leconservatoiredujeu.fr\/wp-content\/uploads\/2020\/09\/POCHETTE-150x150.jpg 150w, https:\/\/leconservatoiredujeu.fr\/wp-content\/uploads\/2020\/09\/POCHETTE.jpg 640w\" sizes=\"(max-width: 300px) 100vw, 300px\" \/><\/figure><\/div>\n\n\n\n<p class=\"has-white-color has-text-color\">Ligne<\/p>\n\n\n\n<p class=\"has-text-align-right\">Le Conservatoire du Jeu &#8211; Mars 2022<\/p>\n","protected":false},"excerpt":{"rendered":"<p>Grip : Officiellement licens\u00e9 Sony&#8211; Une poign\u00e9e en silicone fixable sur le dessous de la PS Vita&#8211; Prise en main id\u00e9al similaire aux manettes grand format&#8211; La poign\u00e9e coulisse pour pouvoir poser la PS Vita en mode visionage&#8211; Acc\u00e8s pour &hellip; <a href=\"https:\/\/leconservatoiredujeu.fr\/index.php\/sony-ps-vita-accessoires\/\">Continuer la lecture <span class=\"meta-nav\">&rarr;<\/span><\/a><\/p>\n","protected":false},"author":1,"featured_media":11946,"parent":0,"menu_order":0,"comment_status":"closed","ping_status":"closed","template":"","meta":{"footnotes":""},"_links":{"self":[{"href":"https:\/\/leconservatoiredujeu.fr\/index.php\/wp-json\/wp\/v2\/pages\/11597"}],"collection":[{"href":"https:\/\/leconservatoiredujeu.fr\/index.php\/wp-json\/wp\/v2\/pages"}],"about":[{"href":"https:\/\/leconservatoiredujeu.fr\/index.php\/wp-json\/wp\/v2\/types\/page"}],"author":[{"embeddable":true,"href":"https:\/\/leconservatoiredujeu.fr\/index.php\/wp-json\/wp\/v2\/users\/1"}],"replies":[{"embeddable":true,"href":"https:\/\/leconservatoiredujeu.fr\/index.php\/wp-json\/wp\/v2\/comments?post=11597"}],"version-history":[{"count":5,"href":"https:\/\/leconservatoiredujeu.fr\/index.php\/wp-json\/wp\/v2\/pages\/11597\/revisions"}],"predecessor-version":[{"id":12772,"href":"https:\/\/leconservatoiredujeu.fr\/index.php\/wp-json\/wp\/v2\/pages\/11597\/revisions\/12772"}],"wp:featuredmedia":[{"embeddable":true,"href":"https:\/\/leconservatoiredujeu.fr\/index.php\/wp-json\/wp\/v2\/media\/11946"}],"wp:attachment":[{"href":"https:\/\/leconservatoiredujeu.fr\/index.php\/wp-json\/wp\/v2\/media?parent=11597"}],"curies":[{"name":"wp","href":"https:\/\/api.w.org\/{rel}","templated":true}]}}