{"id":11593,"date":"2020-08-26T17:59:39","date_gmt":"2020-08-26T15:59:39","guid":{"rendered":"http:\/\/leconservatoiredujeu.fr\/?page_id=11593"},"modified":"2022-03-28T17:52:05","modified_gmt":"2022-03-28T15:52:05","slug":"sony-playstation-5-accessoires","status":"publish","type":"page","link":"https:\/\/leconservatoiredujeu.fr\/index.php\/sony-playstation-5-accessoires\/","title":{"rendered":"Sony &#8211; Playstation 5 &#8211; Accessoires"},"content":{"rendered":"\n<p class=\"has-text-align-left\"><strong><span style=\"text-decoration: underline;\">Manette<\/span><\/strong> :<\/p>\n\n\n\n<div class=\"wp-block-image is-style-default\"><figure class=\"aligncenter size-medium\"><img loading=\"lazy\" decoding=\"async\" width=\"300\" height=\"200\" src=\"http:\/\/leconservatoiredujeu.fr\/wp-content\/uploads\/2020\/08\/MANETTE-7-300x200.jpg\" alt=\"\" class=\"wp-image-11902\" srcset=\"https:\/\/leconservatoiredujeu.fr\/wp-content\/uploads\/2020\/08\/MANETTE-7-300x200.jpg 300w, https:\/\/leconservatoiredujeu.fr\/wp-content\/uploads\/2020\/08\/MANETTE-7-1024x683.jpg 1024w, https:\/\/leconservatoiredujeu.fr\/wp-content\/uploads\/2020\/08\/MANETTE-7-768x512.jpg 768w, https:\/\/leconservatoiredujeu.fr\/wp-content\/uploads\/2020\/08\/MANETTE-7-450x300.jpg 450w, https:\/\/leconservatoiredujeu.fr\/wp-content\/uploads\/2020\/08\/MANETTE-7.jpg 1200w\" sizes=\"(max-width: 300px) 100vw, 300px\" \/><\/figure><\/div>\n\n\n\n<p>La DualSense, destin\u00e9 \u00e0 la\u00a0<a href=\"http:\/\/leconservatoiredujeu.fr\/index.php\/playstation-5\/\" data-type=\"URL\" data-id=\"http:\/\/leconservatoiredujeu.fr\/index.php\/playstation-5\/\">PlayStation 5<\/a>, est annonc\u00e9e le\u00a07 avril 2020 . Elle reprend le design iconique des DualShock, avec les\u00a0joysticks\u00a0sym\u00e9triques et la barre lumineuse qui fait cette fois-ci le tour du\u00a0pav\u00e9 tactile, contrairement \u00e0 la DualShock 4 o\u00f9 elle \u00e9tait \u00e0 l&rsquo;arri\u00e8re.<\/p>\n\n\n\n<p>\u00c0 la diff\u00e9rence de ses pr\u00e9d\u00e9cesseurs, la DualSense prend cette fois un design bicolore&nbsp;: noire sur la partie inf\u00e9rieure et blanche sur la partie sup\u00e9rieure<\/p>\n\n\n\n<p class=\"has-white-color has-text-color\">Ligne<\/p>\n\n\n\n<p class=\"has-text-align-left\"><strong><span style=\"text-decoration: underline;\">T\u00e9l\u00e9commande<\/span><\/strong> :<\/p>\n\n\n\n<div class=\"wp-block-image is-style-default\"><figure class=\"aligncenter size-medium\"><img loading=\"lazy\" decoding=\"async\" width=\"300\" height=\"169\" src=\"http:\/\/leconservatoiredujeu.fr\/wp-content\/uploads\/2020\/08\/T\u00e9l\u00e9commande-300x169.jpg\" alt=\"\" class=\"wp-image-11903\" srcset=\"https:\/\/leconservatoiredujeu.fr\/wp-content\/uploads\/2020\/08\/T\u00e9l\u00e9commande-300x169.jpg 300w, https:\/\/leconservatoiredujeu.fr\/wp-content\/uploads\/2020\/08\/T\u00e9l\u00e9commande-1024x575.jpg 1024w, https:\/\/leconservatoiredujeu.fr\/wp-content\/uploads\/2020\/08\/T\u00e9l\u00e9commande-768x432.jpg 768w, https:\/\/leconservatoiredujeu.fr\/wp-content\/uploads\/2020\/08\/T\u00e9l\u00e9commande-1536x863.jpg 1536w, https:\/\/leconservatoiredujeu.fr\/wp-content\/uploads\/2020\/08\/T\u00e9l\u00e9commande-500x281.jpg 500w, https:\/\/leconservatoiredujeu.fr\/wp-content\/uploads\/2020\/08\/T\u00e9l\u00e9commande.jpg 1920w\" sizes=\"(max-width: 300px) 100vw, 300px\" \/><\/figure><\/div>\n\n\n\n<p>Lancez Disney+, Netflix, Spotify et YouTube d&rsquo;une simple pression sur un bouton<sup>\u00a0<\/sup>, m\u00eame lorsque la console est \u00e9teinte. Commandez facilement vos m\u00e9dias gr\u00e2ce aux touches int\u00e9gr\u00e9es lecture\/pause, avance rapide et retour rapide.\u00a0<\/p>\n\n\n\n<p class=\"has-white-color has-text-color\">Ligne<\/p>\n\n\n\n<p class=\"has-text-align-left\"><strong><span style=\"text-decoration: underline;\">HD Cam\u00e9ra<\/span><\/strong> :<\/p>\n\n\n\n<div class=\"wp-block-image is-style-default\"><figure class=\"aligncenter size-medium\"><img loading=\"lazy\" decoding=\"async\" width=\"300\" height=\"150\" src=\"http:\/\/leconservatoiredujeu.fr\/wp-content\/uploads\/2020\/08\/HD-300x150.jpg\" alt=\"\" class=\"wp-image-11904\" srcset=\"https:\/\/leconservatoiredujeu.fr\/wp-content\/uploads\/2020\/08\/HD-300x150.jpg 300w, https:\/\/leconservatoiredujeu.fr\/wp-content\/uploads\/2020\/08\/HD-768x384.jpg 768w, https:\/\/leconservatoiredujeu.fr\/wp-content\/uploads\/2020\/08\/HD-500x250.jpg 500w, https:\/\/leconservatoiredujeu.fr\/wp-content\/uploads\/2020\/08\/HD.jpg 800w\" sizes=\"(max-width: 300px) 100vw, 300px\" \/><\/figure><\/div>\n\n\n\n<p>La chose la plus cool \u00e0 propos de la cam\u00e9ra <a href=\"http:\/\/leconservatoiredujeu.fr\/index.php\/playstation-5\/\" data-type=\"URL\" data-id=\"http:\/\/leconservatoiredujeu.fr\/index.php\/playstation-5\/\">PS5 <\/a>est qu\u2019elle supprime l\u2019arri\u00e8re-plan, vous pouvez donc remplacer votre salon ennuyeux par tout ce que vous pouvez imaginer.\u00a0<\/p>\n\n\n\n<p><strong><span style=\"text-decoration: underline;\">Double chargeur<\/span> :<\/strong><\/p>\n\n\n\n<figure class=\"wp-block-gallery columns-2 is-cropped wp-block-gallery-1 is-layout-flex wp-block-gallery-is-layout-flex\"><ul class=\"blocks-gallery-grid\"><li class=\"blocks-gallery-item\"><figure><img loading=\"lazy\" decoding=\"async\" width=\"800\" height=\"800\" src=\"http:\/\/leconservatoiredujeu.fr\/wp-content\/uploads\/2022\/03\/double-chargeur.jpg\" alt=\"\" data-id=\"12757\" data-link=\"http:\/\/leconservatoiredujeu.fr\/index.php\/sony-playstation-5-accessoires\/double-chargeur\/\" class=\"wp-image-12757\" srcset=\"https:\/\/leconservatoiredujeu.fr\/wp-content\/uploads\/2022\/03\/double-chargeur.jpg 800w, https:\/\/leconservatoiredujeu.fr\/wp-content\/uploads\/2022\/03\/double-chargeur-300x300.jpg 300w, https:\/\/leconservatoiredujeu.fr\/wp-content\/uploads\/2022\/03\/double-chargeur-150x150.jpg 150w, https:\/\/leconservatoiredujeu.fr\/wp-content\/uploads\/2022\/03\/double-chargeur-768x768.jpg 768w\" sizes=\"(max-width: 800px) 100vw, 800px\" \/><\/figure><\/li><li class=\"blocks-gallery-item\"><figure><img loading=\"lazy\" decoding=\"async\" width=\"800\" height=\"800\" src=\"http:\/\/leconservatoiredujeu.fr\/wp-content\/uploads\/2022\/03\/double-chargeur-vide.jpg\" alt=\"\" data-id=\"12758\" data-full-url=\"http:\/\/leconservatoiredujeu.fr\/wp-content\/uploads\/2022\/03\/double-chargeur-vide.jpg\" data-link=\"http:\/\/leconservatoiredujeu.fr\/index.php\/sony-playstation-5-accessoires\/double-chargeur-vide\/\" class=\"wp-image-12758\" srcset=\"https:\/\/leconservatoiredujeu.fr\/wp-content\/uploads\/2022\/03\/double-chargeur-vide.jpg 800w, https:\/\/leconservatoiredujeu.fr\/wp-content\/uploads\/2022\/03\/double-chargeur-vide-300x300.jpg 300w, https:\/\/leconservatoiredujeu.fr\/wp-content\/uploads\/2022\/03\/double-chargeur-vide-150x150.jpg 150w, https:\/\/leconservatoiredujeu.fr\/wp-content\/uploads\/2022\/03\/double-chargeur-vide-768x768.jpg 768w\" sizes=\"(max-width: 800px) 100vw, 800px\" \/><\/figure><\/li><\/ul><\/figure>\n\n\n\n<p>Stockez et chargez deux manettes PlayStation 5 simultan\u00e9ment.<\/p>\n\n\n\n<p><strong><span style=\"text-decoration: underline;\">Casque Pulse <\/span>:<\/strong><\/p>\n\n\n\n<figure class=\"wp-block-gallery columns-2 is-cropped wp-block-gallery-2 is-layout-flex wp-block-gallery-is-layout-flex\"><ul class=\"blocks-gallery-grid\"><li class=\"blocks-gallery-item\"><figure><img loading=\"lazy\" decoding=\"async\" width=\"936\" height=\"624\" src=\"http:\/\/leconservatoiredujeu.fr\/wp-content\/uploads\/2022\/03\/casque-sans-boite.jpg\" alt=\"\" data-id=\"12760\" data-link=\"http:\/\/leconservatoiredujeu.fr\/index.php\/sony-playstation-5-accessoires\/casque-sans-boite\/\" class=\"wp-image-12760\" srcset=\"https:\/\/leconservatoiredujeu.fr\/wp-content\/uploads\/2022\/03\/casque-sans-boite.jpg 936w, https:\/\/leconservatoiredujeu.fr\/wp-content\/uploads\/2022\/03\/casque-sans-boite-300x200.jpg 300w, https:\/\/leconservatoiredujeu.fr\/wp-content\/uploads\/2022\/03\/casque-sans-boite-768x512.jpg 768w, https:\/\/leconservatoiredujeu.fr\/wp-content\/uploads\/2022\/03\/casque-sans-boite-450x300.jpg 450w\" sizes=\"(max-width: 936px) 100vw, 936px\" \/><\/figure><\/li><li class=\"blocks-gallery-item\"><figure><img loading=\"lazy\" decoding=\"async\" width=\"550\" height=\"403\" src=\"http:\/\/leconservatoiredujeu.fr\/wp-content\/uploads\/2022\/03\/Casque.jpg\" alt=\"\" data-id=\"12761\" data-full-url=\"http:\/\/leconservatoiredujeu.fr\/wp-content\/uploads\/2022\/03\/Casque.jpg\" data-link=\"http:\/\/leconservatoiredujeu.fr\/index.php\/sony-playstation-5-accessoires\/casque-2\/\" class=\"wp-image-12761\" srcset=\"https:\/\/leconservatoiredujeu.fr\/wp-content\/uploads\/2022\/03\/Casque.jpg 550w, https:\/\/leconservatoiredujeu.fr\/wp-content\/uploads\/2022\/03\/Casque-300x220.jpg 300w, https:\/\/leconservatoiredujeu.fr\/wp-content\/uploads\/2022\/03\/Casque-409x300.jpg 409w\" sizes=\"(max-width: 550px) 100vw, 550px\" \/><\/figure><\/li><\/ul><\/figure>\n\n\n\n<p>Vivez une exp\u00e9rience fluide gr\u00e2ce au casque con\u00e7u sp\u00e9cialement pour offrir un son 3D sur les consoles <a href=\"http:\/\/leconservatoiredujeu.fr\/index.php\/playstation-5\/\" data-type=\"URL\" data-id=\"http:\/\/leconservatoiredujeu.fr\/index.php\/playstation-5\/\">PS5<\/a>. Le casque-micro sans fil PULSE 3D est \u00e9quip\u00e9 de deux microphones \u00e0 r\u00e9duction de bruit de fond, de la charge USB Type-C\u00ae, et d&rsquo;un acc\u00e8s facilit\u00e9 aux commandes.<\/p>\n\n\n\n<p><strong><span style=\"text-decoration: underline;\">Cover lat\u00e9ral<\/span> :<\/strong><\/p>\n\n\n\n<figure class=\"wp-block-image size-full\"><img loading=\"lazy\" decoding=\"async\" width=\"550\" height=\"550\" src=\"http:\/\/leconservatoiredujeu.fr\/wp-content\/uploads\/2022\/03\/Cover.jpg\" alt=\"\" class=\"wp-image-12762\" srcset=\"https:\/\/leconservatoiredujeu.fr\/wp-content\/uploads\/2022\/03\/Cover.jpg 550w, https:\/\/leconservatoiredujeu.fr\/wp-content\/uploads\/2022\/03\/Cover-300x300.jpg 300w, https:\/\/leconservatoiredujeu.fr\/wp-content\/uploads\/2022\/03\/Cover-150x150.jpg 150w\" sizes=\"(max-width: 550px) 100vw, 550px\" \/><\/figure>\n\n\n\n<p>Sony vient d\u2019annoncer la commercialisation de fa\u00e7ades officielles pour PS5.\u00a0Gr\u00e2ce \u00e0 elles, les possesseurs d\u2019une PlayStation nouvelle g\u00e9n\u00e9ration pourront changer la couleur de leur machine. Comme il \u00e9tait possible de s\u2019y attendre, ces fa\u00e7ades seront propos\u00e9es dans les m\u00eames couleurs que\u00a0les manettes DualSense r\u00e9cemment commercialis\u00e9es. Autrement dit en \u00ab\u00a0<em>Midnight Black<\/em>\u00a0\u00bb et \u00ab\u00a0<em>Cosmic Red<\/em>.\u00a0\u00bb<\/p>\n\n\n\n<p><strong><span style=\"text-decoration: underline;\">Cr\u00e9dits photo <\/span>:<\/strong> Micromania.fr<\/p>\n\n\n\n<p class=\"has-text-align-right\">Le Conservatoire du Jeu &#8211; Mars 2022 <\/p>\n","protected":false},"excerpt":{"rendered":"<p>Manette : La DualSense, destin\u00e9 \u00e0 la\u00a0PlayStation 5, est annonc\u00e9e le\u00a07 avril 2020 . Elle reprend le design iconique des DualShock, avec les\u00a0joysticks\u00a0sym\u00e9triques et la barre lumineuse qui fait cette fois-ci le tour du\u00a0pav\u00e9 tactile, contrairement \u00e0 la DualShock 4 &hellip; <a href=\"https:\/\/leconservatoiredujeu.fr\/index.php\/sony-playstation-5-accessoires\/\">Continuer la lecture <span class=\"meta-nav\">&rarr;<\/span><\/a><\/p>\n","protected":false},"author":1,"featured_media":0,"parent":0,"menu_order":0,"comment_status":"closed","ping_status":"closed","template":"","meta":{"footnotes":""},"_links":{"self":[{"href":"https:\/\/leconservatoiredujeu.fr\/index.php\/wp-json\/wp\/v2\/pages\/11593"}],"collection":[{"href":"https:\/\/leconservatoiredujeu.fr\/index.php\/wp-json\/wp\/v2\/pages"}],"about":[{"href":"https:\/\/leconservatoiredujeu.fr\/index.php\/wp-json\/wp\/v2\/types\/page"}],"author":[{"embeddable":true,"href":"https:\/\/leconservatoiredujeu.fr\/index.php\/wp-json\/wp\/v2\/users\/1"}],"replies":[{"embeddable":true,"href":"https:\/\/leconservatoiredujeu.fr\/index.php\/wp-json\/wp\/v2\/comments?post=11593"}],"version-history":[{"count":4,"href":"https:\/\/leconservatoiredujeu.fr\/index.php\/wp-json\/wp\/v2\/pages\/11593\/revisions"}],"predecessor-version":[{"id":12763,"href":"https:\/\/leconservatoiredujeu.fr\/index.php\/wp-json\/wp\/v2\/pages\/11593\/revisions\/12763"}],"wp:attachment":[{"href":"https:\/\/leconservatoiredujeu.fr\/index.php\/wp-json\/wp\/v2\/media?parent=11593"}],"curies":[{"name":"wp","href":"https:\/\/api.w.org\/{rel}","templated":true}]}}