{"id":11587,"date":"2020-08-26T17:57:29","date_gmt":"2020-08-26T15:57:29","guid":{"rendered":"http:\/\/leconservatoiredujeu.fr\/?page_id=11587"},"modified":"2022-03-21T16:13:10","modified_gmt":"2022-03-21T15:13:10","slug":"sony-playstation-3-accessoires","status":"publish","type":"page","link":"https:\/\/leconservatoiredujeu.fr\/index.php\/sony-playstation-3-accessoires\/","title":{"rendered":"Sony &#8211; Playstation 3 &#8211; Accessoires"},"content":{"rendered":"\n<p class=\"has-text-align-left\"><span style=\"text-decoration: underline;\"><strong>Manette sans fil<\/strong><\/span> :<\/p>\n\n\n\n<div class=\"wp-block-image is-style-default\"><figure class=\"aligncenter size-full\"><img loading=\"lazy\" decoding=\"async\" width=\"630\" height=\"377\" src=\"http:\/\/leconservatoiredujeu.fr\/wp-content\/uploads\/2022\/03\/manettes.jpg\" alt=\"\" class=\"wp-image-12715\" srcset=\"https:\/\/leconservatoiredujeu.fr\/wp-content\/uploads\/2022\/03\/manettes.jpg 630w, https:\/\/leconservatoiredujeu.fr\/wp-content\/uploads\/2022\/03\/manettes-300x180.jpg 300w, https:\/\/leconservatoiredujeu.fr\/wp-content\/uploads\/2022\/03\/manettes-500x300.jpg 500w\" sizes=\"(max-width: 630px) 100vw, 630px\" \/><\/figure><\/div>\n\n\n\n<p>Le DualShock 3, destin\u00e9e \u00e0 la <a href=\"http:\/\/leconservatoiredujeu.fr\/index.php\/playstation-3\/\" data-type=\"URL\" data-id=\"http:\/\/leconservatoiredujeu.fr\/index.php\/playstation-3\/\">PlayStation 3<\/a>, h\u00e9rite de toutes les fonctionnalit\u00e9s apport\u00e9es par le mod\u00e8le&nbsp;Sixaxis&nbsp;(2006), notamment la reconnaissance de mouvement, et impl\u00e9mente en plus la fonction vibration. La DualShock 3 poss\u00e8de les m\u00eames dimensions que la&nbsp;Sixaxis&nbsp;mais avec un poids l\u00e9g\u00e8rement sup\u00e9rieur (193&nbsp;g&nbsp;au lieu de 138&nbsp;g). Sony n&rsquo;ayant pas pr\u00e9vu de batterie plus performante que celle de la Sixaxis, la batterie se vide plus vite lorsque la manette vibre, elle tient donc moins longtemps que la Sixaxis.<\/p>\n\n\n\n<p>Un certain nombre de jeux sortis avant la commercialisation du DualShock 3 exploitent ses capacit\u00e9s vibratoires (parfois au gr\u00e9 d&rsquo;une&nbsp;mise \u00e0 jour)<\/p>\n\n\n\n<p>Le&nbsp;22 septembre 2010, Sony a mis en vente en France des manettes color\u00e9es. Ainsi, en plus de la DualShock 3 noire vendue jusque-l\u00e0, la manette existe aussi en blanc, rouge, bleu et argent\u00e9. Puis apparaissent d&rsquo;autres coloris comme le&nbsp;<em>Jungle Green<\/em>, le&nbsp;<em>Urban Camo<\/em>, le&nbsp;<em>Slate Gray<\/em>, le rouge&nbsp;<em>Grenat<\/em>, bleu&nbsp;<em>Azur<\/em>.<\/p>\n\n\n\n<p class=\"has-white-color has-text-color\">Ligne<\/p>\n\n\n\n<p class=\"has-text-align-left\"><strong><span style=\"text-decoration: underline;\">C\u00e2ble USB \/ Chargeur de manette<\/span><\/strong> :<\/p>\n\n\n\n<div class=\"wp-block-image is-style-default\"><figure class=\"aligncenter size-large\"><img loading=\"lazy\" decoding=\"async\" width=\"350\" height=\"350\" src=\"http:\/\/leconservatoiredujeu.fr\/wp-content\/uploads\/2020\/08\/CABLE-USB.jpg\" alt=\"\" class=\"wp-image-11832\" srcset=\"https:\/\/leconservatoiredujeu.fr\/wp-content\/uploads\/2020\/08\/CABLE-USB.jpg 350w, https:\/\/leconservatoiredujeu.fr\/wp-content\/uploads\/2020\/08\/CABLE-USB-300x300.jpg 300w, https:\/\/leconservatoiredujeu.fr\/wp-content\/uploads\/2020\/08\/CABLE-USB-150x150.jpg 150w\" sizes=\"(max-width: 350px) 100vw, 350px\" \/><\/figure><\/div>\n\n\n\n<p>C\u00e2bles servant a recharger sa manette a la console tout en pouvant continuer a jouer. <\/p>\n\n\n\n<p class=\"has-white-color has-text-color\">Ligne<\/p>\n\n\n\n<p class=\"has-text-align-left\"><span style=\"text-decoration: underline;\"><strong>Playstation Move<\/strong><\/span> :<\/p>\n\n\n\n<figure class=\"wp-block-gallery columns-2 is-cropped wp-block-gallery-1 is-layout-flex wp-block-gallery-is-layout-flex\"><ul class=\"blocks-gallery-grid\"><li class=\"blocks-gallery-item\"><figure><img loading=\"lazy\" decoding=\"async\" width=\"400\" height=\"400\" src=\"http:\/\/leconservatoiredujeu.fr\/wp-content\/uploads\/2022\/03\/playstation-move.jpg\" alt=\"\" data-id=\"12716\" data-link=\"http:\/\/leconservatoiredujeu.fr\/index.php\/sony-playstation-3-accessoires\/playstation-move\/\" class=\"wp-image-12716\" srcset=\"https:\/\/leconservatoiredujeu.fr\/wp-content\/uploads\/2022\/03\/playstation-move.jpg 400w, https:\/\/leconservatoiredujeu.fr\/wp-content\/uploads\/2022\/03\/playstation-move-300x300.jpg 300w, https:\/\/leconservatoiredujeu.fr\/wp-content\/uploads\/2022\/03\/playstation-move-150x150.jpg 150w\" sizes=\"(max-width: 400px) 100vw, 400px\" \/><\/figure><\/li><li class=\"blocks-gallery-item\"><figure><img loading=\"lazy\" decoding=\"async\" width=\"340\" height=\"340\" src=\"http:\/\/leconservatoiredujeu.fr\/wp-content\/uploads\/2022\/03\/MOVE.jpg\" alt=\"\" data-id=\"12717\" data-full-url=\"http:\/\/leconservatoiredujeu.fr\/wp-content\/uploads\/2022\/03\/MOVE.jpg\" data-link=\"http:\/\/leconservatoiredujeu.fr\/index.php\/sony-playstation-3-accessoires\/move-2\/\" class=\"wp-image-12717\" srcset=\"https:\/\/leconservatoiredujeu.fr\/wp-content\/uploads\/2022\/03\/MOVE.jpg 340w, https:\/\/leconservatoiredujeu.fr\/wp-content\/uploads\/2022\/03\/MOVE-300x300.jpg 300w, https:\/\/leconservatoiredujeu.fr\/wp-content\/uploads\/2022\/03\/MOVE-150x150.jpg 150w\" sizes=\"(max-width: 340px) 100vw, 340px\" \/><\/figure><\/li><\/ul><\/figure>\n\n\n\n<p>Le&nbsp;Playstation Move&nbsp;permet de jouer en effectuant directement des mouvements, par exemple : coup droit \/ revers pour un jeu de raquettes ou coup de poing pour un jeux de boxe. &nbsp;Le dispositif est constitu\u00e9 d&rsquo;une cam\u00e9ra et d&rsquo;une manette sp\u00e9cifique qui int\u00e8gre notamment un&nbsp;gyroscope, un acc\u00e9l\u00e9rom\u00e8tre et une boule lumineuse.<\/p>\n\n\n\n<p class=\"has-white-color has-text-color\">Ligne<\/p>\n\n\n\n<p class=\"has-text-align-left\"><strong><span style=\"text-decoration: underline;\">Playstation Eye<\/span><\/strong> :<\/p>\n\n\n\n<div class=\"wp-block-image is-style-default\"><figure class=\"aligncenter size-medium\"><img loading=\"lazy\" decoding=\"async\" width=\"300\" height=\"300\" src=\"http:\/\/leconservatoiredujeu.fr\/wp-content\/uploads\/2020\/08\/EYE-4-300x300.jpg\" alt=\"\" class=\"wp-image-11836\" srcset=\"https:\/\/leconservatoiredujeu.fr\/wp-content\/uploads\/2020\/08\/EYE-4-300x300.jpg 300w, https:\/\/leconservatoiredujeu.fr\/wp-content\/uploads\/2020\/08\/EYE-4-150x150.jpg 150w, https:\/\/leconservatoiredujeu.fr\/wp-content\/uploads\/2020\/08\/EYE-4.jpg 700w\" sizes=\"(max-width: 300px) 100vw, 300px\" \/><\/figure><\/div>\n\n\n\n<p>La cam\u00e9ra (appel\u00e9e PlayStation Eye) d\u00e9tecte la position de l&rsquo;utilisateur en captant la lumi\u00e8re color\u00e9e \u00e9mise par la manette (appel\u00e9e Motion Controler) pour am\u00e9liorer la pr\u00e9cision des informations de mouvement issues des capteurs int\u00e9gr\u00e9s \u00e0 la manette. La cam\u00e9ra se branche \u00e0 l&rsquo;aide d&rsquo;un c\u00e2ble\u00a0USB\u00a0sur les syst\u00e8mes Playstation compatibles. <\/p>\n\n\n\n<p class=\"has-white-color has-text-color\">Ligne<\/p>\n\n\n\n<p class=\"has-text-align-center\"><strong><span style=\"text-decoration: underline;\">Playstation TV<\/span><\/strong><\/p>\n\n\n\n<div class=\"wp-block-image is-style-default\"><figure class=\"aligncenter size-large\"><img loading=\"lazy\" decoding=\"async\" width=\"450\" height=\"300\" src=\"http:\/\/leconservatoiredujeu.fr\/wp-content\/uploads\/2020\/08\/TV-3.jpg\" alt=\"\" class=\"wp-image-11837\" srcset=\"https:\/\/leconservatoiredujeu.fr\/wp-content\/uploads\/2020\/08\/TV-3.jpg 450w, https:\/\/leconservatoiredujeu.fr\/wp-content\/uploads\/2020\/08\/TV-3-300x200.jpg 300w\" sizes=\"(max-width: 450px) 100vw, 450px\" \/><\/figure><\/div>\n\n\n\n<p>La&nbsp;PSTV,&nbsp;ou&nbsp;PlayStation TV, est une <a href=\"http:\/\/leconservatoiredujeu.fr\/index.php\/playstation-vita\/\" data-type=\"URL\" data-id=\"http:\/\/leconservatoiredujeu.fr\/index.php\/playstation-vita\/\">PS Vita<\/a> sans \u00e9cran, sans joystick et sans bouton. Elle est d\u2019ailleurs connue en Asie et au Japon sous les noms de&nbsp;PlayStation Vita TV&nbsp;ou&nbsp;PS Vita TV.<\/p>\n\n\n\n<p>Elle se connecte \u00e0 une t\u00e9l\u00e9 avec un\u00a0c\u00e2ble HDMI\u00a0et elle se contr\u00f4le avec des\u00a0manettes <a href=\"http:\/\/leconservatoiredujeu.fr\/index.php\/playstation-3\/\" data-type=\"URL\" data-id=\"http:\/\/leconservatoiredujeu.fr\/index.php\/playstation-3\/\">PS3<\/a> . La PSTV permet de jouer \u00e0 des\u00a0jeux <a href=\"http:\/\/leconservatoiredujeu.fr\/index.php\/playstation-vita\/\" data-type=\"URL\" data-id=\"http:\/\/leconservatoiredujeu.fr\/index.php\/playstation-vita\/\">PS Vita<\/a>, <a href=\"http:\/\/leconservatoiredujeu.fr\/index.php\/playstation-portable\/\" data-type=\"URL\" data-id=\"http:\/\/leconservatoiredujeu.fr\/index.php\/playstation-portable\/\">PSP<\/a> et <a href=\"http:\/\/leconservatoiredujeu.fr\/index.php\/playstation\/\" data-type=\"URL\" data-id=\"http:\/\/leconservatoiredujeu.fr\/index.php\/playstation\/\">PS1<\/a>, en version cartouche ou d\u00e9mat\u00e9rialis\u00e9e, et \u00e0 des\u00a0jeux <a href=\"http:\/\/leconservatoiredujeu.fr\/index.php\/playstation-4\/\" data-type=\"URL\" data-id=\"http:\/\/leconservatoiredujeu.fr\/index.php\/playstation-4\/\">PS4<\/a> en\u00a0Remote Play. <\/p>\n\n\n\n<p class=\"has-white-color has-text-color\">Ligne<\/p>\n\n\n\n<p class=\"has-text-align-center\"><strong><span style=\"text-decoration: underline;\">Socle triple charge<\/span><\/strong><\/p>\n\n\n\n<div class=\"wp-block-image is-style-default\"><figure class=\"aligncenter size-large\"><img loading=\"lazy\" decoding=\"async\" width=\"450\" height=\"300\" src=\"http:\/\/leconservatoiredujeu.fr\/wp-content\/uploads\/2020\/08\/CHARGE.jpg\" alt=\"\" class=\"wp-image-11838\" srcset=\"https:\/\/leconservatoiredujeu.fr\/wp-content\/uploads\/2020\/08\/CHARGE.jpg 450w, https:\/\/leconservatoiredujeu.fr\/wp-content\/uploads\/2020\/08\/CHARGE-300x200.jpg 300w\" sizes=\"(max-width: 450px) 100vw, 450px\" \/><\/figure><\/div>\n\n\n\n<p class=\"has-white-color has-text-color\">Ligne<\/p>\n\n\n\n<p class=\"has-text-align-center\"><strong><span style=\"text-decoration: underline;\">Volants<\/span><\/strong><\/p>\n\n\n\n<figure class=\"wp-block-gallery aligncenter columns-2 is-cropped wp-block-gallery-2 is-layout-flex wp-block-gallery-is-layout-flex\"><ul class=\"blocks-gallery-grid\"><li class=\"blocks-gallery-item\"><figure><img loading=\"lazy\" decoding=\"async\" width=\"450\" height=\"300\" src=\"http:\/\/leconservatoiredujeu.fr\/wp-content\/uploads\/2020\/08\/VOLANT-3.jpg\" alt=\"\" data-id=\"11839\" data-full-url=\"http:\/\/leconservatoiredujeu.fr\/wp-content\/uploads\/2020\/08\/VOLANT-3.jpg\" data-link=\"http:\/\/leconservatoiredujeu.fr\/index.php\/sony-playstation-3-accessoires\/volant-3\/\" class=\"wp-image-11839\" srcset=\"https:\/\/leconservatoiredujeu.fr\/wp-content\/uploads\/2020\/08\/VOLANT-3.jpg 450w, https:\/\/leconservatoiredujeu.fr\/wp-content\/uploads\/2020\/08\/VOLANT-3-300x200.jpg 300w\" sizes=\"(max-width: 450px) 100vw, 450px\" \/><\/figure><\/li><li class=\"blocks-gallery-item\"><figure><img loading=\"lazy\" decoding=\"async\" width=\"425\" height=\"363\" src=\"http:\/\/leconservatoiredujeu.fr\/wp-content\/uploads\/2020\/08\/VOLANT2.jpg\" alt=\"\" data-id=\"11840\" data-full-url=\"http:\/\/leconservatoiredujeu.fr\/wp-content\/uploads\/2020\/08\/VOLANT2.jpg\" data-link=\"http:\/\/leconservatoiredujeu.fr\/index.php\/sony-playstation-3-accessoires\/volant2\/\" class=\"wp-image-11840\" srcset=\"https:\/\/leconservatoiredujeu.fr\/wp-content\/uploads\/2020\/08\/VOLANT2.jpg 425w, https:\/\/leconservatoiredujeu.fr\/wp-content\/uploads\/2020\/08\/VOLANT2-300x256.jpg 300w, https:\/\/leconservatoiredujeu.fr\/wp-content\/uploads\/2020\/08\/VOLANT2-351x300.jpg 351w\" sizes=\"(max-width: 425px) 100vw, 425px\" \/><\/figure><\/li><\/ul><\/figure>\n\n\n\n<p class=\"has-white-color has-text-color\">Ligne<\/p>\n\n\n\n<p class=\"has-text-align-center\"><strong><span style=\"text-decoration: underline;\">Volant Storm Driving<\/span><\/strong><\/p>\n\n\n\n<div class=\"wp-block-image is-style-default\"><figure class=\"aligncenter size-large\"><img loading=\"lazy\" decoding=\"async\" width=\"500\" height=\"388\" src=\"http:\/\/leconservatoiredujeu.fr\/wp-content\/uploads\/2020\/08\/STORM-2.jpg\" alt=\"\" class=\"wp-image-11842\" srcset=\"https:\/\/leconservatoiredujeu.fr\/wp-content\/uploads\/2020\/08\/STORM-2.jpg 500w, https:\/\/leconservatoiredujeu.fr\/wp-content\/uploads\/2020\/08\/STORM-2-300x233.jpg 300w, https:\/\/leconservatoiredujeu.fr\/wp-content\/uploads\/2020\/08\/STORM-2-387x300.jpg 387w\" sizes=\"(max-width: 500px) 100vw, 500px\" \/><\/figure><\/div>\n\n\n\n<p>Tr\u00e8s simple d&rsquo;utilisation et ne n\u00e9cessite quasiment aucun calibrage, ni configuration contrairement \u00e0 l&rsquo;usage des manettes Move toutes seules. Le tout est l\u00e9ger et ne fatigue pas les bras, les poign\u00e9es sont d\u00e9brayables et peuvent s&rsquo;orienter jusqu&rsquo;\u00e0 en faire une guidon de moto, l&rsquo;acc\u00e9l\u00e9ration peut d&rsquo;ailleurs se faire en tournant la poign\u00e9e de droite.<br>M\u00eame si ce guidon r\u00e9agit bien et est pr\u00e9cis gr\u00e2ce \u00e0 la Move, il faut un temps d&rsquo;adaptation pour les habitu\u00e9s de la manette Dual Shock et certains gamers n&rsquo;y verront qu&rsquo;un gadget sans grosse plus value, en effet \u00e0 part un retour de force vibratoire et le plaisir de tenir la manette comme un volant.<\/p>\n\n\n\n<p class=\"has-white-color has-text-color\">Ligne<\/p>\n\n\n\n<p class=\"has-text-align-center\"><strong><span style=\"text-decoration: underline;\">Kit oreillette bluetooth<\/span><\/strong><\/p>\n\n\n\n<div class=\"wp-block-image is-style-default\"><figure class=\"aligncenter size-medium\"><img loading=\"lazy\" decoding=\"async\" width=\"300\" height=\"300\" src=\"http:\/\/leconservatoiredujeu.fr\/wp-content\/uploads\/2020\/08\/KIT-1-300x300.jpg\" alt=\"\" class=\"wp-image-11843\" srcset=\"https:\/\/leconservatoiredujeu.fr\/wp-content\/uploads\/2020\/08\/KIT-1-300x300.jpg 300w, https:\/\/leconservatoiredujeu.fr\/wp-content\/uploads\/2020\/08\/KIT-1-150x150.jpg 150w, https:\/\/leconservatoiredujeu.fr\/wp-content\/uploads\/2020\/08\/KIT-1.jpg 700w\" sizes=\"(max-width: 300px) 100vw, 300px\" \/><\/figure><\/div>\n\n\n\n<p>Ce micro-casque sans fil permet de communiquer avec vos partenaires de jeu. La connexion s&rsquo;effectue via Bluetooth<\/p>\n\n\n\n<p class=\"has-white-color has-text-color\">Ligne<\/p>\n\n\n\n<p class=\"has-text-align-center\"><strong><span style=\"text-decoration: underline;\">Fighting Stick Mini<\/span><\/strong><\/p>\n\n\n\n<div class=\"wp-block-image is-style-default\"><figure class=\"aligncenter size-medium\"><img loading=\"lazy\" decoding=\"async\" width=\"300\" height=\"160\" src=\"http:\/\/leconservatoiredujeu.fr\/wp-content\/uploads\/2020\/08\/MINI-300x160.jpg\" alt=\"\" class=\"wp-image-11844\" srcset=\"https:\/\/leconservatoiredujeu.fr\/wp-content\/uploads\/2020\/08\/MINI-300x160.jpg 300w, https:\/\/leconservatoiredujeu.fr\/wp-content\/uploads\/2020\/08\/MINI-500x267.jpg 500w, https:\/\/leconservatoiredujeu.fr\/wp-content\/uploads\/2020\/08\/MINI.jpg 522w\" sizes=\"(max-width: 300px) 100vw, 300px\" \/><\/figure><\/div>\n\n\n\n<p>les aspirants et les amateurs de combat qui aimeraient essayer sans pour autant d\u00e9penser une somme pharaonique dans un accessoire dispensable mais tout \u00e0 fait attirant d\u2019une part; et les habitu\u00e9s \u00e0 ce format particulier de la manette Arcade.<\/p>\n\n\n\n<p class=\"has-white-color has-text-color\">Ligne<\/p>\n\n\n\n<p class=\"has-text-align-center\"><strong><span style=\"text-decoration: underline;\">Sac de transport<\/span><\/strong><\/p>\n\n\n\n<div class=\"wp-block-image is-style-default\"><figure class=\"aligncenter size-medium\"><img loading=\"lazy\" decoding=\"async\" width=\"300\" height=\"231\" src=\"http:\/\/leconservatoiredujeu.fr\/wp-content\/uploads\/2020\/08\/SAC-1-300x231.jpg\" alt=\"\" class=\"wp-image-11846\" srcset=\"https:\/\/leconservatoiredujeu.fr\/wp-content\/uploads\/2020\/08\/SAC-1-300x231.jpg 300w, https:\/\/leconservatoiredujeu.fr\/wp-content\/uploads\/2020\/08\/SAC-1-390x300.jpg 390w, https:\/\/leconservatoiredujeu.fr\/wp-content\/uploads\/2020\/08\/SAC-1.jpg 500w\" sizes=\"(max-width: 300px) 100vw, 300px\" \/><\/figure><\/div>\n\n\n\n<p>Sacoche pour pouvoir transporter sa console dans un sac adapter a sa console.<\/p>\n\n\n\n<p class=\"has-white-color has-text-color\">Ligne<\/p>\n\n\n\n<p class=\"has-text-align-center\"><strong><span style=\"text-decoration: underline;\">Clavier et souris<\/span><\/strong><\/p>\n\n\n\n<div class=\"wp-block-image is-style-default\"><figure class=\"aligncenter size-large\"><img loading=\"lazy\" decoding=\"async\" width=\"1000\" height=\"398\" src=\"http:\/\/leconservatoiredujeu.fr\/wp-content\/uploads\/2020\/08\/C-ET-S.jpg\" alt=\"\" class=\"wp-image-11847\" srcset=\"https:\/\/leconservatoiredujeu.fr\/wp-content\/uploads\/2020\/08\/C-ET-S.jpg 1000w, https:\/\/leconservatoiredujeu.fr\/wp-content\/uploads\/2020\/08\/C-ET-S-300x119.jpg 300w, https:\/\/leconservatoiredujeu.fr\/wp-content\/uploads\/2020\/08\/C-ET-S-768x306.jpg 768w, https:\/\/leconservatoiredujeu.fr\/wp-content\/uploads\/2020\/08\/C-ET-S-500x199.jpg 500w\" sizes=\"(max-width: 1000px) 100vw, 1000px\" \/><\/figure><\/div>\n\n\n\n<p><em>HORI<\/em>, la fameuse entreprise japonaise vendant des accessoires en tout genre, lancera une souris et un clavier pour <a href=\"http:\/\/leconservatoiredujeu.fr\/index.php\/playstation-4\/\" data-type=\"URL\" data-id=\"http:\/\/leconservatoiredujeu.fr\/index.php\/playstation-4\/\">PlayStation 4<\/a> et <a href=\"http:\/\/leconservatoiredujeu.fr\/index.php\/playstation-3\/\" data-type=\"URL\" data-id=\"http:\/\/leconservatoiredujeu.fr\/index.php\/playstation-3\/\">PS3<\/a>. Ces joujoux sont principalement destin\u00e9s aux joueurs amoureux des\u00a0<em>FPS<\/em>. Quels sont les points \u00e0 retenir ? Tout d&rsquo;abord, le clavier est petit et a l&rsquo;air de s\u2019adapter parfaitement \u00e0 la main.<\/p>\n\n\n\n<p class=\"has-white-color has-text-color\">Ligne<\/p>\n\n\n\n<p class=\"has-text-align-center\"><strong><span style=\"text-decoration: underline;\">Pistolet G-Con 3<\/span><\/strong><\/p>\n\n\n\n<div class=\"wp-block-image is-style-default\"><figure class=\"aligncenter size-medium\"><img loading=\"lazy\" decoding=\"async\" width=\"300\" height=\"225\" src=\"http:\/\/leconservatoiredujeu.fr\/wp-content\/uploads\/2020\/08\/G6CON3-300x225.jpg\" alt=\"\" class=\"wp-image-11848\" srcset=\"https:\/\/leconservatoiredujeu.fr\/wp-content\/uploads\/2020\/08\/G6CON3-300x225.jpg 300w, https:\/\/leconservatoiredujeu.fr\/wp-content\/uploads\/2020\/08\/G6CON3-400x300.jpg 400w, https:\/\/leconservatoiredujeu.fr\/wp-content\/uploads\/2020\/08\/G6CON3.jpg 600w\" sizes=\"(max-width: 300px) 100vw, 300px\" \/><\/figure><\/div>\n\n\n\n<p class=\"has-white-color has-text-color\">Ligne<\/p>\n\n\n\n<p class=\"has-text-align-center\"><strong><span style=\"text-decoration: underline;\">Pistolet PS Move Gun Controller<\/span><\/strong><\/p>\n\n\n\n<div class=\"wp-block-image is-style-default\"><figure class=\"aligncenter size-medium\"><img loading=\"lazy\" decoding=\"async\" width=\"300\" height=\"225\" src=\"http:\/\/leconservatoiredujeu.fr\/wp-content\/uploads\/2020\/08\/GUN-1-300x225.jpg\" alt=\"\" class=\"wp-image-11850\" srcset=\"https:\/\/leconservatoiredujeu.fr\/wp-content\/uploads\/2020\/08\/GUN-1-300x225.jpg 300w, https:\/\/leconservatoiredujeu.fr\/wp-content\/uploads\/2020\/08\/GUN-1-1024x768.jpg 1024w, https:\/\/leconservatoiredujeu.fr\/wp-content\/uploads\/2020\/08\/GUN-1-768x576.jpg 768w, https:\/\/leconservatoiredujeu.fr\/wp-content\/uploads\/2020\/08\/GUN-1-400x300.jpg 400w, https:\/\/leconservatoiredujeu.fr\/wp-content\/uploads\/2020\/08\/GUN-1.jpg 1140w\" sizes=\"(max-width: 300px) 100vw, 300px\" \/><\/figure><\/div>\n\n\n\n<p>Les pistolets\u00a0PS Move Gun Controller\u00a0ne sont pas officiellement revenus sur le devant de la sc\u00e8ne avec la sortie du\u00a0Playstation VR. Des jeux comme\u00a0Until Dawn Rush of Blood\u00a0ou\u00a0London Heist de la compil VR Worlds\u00a0sont jouables avec les PS Move mais les r\u00e9glages et le calibrage doit \u00eatre \u00ab\u00a0adapt\u00e9\u00a0\u00bb pour profiter pleinement de vos nouveaux accessoires.<\/p>\n\n\n\n<p class=\"has-white-color has-text-color\">Ligne<\/p>\n\n\n\n<p class=\"has-text-align-center\"><span style=\"text-decoration: underline;\"><strong>Fusil Move Sharp Shooter<\/strong><\/span><\/p>\n\n\n\n<div class=\"wp-block-image is-style-default\"><figure class=\"aligncenter size-medium\"><img loading=\"lazy\" decoding=\"async\" width=\"300\" height=\"169\" src=\"http:\/\/leconservatoiredujeu.fr\/wp-content\/uploads\/2020\/08\/Fusil-1-300x169.jpg\" alt=\"\" class=\"wp-image-11852\" srcset=\"https:\/\/leconservatoiredujeu.fr\/wp-content\/uploads\/2020\/08\/Fusil-1-300x169.jpg 300w, https:\/\/leconservatoiredujeu.fr\/wp-content\/uploads\/2020\/08\/Fusil-1-1024x575.jpg 1024w, https:\/\/leconservatoiredujeu.fr\/wp-content\/uploads\/2020\/08\/Fusil-1-768x432.jpg 768w, https:\/\/leconservatoiredujeu.fr\/wp-content\/uploads\/2020\/08\/Fusil-1-1536x863.jpg 1536w, https:\/\/leconservatoiredujeu.fr\/wp-content\/uploads\/2020\/08\/Fusil-1-500x281.jpg 500w, https:\/\/leconservatoiredujeu.fr\/wp-content\/uploads\/2020\/08\/Fusil-1.jpg 1600w\" sizes=\"(max-width: 300px) 100vw, 300px\" \/><\/figure><\/div>\n\n\n\n<p>Si vous poss\u00e9dez d\u00e9j\u00e0 le\u00a0<em>PlayStation Move<\/em>\u00a0ainsi que son contr\u00f4leur, nous vous conseillons vivement l&rsquo;achat du\u00a0Sharp Shooter\u00a0pour un plus grand confort de jeu. Tenir \u00e0 bout de bras le b\u00e2ton se r\u00e9v\u00e8le rapidement tr\u00e8s fatigant et de ce fait, il est difficile de faire tout un jeu ainsi.<\/p>\n\n\n\n<p>Est-ce que cela peut remplacer une manette ? Oui et non, cela apporte une fa\u00e7on diff\u00e9rente de jeu, une nouvelle exp\u00e9rience qui plaira s\u00fbrement aux\u00a0<em>casuals gamers<\/em>\u00a0qui aiment ce genre de nouveaut\u00e9s, mais aussi \u00e0 ceux qui ne supportent pas de jouer \u00e0 un jeu de tir avec un\u00a0<em>pad<\/em>. <\/p>\n\n\n\n<p class=\"has-white-color has-text-color\">Ligne<\/p>\n\n\n\n<p class=\"has-text-align-center\"><strong><span style=\"text-decoration: underline;\">Guitare du jeu \u00ab\u00a0Guitar Hero\u00a0\u00bb<\/span><\/strong><\/p>\n\n\n\n<div class=\"wp-block-image is-style-default\"><figure class=\"aligncenter size-large\"><img loading=\"lazy\" decoding=\"async\" width=\"300\" height=\"300\" src=\"http:\/\/leconservatoiredujeu.fr\/wp-content\/uploads\/2020\/08\/GUITARE-3.jpg\" alt=\"\" class=\"wp-image-11855\" srcset=\"https:\/\/leconservatoiredujeu.fr\/wp-content\/uploads\/2020\/08\/GUITARE-3.jpg 300w, https:\/\/leconservatoiredujeu.fr\/wp-content\/uploads\/2020\/08\/GUITARE-3-150x150.jpg 150w\" sizes=\"(max-width: 300px) 100vw, 300px\" \/><\/figure><\/div>\n\n\n\n<p>Le joueur dirige un guitariste et doit parvenir \u00e0 jouer des chansons de rock avec le moins de fausses notes possible. Il est possible de jouer avec une guitare d\u00e9di\u00e9e au jeu<\/p>\n\n\n\n<p class=\"has-white-color has-text-color\">Ligne<\/p>\n\n\n\n<p class=\"has-text-align-left\"><strong><span style=\"text-decoration: underline;\">Source<\/span> :<\/strong> Wikip\u00e9dia<\/p>\n\n\n\n<p class=\"has-text-align-right\">Le Conservatoire du Jeu &#8211;  Mars 2022<\/p>\n","protected":false},"excerpt":{"rendered":"<p>Manette sans fil : Le DualShock 3, destin\u00e9e \u00e0 la PlayStation 3, h\u00e9rite de toutes les fonctionnalit\u00e9s apport\u00e9es par le mod\u00e8le&nbsp;Sixaxis&nbsp;(2006), notamment la reconnaissance de mouvement, et impl\u00e9mente en plus la fonction vibration. La DualShock 3 poss\u00e8de les m\u00eames dimensions &hellip; <a href=\"https:\/\/leconservatoiredujeu.fr\/index.php\/sony-playstation-3-accessoires\/\">Continuer la lecture <span class=\"meta-nav\">&rarr;<\/span><\/a><\/p>\n","protected":false},"author":1,"featured_media":0,"parent":0,"menu_order":0,"comment_status":"closed","ping_status":"closed","template":"","meta":{"footnotes":""},"_links":{"self":[{"href":"https:\/\/leconservatoiredujeu.fr\/index.php\/wp-json\/wp\/v2\/pages\/11587"}],"collection":[{"href":"https:\/\/leconservatoiredujeu.fr\/index.php\/wp-json\/wp\/v2\/pages"}],"about":[{"href":"https:\/\/leconservatoiredujeu.fr\/index.php\/wp-json\/wp\/v2\/types\/page"}],"author":[{"embeddable":true,"href":"https:\/\/leconservatoiredujeu.fr\/index.php\/wp-json\/wp\/v2\/users\/1"}],"replies":[{"embeddable":true,"href":"https:\/\/leconservatoiredujeu.fr\/index.php\/wp-json\/wp\/v2\/comments?post=11587"}],"version-history":[{"count":8,"href":"https:\/\/leconservatoiredujeu.fr\/index.php\/wp-json\/wp\/v2\/pages\/11587\/revisions"}],"predecessor-version":[{"id":12721,"href":"https:\/\/leconservatoiredujeu.fr\/index.php\/wp-json\/wp\/v2\/pages\/11587\/revisions\/12721"}],"wp:attachment":[{"href":"https:\/\/leconservatoiredujeu.fr\/index.php\/wp-json\/wp\/v2\/media?parent=11587"}],"curies":[{"name":"wp","href":"https:\/\/api.w.org\/{rel}","templated":true}]}}