{"id":11380,"date":"2020-08-24T15:16:48","date_gmt":"2020-08-24T13:16:48","guid":{"rendered":"http:\/\/leconservatoiredujeu.fr\/?page_id=11380"},"modified":"2022-04-05T11:40:40","modified_gmt":"2022-04-05T09:40:40","slug":"mega-cd","status":"publish","type":"page","link":"https:\/\/leconservatoiredujeu.fr\/index.php\/mega-cd\/","title":{"rendered":"Mega-CD"},"content":{"rendered":"\n<div class=\"wp-block-image is-style-default\"><figure class=\"aligncenter size-large\"><img loading=\"lazy\" decoding=\"async\" width=\"470\" height=\"161\" src=\"http:\/\/leconservatoiredujeu.fr\/wp-content\/uploads\/2020\/08\/LOGO-11.png\" alt=\"\" class=\"wp-image-11381\" srcset=\"https:\/\/leconservatoiredujeu.fr\/wp-content\/uploads\/2020\/08\/LOGO-11.png 470w, https:\/\/leconservatoiredujeu.fr\/wp-content\/uploads\/2020\/08\/LOGO-11-300x103.png 300w\" sizes=\"(max-width: 470px) 100vw, 470px\" \/><\/figure><\/div>\n\n\n\n<p>Le Mega-CD ou Mega CD, \u00e9galement connu sous le nom de Sega CD en Am\u00e9rique du Nord, est un p\u00e9riph\u00e9rique destin\u00e9 \u00e0 la console de jeu vid\u00e9o <a href=\"http:\/\/leconservatoiredujeu.fr\/index.php\/megadrive\/\">Mega Drive<\/a> de <a href=\"http:\/\/leconservatoiredujeu.fr\/index.php\/sega\/\">Sega<\/a>. Il s&rsquo;agit d&rsquo;un lecteur de CD-ROM permettant de lire des jeux au format CD-ROM, des CD Audio et des CD-G. Il fut commercialis\u00e9 fin 1991 au Japon, en 1992 aux \u00c9tats-Unis et en 1993 en Europe.<\/p>\n\n\n\n<p class=\"has-white-color has-text-color\">Ligne<\/p>\n\n\n\n<h2 class=\"wp-block-heading\"><span style=\"text-decoration: underline;\">Historique<\/span><\/h2>\n\n\n\n<p>Le d\u00e9veloppement du Mega-CD \u00e9tait top-secret, les programmeurs de jeux ne savaient pas pour quel produit ils concevaient jusqu&rsquo;\u00e0 ce que le Mega-CD ait \u00e9t\u00e9 finalement montr\u00e9 \u00e0 l&rsquo;exposition de jouet de T\u014dky\u014d au Japon. Le Mega-CD a \u00e9t\u00e9 con\u00e7u pour concurrencer au Japon la PC Engine, qui avait une unit\u00e9 de lecteur de CD-ROM s\u00e9par\u00e9.<\/p>\n\n\n\n<p>Au d\u00e9but, le Mega-CD \u00e9tait une unit\u00e9 de CD sur plateau, qui \u00e9tait sous la console. Le Mega-CD 2 \u00e9tait une \u00e9volution plus petite, meilleur march\u00e9, et se branchait \u00e0 c\u00f4t\u00e9 de la Mega Drive. Ainsi le Mega-CD 2 s&rsquo;encastre parfaitement dans la Mega Drive II. Le Mega-CD 2 est compatible avec la premi\u00e8re version de la Mega Drive, et afin d&rsquo;\u00e9viter que celle-ci d\u00e9passe de son support, un module plastique additionnel maintenu par une plaque m\u00e9tallique et deux vis \u00e9tait propos\u00e9, afin d&rsquo;adapter la longueur du Mega-CD 2 \u00e0 celle de la <a href=\"http:\/\/leconservatoiredujeu.fr\/index.php\/megadrive\/\">Mega Drive<\/a>.<\/p>\n\n\n\n<div class=\"wp-block-image is-style-default\"><figure class=\"aligncenter size-large\"><img loading=\"lazy\" decoding=\"async\" width=\"1024\" height=\"681\" src=\"http:\/\/leconservatoiredujeu.fr\/wp-content\/uploads\/2020\/08\/MEGA-CD-1024x681.jpg\" alt=\"\" class=\"wp-image-11398\" srcset=\"https:\/\/leconservatoiredujeu.fr\/wp-content\/uploads\/2020\/08\/MEGA-CD-1024x681.jpg 1024w, https:\/\/leconservatoiredujeu.fr\/wp-content\/uploads\/2020\/08\/MEGA-CD-300x199.jpg 300w, https:\/\/leconservatoiredujeu.fr\/wp-content\/uploads\/2020\/08\/MEGA-CD-768x511.jpg 768w, https:\/\/leconservatoiredujeu.fr\/wp-content\/uploads\/2020\/08\/MEGA-CD-451x300.jpg 451w, https:\/\/leconservatoiredujeu.fr\/wp-content\/uploads\/2020\/08\/MEGA-CD.jpg 1280w\" sizes=\"(max-width: 1024px) 100vw, 1024px\" \/><\/figure><\/div>\n\n\n\n<p class=\"has-text-align-center\"><strong><em>Japon<\/em><\/strong><\/p>\n\n\n\n<p>Le Mega-CD sort d&rsquo;abord au Japon le 1er d\u00e9cembre 1991. Son prix est alors de 49 800 \u00a5. Au d\u00e9but, c&rsquo;est un grand succ\u00e8s en raison des avantages inh\u00e9rents aux CD (haute capacit\u00e9 de stockage et prix r\u00e9duit). Le fait qu&rsquo;il y ait un catalogue int\u00e9ressant de RPG l&rsquo;a \u00e9galement aid\u00e9. Le syst\u00e8me fut vendu \u00e0 100 000 unit\u00e9s pendant la premi\u00e8re ann\u00e9e apr\u00e8s sa sortie au Japon. Cependant, le prix emp\u00eacha de meilleures ventes.<\/p>\n\n\n\n<p class=\"has-text-align-center\"><strong><em>Etats-Unis<\/em><\/strong><\/p>\n\n\n\n<p>Le Sega-CD est annonc\u00e9 au Consumer Electronics Show (CES) de Chicago, en novembre 1992.<\/p>\n\n\n\n<p class=\"has-text-align-center\"><strong><em>Europe<\/em><\/strong><\/p>\n\n\n\n<p>En Europe, le Mega-CD \u00e9tait hors de prix. Il sort en avril 1993 au Royaume-Uni pour 270 \u00a3 et le 1er septembre 1993 en France pour 1 990 francs (sortie initialement pr\u00e9vue en novembre 19923), la <a href=\"http:\/\/leconservatoiredujeu.fr\/index.php\/megadrive\/\">Mega Drive<\/a> coute elle 1290 francs en mars 19924. Seulement 4 % des propri\u00e9taires europ\u00e9ens de Mega Drive achet\u00e8rent un Mega-CD. \u00c0 la diff\u00e9rence de la Mega Drive, qui fut une r\u00e9ussite en Europe, seulement 60 000 \u00e0 70 000 Mega-CD envoy\u00e9s en Europe furent vendus en ao\u00fbt 19935.<\/p>\n\n\n\n<p>La premi\u00e8re version du Mega-CD ne fut disponible officiellement qu&rsquo;au Royaume-Uni et en Italie. Quelques rares exemplaires furent \u00e9coul\u00e9s en France par Micromania. Le reste de l&rsquo;Europe attendra la sortie de la deuxi\u00e8me version du Mega-CD, version moins ch\u00e8re \u00e0 fabriquer.<\/p>\n\n\n\n<div class=\"wp-block-image is-style-default\"><figure class=\"aligncenter size-large\"><img loading=\"lazy\" decoding=\"async\" width=\"440\" height=\"306\" src=\"http:\/\/leconservatoiredujeu.fr\/wp-content\/uploads\/2020\/08\/CD-1.jpg\" alt=\"\" class=\"wp-image-11400\" srcset=\"https:\/\/leconservatoiredujeu.fr\/wp-content\/uploads\/2020\/08\/CD-1.jpg 440w, https:\/\/leconservatoiredujeu.fr\/wp-content\/uploads\/2020\/08\/CD-1-300x209.jpg 300w, https:\/\/leconservatoiredujeu.fr\/wp-content\/uploads\/2020\/08\/CD-1-431x300.jpg 431w\" sizes=\"(max-width: 440px) 100vw, 440px\" \/><\/figure><\/div>\n\n\n\n<p class=\"has-text-align-center\"><strong><em>Australie<\/em><\/strong><\/p>\n\n\n\n<p>Les Australiens eurent leur Mega-CD le 19 avril 1993.<\/p>\n\n\n\n<p class=\"has-text-align-center\"><strong><em>Br\u00e9sil<\/em><\/strong><\/p>\n\n\n\n<p>Le Mega-CD 2 a \u00e9t\u00e9 lanc\u00e9 sur le march\u00e9 br\u00e9silien au m\u00eame moment qu&rsquo;en Am\u00e9rique du Nord. Le Sega CD original n&rsquo;\u00e9tant jamais sorti l\u00e0-bas, il a \u00e9t\u00e9 simplement appel\u00e9 Sega CD. Toutefois, en raison de la pr\u00e9sence de plusieurs unit\u00e9s de Mega-CD import\u00e9s du Japon sur le march\u00e9, il a \u00e9t\u00e9 officieusement appel\u00e9 Mega-CD. Il a \u00e9t\u00e9 fabriqu\u00e9 localement par Tectoy.<\/p>\n\n\n\n<div class=\"wp-block-image is-style-default\"><figure class=\"aligncenter size-large\"><img loading=\"lazy\" decoding=\"async\" width=\"800\" height=\"600\" src=\"http:\/\/leconservatoiredujeu.fr\/wp-content\/uploads\/2020\/08\/2-3.jpg\" alt=\"\" class=\"wp-image-11401\" srcset=\"https:\/\/leconservatoiredujeu.fr\/wp-content\/uploads\/2020\/08\/2-3.jpg 800w, https:\/\/leconservatoiredujeu.fr\/wp-content\/uploads\/2020\/08\/2-3-300x225.jpg 300w, https:\/\/leconservatoiredujeu.fr\/wp-content\/uploads\/2020\/08\/2-3-768x576.jpg 768w, https:\/\/leconservatoiredujeu.fr\/wp-content\/uploads\/2020\/08\/2-3-400x300.jpg 400w\" sizes=\"(max-width: 800px) 100vw, 800px\" \/><\/figure><\/div>\n\n\n\n<p class=\"has-white-color has-text-color\">Ligne<\/p>\n\n\n\n<h2 class=\"wp-block-heading\"><span style=\"text-decoration: underline;\">Accueil<\/span><\/h2>\n\n\n\n<p><a href=\"http:\/\/leconservatoiredujeu.fr\/index.php\/sega\/\">Sega <\/a>voulut pr\u00e9senter la puissance du Sega-CD en se concentrant sur l&rsquo;exportation des jeux en full motion video (FMV), utilisation de films pour illustrer le jeu, laissant de c\u00f4t\u00e9 des jeux plus traditionnels, moins impressionnants visuellement, mais qui pouvaient tirer profit de l&rsquo;espace m\u00e9moire suppl\u00e9mentaire du m\u00e9dia CD. Les jeux FMV sont visuellement r\u00e9ussis, mais ils ennuy\u00e8rent les joueurs par leur gameplay et leur interactivit\u00e9 limit\u00e9e. Une autre critique concernait la biblioth\u00e8que de titres, compos\u00e9e de shovelware, jeux d\u00e9j\u00e0 existants o\u00f9 sont seulement ajout\u00e9es des modifications mineures, g\u00e9n\u00e9ralement une bande sonore remast\u00e9ris\u00e9e ou des vid\u00e9os, ainsi que le faible d\u00e9veloppement de titres sp\u00e9cifiques au Mega-CD.<\/p>\n\n\n\n<div class=\"wp-block-image is-style-default\"><figure class=\"aligncenter size-large\"><img loading=\"lazy\" decoding=\"async\" width=\"600\" height=\"450\" src=\"http:\/\/leconservatoiredujeu.fr\/wp-content\/uploads\/2020\/08\/JEUX-1.jpg\" alt=\"\" class=\"wp-image-11403\" srcset=\"https:\/\/leconservatoiredujeu.fr\/wp-content\/uploads\/2020\/08\/JEUX-1.jpg 600w, https:\/\/leconservatoiredujeu.fr\/wp-content\/uploads\/2020\/08\/JEUX-1-300x225.jpg 300w, https:\/\/leconservatoiredujeu.fr\/wp-content\/uploads\/2020\/08\/JEUX-1-400x300.jpg 400w\" sizes=\"(max-width: 600px) 100vw, 600px\" \/><\/figure><\/div>\n\n\n\n<p>Le lecteur CD simple vitesse ajoutant des temps de chargement aux jeux, les graphismes en 64 couleurs et un processeur sous-puissant pour le rendu vid\u00e9o seront les grosses faiblesses de ce syst\u00e8me.<\/p>\n\n\n\n<p>Finalement, le Sega-CD ne convaincra pas les joueurs am\u00e9ricains, principalement \u00e0 cause de son prix. Pour toutes ces raisons, la chute des ventes d\u00e9marra en 1993, et finit avec l&rsquo;abandon du p\u00e9riph\u00e9rique en 1996.<\/p>\n\n\n\n<p class=\"has-white-color has-text-color\">Ligne<\/p>\n\n\n\n<h2 class=\"wp-block-heading\"><span style=\"text-decoration: underline;\">Mod\u00e8les<\/span><\/h2>\n\n\n\n<p>Les mod\u00e8les suivants ont \u00e9t\u00e9 produits :<\/p>\n\n\n\n<ul><li>Sega Mega-CD I (Sega CD I en Am\u00e9rique du Nord)&nbsp;;<\/li><li>Sega Mega-CD II (Sega CD II en Am\u00e9rique du Nord), con\u00e7u pour la <a href=\"http:\/\/leconservatoiredujeu.fr\/index.php\/megadrive\/\">Mega Drive<\/a>\/Genesis II et pour r\u00e9duire les co\u00fbts de fabrication&nbsp;;<\/li><li>Victor (JVC) Wondermega mod\u00e8le \u00ab&nbsp;RG-M1&nbsp;\u00bb, unit\u00e9 tout-en-un int\u00e9grant une Mega Drive et un Mega-CD, sorti le 1<sup>er<\/sup> avril 1992 au Japon au prix de 82800 yens ;<\/li><li>Sega Wondermega \u00ab&nbsp;HWM-5010&nbsp;\u00bb, sorti le 21 avril 1992 au prix de 79800 yens ;<\/li><li>Victor (JVC) Wondermega mod\u00e8le \u00ab&nbsp;RG-M2&nbsp;\u00bb, sorti en juillet\/ao\u00fbt 1993 au prix de 59,000 yens&nbsp;;<\/li><li>JVC X&rsquo;EYE, sorti en septembre 1994 pour le march\u00e9 am\u00e9ricain au prix de 499,99&nbsp;$&nbsp;;<\/li><li>Sega Multi-Mega (Genesis CDX en Am\u00e9rique du Nord (avril 1994, 399&nbsp;$), Multi-Mega CDX au Br\u00e9sil), unit\u00e9 tout-en-un int\u00e9grant une Mega Drive et un Mega-CD, cette console est \u00e9galement un lecteur de CD portatif&nbsp;;<\/li><li>Sega PAC (PAC-S10\/PAC-S1), p\u00e9riph\u00e9rique pour le LaserDisc Pioneer LaserActive, permettant de jouer aux jeux Mega Drive, Mega-CD et Mega LDs (jeux sp\u00e9cialement con\u00e7us par Sega et sortis au format LaserDisc) et lecteur CD+G.<\/li><\/ul>\n\n\n\n<figure class=\"wp-block-gallery columns-2 is-cropped wp-block-gallery-1 is-layout-flex wp-block-gallery-is-layout-flex\"><ul class=\"blocks-gallery-grid\"><li class=\"blocks-gallery-item\"><figure><img loading=\"lazy\" decoding=\"async\" width=\"306\" height=\"242\" src=\"http:\/\/leconservatoiredujeu.fr\/wp-content\/uploads\/2020\/08\/PLAY2.jpg\" alt=\"\" data-id=\"11407\" data-link=\"http:\/\/leconservatoiredujeu.fr\/index.php\/mega-cd\/play2\/\" class=\"wp-image-11407\" srcset=\"https:\/\/leconservatoiredujeu.fr\/wp-content\/uploads\/2020\/08\/PLAY2.jpg 306w, https:\/\/leconservatoiredujeu.fr\/wp-content\/uploads\/2020\/08\/PLAY2-300x237.jpg 300w\" sizes=\"(max-width: 306px) 100vw, 306px\" \/><\/figure><\/li><li class=\"blocks-gallery-item\"><figure><img loading=\"lazy\" decoding=\"async\" width=\"420\" height=\"312\" src=\"http:\/\/leconservatoiredujeu.fr\/wp-content\/uploads\/2020\/08\/PLAY3.jpg\" alt=\"\" data-id=\"11409\" data-full-url=\"http:\/\/leconservatoiredujeu.fr\/wp-content\/uploads\/2020\/08\/PLAY3.jpg\" data-link=\"http:\/\/leconservatoiredujeu.fr\/index.php\/mega-cd\/play3\/\" class=\"wp-image-11409\" srcset=\"https:\/\/leconservatoiredujeu.fr\/wp-content\/uploads\/2020\/08\/PLAY3.jpg 420w, https:\/\/leconservatoiredujeu.fr\/wp-content\/uploads\/2020\/08\/PLAY3-300x223.jpg 300w, https:\/\/leconservatoiredujeu.fr\/wp-content\/uploads\/2020\/08\/PLAY3-404x300.jpg 404w\" sizes=\"(max-width: 420px) 100vw, 420px\" \/><\/figure><\/li><\/ul><\/figure>\n\n\n\n<p class=\"has-white-color has-text-color\">Ligne<\/p>\n\n\n\n<h2 class=\"wp-block-heading\"><span style=\"text-decoration: underline;\">Sp\u00e9cifications techniques<\/span><\/h2>\n\n\n\n<p class=\"has-text-align-center\"><em><strong>Processeur principal<\/strong><\/em><\/p>\n\n\n\n<ul><li>Motorola 68000, cadenc\u00e9 \u00e0 12,5&nbsp;MHz<\/li><\/ul>\n\n\n\n<p class=\"has-text-align-center\"><strong><em>Graphisme<\/em><\/strong><\/p>\n\n\n\n<ul><li>Processeurs graphiques : ASIC<\/li><li>Nombre de couleurs simultan\u00e9es sur l&rsquo;\u00e9cran :<ul><li>64 (cette limite peut grimper jusqu&rsquo;\u00e0 128 couleurs par l&rsquo;interm\u00e9diaire du mode \u00ab Hold And Modify \u00bb HAM)<\/li><li>128 \u00e0 256 couleurs disponibles dans les modes Cinepak et de TruVideo<\/li><\/ul><\/li><li>R\u00e9solution : 320 \u00d7 224 pixels et 256 \u00d7 224<\/li><li>Effets de sprite, tels que l&rsquo;agrandissement et la rotation<\/li><\/ul>\n\n\n\n<p class=\"has-text-align-center\"><strong><em>M\u00e9moire<\/em><\/strong><\/p>\n\n\n\n<ul><li>M\u00e9moire principale : 512&nbsp;kio<\/li><li>M\u00e9moire cache du lecteur CD&nbsp;: 128&nbsp;kbit<\/li><li>M\u00e9moire de sauvegarde&nbsp;: 64&nbsp;kbit<\/li><\/ul>\n\n\n\n<p class=\"has-text-align-center\"><strong><em>Stockage<\/em><\/strong><\/p>\n\n\n\n<ul><li>Taux de transfert du lecteur CD&nbsp;: 150&nbsp;ko\/s (1x)<\/li><li>Stockage&nbsp;: CD-ROM de 500&nbsp;Mo (\u00e9quivalents \u00e0 62 minutes de donn\u00e9es audio, entre 1,5 et 4 heures de vid\u00e9o d&rsquo;1\/4 d&rsquo;\u00e9cran en noir et blanc, et 45 minutes en couleurs)<\/li><\/ul>\n\n\n\n<p class=\"has-text-align-center\"><strong><em>BIOS<\/em><\/strong><\/p>\n\n\n\n<ul><li>Taille&nbsp;: 1&nbsp;Mo<\/li><li>Temps d&rsquo;acc\u00e8s moyen&nbsp;: 800&nbsp;ms<\/li><li>Mise \u00e0 jour logicielle<\/li><\/ul>\n\n\n\n<p class=\"has-text-align-center\"><strong><em>Son<\/em><\/strong><\/p>\n\n\n\n<ul><li>Son : Le Mega-CD ajoute 10 canaux sonores suppl\u00e9mentaires au SPU existant de la Mega Drive (le YM2612).<ul><li>8 canaux PCM st\u00e9r\u00e9o<\/li><li>M\u00e9moire sonore PCM&nbsp;: 64&nbsp;Ko<\/li><li>Taux d&rsquo;\u00e9chantillon maximum&nbsp;: 32&nbsp;kHz (44,1&nbsp;kHz pour CD-DA) 16 bit<\/li><li>Filtre num\u00e9rique de sur\u00e9chantillonnage interne, 8x<\/li><li>Plage de fr\u00e9quence&nbsp;: 20&nbsp;Hz &#8211; 20&nbsp;kHz, rapport signal\/bruit&nbsp;: &gt; 90&nbsp;dB \u00e0 1&nbsp;kHz, s\u00e9paration des canaux&nbsp;: 90&nbsp;dB<\/li><\/ul><\/li><\/ul>\n\n\n\n<p class=\"has-text-align-center\"><strong><em>Autres<\/em><\/strong><\/p>\n\n\n\n<ul><li>Sorties&nbsp;: RCA st\u00e9r\u00e9o, p\u00e9ritel<\/li><li>Dimensions&nbsp;: 301 \u00d7 212,5 \u00d7 112,5&nbsp;mm<\/li><li>Poids&nbsp;: 1,4&nbsp;kg<\/li><\/ul>\n\n\n\n<div class=\"wp-block-image is-style-default\"><figure class=\"aligncenter size-large\"><img loading=\"lazy\" decoding=\"async\" width=\"440\" height=\"355\" src=\"http:\/\/leconservatoiredujeu.fr\/wp-content\/uploads\/2020\/08\/JUYVUYGBUIKJ.jpg\" alt=\"\" class=\"wp-image-11412\" srcset=\"https:\/\/leconservatoiredujeu.fr\/wp-content\/uploads\/2020\/08\/JUYVUYGBUIKJ.jpg 440w, https:\/\/leconservatoiredujeu.fr\/wp-content\/uploads\/2020\/08\/JUYVUYGBUIKJ-300x242.jpg 300w, https:\/\/leconservatoiredujeu.fr\/wp-content\/uploads\/2020\/08\/JUYVUYGBUIKJ-372x300.jpg 372w\" sizes=\"(max-width: 440px) 100vw, 440px\" \/><\/figure><\/div>\n\n\n\n<p class=\"has-white-color has-text-color\">Ligne<\/p>\n\n\n\n<p class=\"has-text-align-left\"><strong><span style=\"text-decoration: underline;\">Source<\/span> :<\/strong> Wikip\u00e9dia<\/p>\n\n\n\n<p class=\"has-text-align-right\">Le Conservatoire du Jeu &#8211; Avril 2022<\/p>\n","protected":false},"excerpt":{"rendered":"<p>Le Mega-CD ou Mega CD, \u00e9galement connu sous le nom de Sega CD en Am\u00e9rique du Nord, est un p\u00e9riph\u00e9rique destin\u00e9 \u00e0 la console de jeu vid\u00e9o Mega Drive de Sega. Il s&rsquo;agit d&rsquo;un lecteur de CD-ROM permettant de lire &hellip; <a href=\"https:\/\/leconservatoiredujeu.fr\/index.php\/mega-cd\/\">Continuer la lecture <span class=\"meta-nav\">&rarr;<\/span><\/a><\/p>\n","protected":false},"author":3,"featured_media":0,"parent":0,"menu_order":0,"comment_status":"closed","ping_status":"closed","template":"","meta":{"footnotes":""},"_links":{"self":[{"href":"https:\/\/leconservatoiredujeu.fr\/index.php\/wp-json\/wp\/v2\/pages\/11380"}],"collection":[{"href":"https:\/\/leconservatoiredujeu.fr\/index.php\/wp-json\/wp\/v2\/pages"}],"about":[{"href":"https:\/\/leconservatoiredujeu.fr\/index.php\/wp-json\/wp\/v2\/types\/page"}],"author":[{"embeddable":true,"href":"https:\/\/leconservatoiredujeu.fr\/index.php\/wp-json\/wp\/v2\/users\/3"}],"replies":[{"embeddable":true,"href":"https:\/\/leconservatoiredujeu.fr\/index.php\/wp-json\/wp\/v2\/comments?post=11380"}],"version-history":[{"count":9,"href":"https:\/\/leconservatoiredujeu.fr\/index.php\/wp-json\/wp\/v2\/pages\/11380\/revisions"}],"predecessor-version":[{"id":12835,"href":"https:\/\/leconservatoiredujeu.fr\/index.php\/wp-json\/wp\/v2\/pages\/11380\/revisions\/12835"}],"wp:attachment":[{"href":"https:\/\/leconservatoiredujeu.fr\/index.php\/wp-json\/wp\/v2\/media?parent=11380"}],"curies":[{"name":"wp","href":"https:\/\/api.w.org\/{rel}","templated":true}]}}