{"id":1048,"date":"2017-05-11T22:34:41","date_gmt":"2017-05-11T20:34:41","guid":{"rendered":"http:\/\/leconservatoiredujeu.fr\/?page_id=1048"},"modified":"2022-02-16T17:21:57","modified_gmt":"2022-02-16T16:21:57","slug":"ravensburger","status":"publish","type":"page","link":"https:\/\/leconservatoiredujeu.fr\/index.php\/ravensburger\/","title":{"rendered":"Ravensburger"},"content":{"rendered":"\n<figure class=\"wp-block-gallery aligncenter columns-2 is-cropped wp-block-gallery-1 is-layout-flex wp-block-gallery-is-layout-flex\"><ul class=\"blocks-gallery-grid\"><li class=\"blocks-gallery-item\"><figure><img loading=\"lazy\" decoding=\"async\" width=\"300\" height=\"300\" src=\"http:\/\/leconservatoiredujeu.fr\/wp-content\/uploads\/2022\/02\/Ravensburger_logo-300x300-1.png\" alt=\"\" data-id=\"12460\" data-link=\"http:\/\/leconservatoiredujeu.fr\/index.php\/ravensburger\/ravensburger_logo-300x300-1\/\" class=\"wp-image-12460\" srcset=\"https:\/\/leconservatoiredujeu.fr\/wp-content\/uploads\/2022\/02\/Ravensburger_logo-300x300-1.png 300w, https:\/\/leconservatoiredujeu.fr\/wp-content\/uploads\/2022\/02\/Ravensburger_logo-300x300-1-150x150.png 150w\" sizes=\"(max-width: 300px) 100vw, 300px\" \/><figcaption class=\"blocks-gallery-item__caption\">Logo Classique<\/figcaption><\/figure><\/li><li class=\"blocks-gallery-item\"><figure><img loading=\"lazy\" decoding=\"async\" width=\"512\" height=\"512\" src=\"http:\/\/leconservatoiredujeu.fr\/wp-content\/uploads\/2022\/02\/ravensburger-puzzle.png\" alt=\"\" data-id=\"12461\" data-full-url=\"http:\/\/leconservatoiredujeu.fr\/wp-content\/uploads\/2022\/02\/ravensburger-puzzle.png\" data-link=\"http:\/\/leconservatoiredujeu.fr\/index.php\/ravensburger\/ravensburger-puzzle\/\" class=\"wp-image-12461\" srcset=\"https:\/\/leconservatoiredujeu.fr\/wp-content\/uploads\/2022\/02\/ravensburger-puzzle.png 512w, https:\/\/leconservatoiredujeu.fr\/wp-content\/uploads\/2022\/02\/ravensburger-puzzle-300x300.png 300w, https:\/\/leconservatoiredujeu.fr\/wp-content\/uploads\/2022\/02\/ravensburger-puzzle-150x150.png 150w\" sizes=\"(max-width: 512px) 100vw, 512px\" \/><figcaption class=\"blocks-gallery-item__caption\">Ravensburger Puzzle<\/figcaption><\/figure><\/li><\/ul><\/figure>\n\n\n\n<p><strong><u>Les Origines<\/u><\/strong><\/p>\n\n\n\n<p>Ravensburger est une soci\u00e9t\u00e9&nbsp;allemande&nbsp;sp\u00e9cialis\u00e9e dans les livres, les jouets, les puzzles et les jeux, cr\u00e9\u00e9e par le libraire&nbsp;Otto Maier&nbsp;en&nbsp;1883&nbsp;\u00e0&nbsp;Ravensburg, dans le sud de l\u2019Allemagne.<\/p>\n\n\n\n<p>Ravensburger commence par publier des fascicules d\u2019architecture. Sur cette base financi\u00e8re, en 1884, para\u00eet le premier jeu&nbsp;: Reise um die Erde (Voyage autour du monde), libre adaptation du roman de Jules Verne. D\u00e8s le d\u00e9but des ann\u00e9es 1900, Ravensburger se diversifie et commence \u00e0 publier des livres d\u2019images, des livres d\u2019activit\u00e9s pour enfants et toutes sortes d\u2019ouvrages.<\/p>\n\n\n\n<div class=\"wp-block-image\"><figure class=\"aligncenter is-resized\"><img loading=\"lazy\" decoding=\"async\" src=\"http:\/\/leconservatoiredujeu.fr\/wp-content\/uploads\/2017\/05\/Reise-um-die-Erde-264x300.jpg\" alt=\"\" class=\"wp-image-1050\" width=\"366\" height=\"401\"\/><figcaption>Premier jeu Ravensburger sortie<\/figcaption><\/figure><\/div>\n\n\n\n<p>Mais en ce d\u00e9but de si\u00e8cle, la situation g\u00e9ographique de Ravensburger, ville d\u2019attache de la compagnie, ne cumule pas que des avantages&nbsp;: loin des centres \u00e9conomiques du pays et du bouillonnement culturel Berlinois,&nbsp;Otto Maier&nbsp;d\u00e9p\u00eache des \u00ab&nbsp;Reisenden Hernn&nbsp;\u00bb, commerciaux avant l\u2019heure, qui vont sillonner toute l\u2019Allemagne, l\u2019Europe de l\u2019Ouest, l\u2019Empire Austro-Hongrois et les Pays Baltes. D\u00e8s 1912, de nombreux jeux de la soci\u00e9t\u00e9 allemande sont export\u00e9s en Europe de l\u2019Ouest, dans la r\u00e9gion du Danube, en Russie et en France. A l\u2019aube de la premi\u00e8re guerre mondiale, le catalogue de la marque compte d\u00e9j\u00e0 huit cent produits&nbsp;! Le nombre d\u2019employ\u00e9s passe ainsi de 8 \u00e0 19 entre 1906 et 1914 et le chiffre d\u2019affaire de la soci\u00e9t\u00e9 devient tr\u00e8s confortable. En 1925,&nbsp;Otto Maier&nbsp;meurt \u00e0 l\u2019\u00e2ge de 73 ans et laisse \u00e0 ses fils Otto, Karl et Eugen la direction de ce qui est devenu l\u2019une des plus importantes maisons d\u2019\u00e9dition allemande. Les trois fr\u00e8res, nourris par le mouvement artistique de la nouvelle objectivit\u00e9 (Neue Sachlichkeit) port\u00e9e par Otto Dix ou Max Beckmann, vont produire des jeux graphiquement et m\u00e9caniquement \u00e9tonnants pour l\u2019\u00e9poque. Epargn\u00e9e par la seconde guerre mondiale, la compagnie continue \u00e0 produire des jeux pendant la reconstruction en se concentrant sur le d\u00e9veloppement de jeux et de livres pour enfants, de livres d\u2019art et d\u2019architecture. Devenue le groupe Ravensburger en 1964, la soci\u00e9t\u00e9 ouvre des antennes dans toute l\u2019Europe&nbsp;: en Autriche, en Suisse, Italie, Pays Bas, au Royaume Uni et en France. Jeux Ravensburger s\u2019installe \u00e0 Pfastatt en Alsace et vends puzzles, jeux \u00e9ducatifs, jeux de plateau et jeux cr\u00e9atifs. La branche fran\u00e7aise est le premier distributeur de puzzles en France, vendant les gammes Ravensburger et&nbsp;Nathan. Son catalogue compte de nombreuses licences, telles que Disney, Oui-Oui, Charlotte aux fraises ou encore Ast\u00e9rix.<\/p>\n\n\n\n<div class=\"wp-block-image\"><figure class=\"aligncenter\"><img loading=\"lazy\" decoding=\"async\" width=\"202\" height=\"300\" src=\"http:\/\/leconservatoiredujeu.fr\/wp-content\/uploads\/2017\/05\/otto_maier-202x300.jpg\" alt=\"\" class=\"wp-image-1051\" srcset=\"https:\/\/leconservatoiredujeu.fr\/wp-content\/uploads\/2017\/05\/otto_maier-202x300.jpg 202w, https:\/\/leconservatoiredujeu.fr\/wp-content\/uploads\/2017\/05\/otto_maier.jpg 261w\" sizes=\"(max-width: 202px) 100vw, 202px\" \/><figcaption>Otto Maier ( Cr\u00e9ateur de Ravensburger)<\/figcaption><\/figure><\/div>\n\n\n\n<p><strong><u>L\u2019extension<\/u><\/strong><\/p>\n\n\n\n<p>En 1977, Ravensburger se scinde en deux bras, l\u2019un sp\u00e9cialis\u00e9 dans l\u2019\u00e9dition de livres et l\u2019autre dans l\u2019\u00e9dition de jeux. Le d\u00e9veloppement de la soci\u00e9t\u00e9 a tout d\u2019une multinationale&nbsp;: en 1979, elle s\u2019affiche un chiffre d\u2019affaire de 100 millions de dollars et embauche pas moins de 800 employ\u00e9s&nbsp;! En 1996, Ravensburger, qui s\u2019\u00e9tait jusque l\u00e0 concentr\u00e9 sur les publics familiaux, avec des jeux comme Labyrinthe, Reversi ou Scotland Yard, fait l\u2019acquisition de F.X. Schmid, une petite compagnie de jeux et de puzzles, et d\u00e9cide d\u2019ouvrir un d\u00e9partement \u00ab&nbsp;jeux pour joueurs&nbsp;\u00bb sous la marque&nbsp;Al\u00e9a,&nbsp;F.X. Schmid&nbsp;reprenant l\u2019activit\u00e9 de jeux pour enfants. Stefan Br\u00fcck, alors reponsable du d\u00e9veloppement chez&nbsp;F.X. Schmid&nbsp;est \u00e0 l\u2019origine de l\u2019id\u00e9e visant \u00e0 d\u00e9velopper les jeux pour joueurs chez Ravensburger.<\/p>\n\n\n\n<p>C\u2019est l\u2019\u00e9poque du succ\u00e8s des Colons de Catane, El Grande et les gros jeux ont bonne presse aupr\u00e8s des \u00e9diteurs. Ravensburger charge Stefan Br\u00fcck de d\u00e9velopper&nbsp;Alea&nbsp;et lui donne carte blanche. Il rencontre Knizia et \u00e9dite Ra, puis Puerto Rico et Tadsch Mahal, deux jeux phares qui assoient la marque sur de bonnes bases.<\/p>\n\n\n\n<figure class=\"wp-block-gallery aligncenter columns-2 is-cropped wp-block-gallery-2 is-layout-flex wp-block-gallery-is-layout-flex\"><ul class=\"blocks-gallery-grid\"><li class=\"blocks-gallery-item\"><figure><img loading=\"lazy\" decoding=\"async\" width=\"179\" height=\"250\" src=\"http:\/\/leconservatoiredujeu.fr\/wp-content\/uploads\/2022\/02\/puerto-rico-1-2.jpg\" alt=\"\" data-id=\"12445\" data-link=\"http:\/\/leconservatoiredujeu.fr\/index.php\/ravensburger\/puerto-rico-1-2\/\" class=\"wp-image-12445\"\/><figcaption class=\"blocks-gallery-item__caption\">Puerto Rico<\/figcaption><\/figure><\/li><li class=\"blocks-gallery-item\"><figure><img loading=\"lazy\" decoding=\"async\" width=\"200\" height=\"268\" src=\"http:\/\/leconservatoiredujeu.fr\/wp-content\/uploads\/2022\/02\/tadsh-mahal-1.jpeg\" alt=\"\" data-id=\"12446\" data-full-url=\"http:\/\/leconservatoiredujeu.fr\/wp-content\/uploads\/2022\/02\/tadsh-mahal-1.jpeg\" data-link=\"http:\/\/leconservatoiredujeu.fr\/index.php\/ravensburger\/tadsh-mahal-1\/\" class=\"wp-image-12446\"\/><figcaption class=\"blocks-gallery-item__caption\">Tadsch Mahal<\/figcaption><\/figure><\/li><\/ul><\/figure>\n\n\n\n<p><strong><u>Educatif et Cr\u00e9atif<\/u><\/strong><\/p>\n\n\n\n<p>R\u00e9solument orient\u00e9 vers le jeu pour enfants, Ravensburger concentre une partie de son activit\u00e9 sur les jeux \u00e9ducatifs, qui permettent d\u2019apprendre tout en s\u2019amusant ou de d\u00e9velopper certaines aptitudes. C\u2019est dans ce cadre que sort, en 1959, la premi\u00e8re version du c\u00e9l\u00e8bre Memory dont Ravensburger a vendu plus de 55 millions d\u2019exemplaires dans plus de 80 pays.<\/p>\n\n\n\n<p>Ravensburger est \u00e9galement l\u2019\u00e9diteur des fameux Incollables, ces fiches de questions-r\u00e9ponses qui permettent de se cultiver en s\u2019amusant. Et en 2005, la compagnie \u00e9dite Mentalogy, un jeu de m\u00e9moire d\u00e9velopp\u00e9 par un chauffeur de taxi irlandais sur la base de s\u00e9ries de cartes \u00e0 m\u00e9moriser. Toute une gamme de jeux d\u2019apprentissage de la science, de l\u2019\u00e9criture ou encore du calcul occupe une bonne place dans le catalogue Ravensburger.<\/p>\n\n\n\n<p>La gamme de jeux pour enfants regroupe principalement des jeux en 3D, avec un mat\u00e9riel color\u00e9 et quelques licences comme Winnie l\u2019Ourson, on retrouve le Memory Parlant ou le train magique de Loco Bingo. Ravensburger joue aussi la carte des activit\u00e9s cr\u00e9atives avec des produits comme le Mandala Designer ou le M\u00e9tier \u00e0 tisser les perles et, plus r\u00e9cemment , une gamme de Num\u00e9ro d\u2019Art, ces motifs pr\u00e9-num\u00e9rot\u00e9s pour indiquer \u00e0 l\u2019enfant l\u2019emplacement&nbsp;&nbsp;de chaque couleur. En 2006, Ravensburger, toujours attentif \u00e0 l\u2019\u00e9volution&nbsp;&nbsp;de la soci\u00e9t\u00e9, s\u2019associe avec Handy Games pour sortir une version du Memory sur t\u00e9l\u00e9phone mobile.<\/p>\n\n\n\n<figure class=\"wp-block-gallery columns-2 is-cropped wp-block-gallery-3 is-layout-flex wp-block-gallery-is-layout-flex\"><ul class=\"blocks-gallery-grid\"><li class=\"blocks-gallery-item\"><figure><img loading=\"lazy\" decoding=\"async\" width=\"335\" height=\"355\" src=\"http:\/\/leconservatoiredujeu.fr\/wp-content\/uploads\/2022\/02\/memory.jpg\" alt=\"\" data-id=\"12452\" data-link=\"http:\/\/leconservatoiredujeu.fr\/index.php\/ravensburger\/memory\/\" class=\"wp-image-12452\" srcset=\"https:\/\/leconservatoiredujeu.fr\/wp-content\/uploads\/2022\/02\/memory.jpg 335w, https:\/\/leconservatoiredujeu.fr\/wp-content\/uploads\/2022\/02\/memory-283x300.jpg 283w\" sizes=\"(max-width: 335px) 100vw, 335px\" \/><figcaption class=\"blocks-gallery-item__caption\">Memory Winnie L&rsquo;ourson<\/figcaption><\/figure><\/li><li class=\"blocks-gallery-item\"><figure><img loading=\"lazy\" decoding=\"async\" width=\"945\" height=\"1024\" src=\"http:\/\/leconservatoiredujeu.fr\/wp-content\/uploads\/2022\/02\/mandala-designer-945x1024.jpg\" alt=\"\" data-id=\"12453\" data-full-url=\"http:\/\/leconservatoiredujeu.fr\/wp-content\/uploads\/2022\/02\/mandala-designer.jpg\" data-link=\"http:\/\/leconservatoiredujeu.fr\/index.php\/ravensburger\/mandala-designer\/\" class=\"wp-image-12453\" srcset=\"https:\/\/leconservatoiredujeu.fr\/wp-content\/uploads\/2022\/02\/mandala-designer-945x1024.jpg 945w, https:\/\/leconservatoiredujeu.fr\/wp-content\/uploads\/2022\/02\/mandala-designer-277x300.jpg 277w, https:\/\/leconservatoiredujeu.fr\/wp-content\/uploads\/2022\/02\/mandala-designer-768x832.jpg 768w, https:\/\/leconservatoiredujeu.fr\/wp-content\/uploads\/2022\/02\/mandala-designer.jpg 1385w\" sizes=\"(max-width: 945px) 100vw, 945px\" \/><figcaption class=\"blocks-gallery-item__caption\">1er Mandala Designer<\/figcaption><\/figure><\/li><\/ul><\/figure>\n\n\n\n<p><strong><u>Ravensburger et le puzzle<\/u><\/strong><\/p>\n\n\n\n<p>Ravensburger innove dans l\u2019industrie du puzzle. En d\u00e9veloppant le PuzzleBall, un puzzle sph\u00e9rique qui reprend certaines techniques architecturales, elle re\u00e7oit le Toy Innovation Award 2004 \u00e0 Nuremberg&nbsp;; ou en cr\u00e9ant le plus grand puzzle commercialis\u00e9, un exploit avalis\u00e9 par le Guiness Book. Ce puzzle de 18.000 pi\u00e8ces, offert \u00e0 l\u2019\u00e9quipe olympique anglaise d\u2019aviron, a servi de moyen de relaxation aux sportifs lors de leurs d\u00e9placements. Au fil des ans, le puzzle est devenu un v\u00e9ritable d\u00e9fi pour l\u2019\u00e9quipe qui l\u2019a termin\u00e9 juste avant les jeux de P\u00e9kin, apr\u00e8s quatre ann\u00e9es de pers\u00e9v\u00e9rance. Le record du plus grand puzzle commercialis\u00e9 a \u00e9t\u00e9 battu cette ann\u00e9e par Educa qui a sorti un puzzle de 24.000 pi\u00e8ces mais le 29 septembre 2008, Ravensburger a fait encore plus fort, en fournissant \u00e0 la ville de Ravensburg les pi\u00e8ces du plus grand puzzle jamais r\u00e9alis\u00e9, encore un exploit avalis\u00e9 par le Guiness Book. Le puzzle compte plus d\u2019un million de pi\u00e8ces et recouvre la place centrale de la ville&nbsp;!<\/p>\n\n\n\n<p>Sans cesse \u00e0 la recherche de contenus innovants et de formes in\u00e9dites, Ravensburger continue sur la route de succ\u00e8s qu\u2019elle s\u2019est patiemment construite au fil des d\u00e9cennies. En n\u2019h\u00e9sitant pas \u00e0 \u00e9toffer son catalogue et \u00e0 d\u00e9poussi\u00e9rer ses plus vieux titres, le groupe, qui emploie aujourd\u2019hui pr\u00e8s de 1500 personnes, est le leader allemand dans l\u2019\u00e9dition de jeux de soci\u00e9t\u00e9 et r\u00e9alise plus de la moiti\u00e9 de son chiffre d\u2019affaire \u00e0 l\u2019\u00e9tranger.<\/p>\n\n\n\n<div class=\"wp-block-image\"><figure class=\"aligncenter size-full\"><img loading=\"lazy\" decoding=\"async\" width=\"425\" height=\"396\" src=\"http:\/\/leconservatoiredujeu.fr\/wp-content\/uploads\/2022\/02\/puzzleball.jpg\" alt=\"\" class=\"wp-image-12457\" srcset=\"https:\/\/leconservatoiredujeu.fr\/wp-content\/uploads\/2022\/02\/puzzleball.jpg 425w, https:\/\/leconservatoiredujeu.fr\/wp-content\/uploads\/2022\/02\/puzzleball-300x280.jpg 300w, https:\/\/leconservatoiredujeu.fr\/wp-content\/uploads\/2022\/02\/puzzleball-322x300.jpg 322w\" sizes=\"(max-width: 425px) 100vw, 425px\" \/><figcaption>PuzzleBall de la Terre<\/figcaption><\/figure><\/div>\n\n\n\n<p><strong><u>Remarques<\/u><\/strong><\/p>\n\n\n\n<p>La soci\u00e9t\u00e9 a enregistr\u00e9 en&nbsp;1900&nbsp;le nom de la marque&nbsp;: Otto Maier verlag Ravensburg puis Ravensburger Spiele.<\/p>\n\n\n\n<p>Ravensburger poss\u00e8de plusieurs marques cr\u00e9\u00e9es ou acquises, comme&nbsp;FX,&nbsp;F.X. Schmid, Carlit,&nbsp;Alea. En&nbsp;France, Ravensburger a repris une partie des activit\u00e9s des&nbsp;Jeux Nathan.<\/p>\n\n\n\n<p><strong><u>Liens<\/u><\/strong><\/p>\n\n\n\n<p><a href=\"http:\/\/www.ravensburger.com\/\">Ravensburger internationnal<\/a><\/p>\n\n\n\n<p><a href=\"http:\/\/www.ravensburger.com\/FR\/index.jsp?path=com.fr.home\">Ravensburger France<\/a><\/p>\n\n\n\n<p>                                                                                                             M.A.J F\u00e9vrier 2022<\/p>\n","protected":false},"excerpt":{"rendered":"<p>Les Origines Ravensburger est une soci\u00e9t\u00e9&nbsp;allemande&nbsp;sp\u00e9cialis\u00e9e dans les livres, les jouets, les puzzles et les jeux, cr\u00e9\u00e9e par le libraire&nbsp;Otto Maier&nbsp;en&nbsp;1883&nbsp;\u00e0&nbsp;Ravensburg, dans le sud de l\u2019Allemagne. Ravensburger commence par publier des fascicules d\u2019architecture. Sur cette base financi\u00e8re, en 1884, para\u00eet &hellip; <a href=\"https:\/\/leconservatoiredujeu.fr\/index.php\/ravensburger\/\">Continuer la lecture <span class=\"meta-nav\">&rarr;<\/span><\/a><\/p>\n","protected":false},"author":1,"featured_media":0,"parent":0,"menu_order":0,"comment_status":"closed","ping_status":"closed","template":"","meta":{"footnotes":""},"_links":{"self":[{"href":"https:\/\/leconservatoiredujeu.fr\/index.php\/wp-json\/wp\/v2\/pages\/1048"}],"collection":[{"href":"https:\/\/leconservatoiredujeu.fr\/index.php\/wp-json\/wp\/v2\/pages"}],"about":[{"href":"https:\/\/leconservatoiredujeu.fr\/index.php\/wp-json\/wp\/v2\/types\/page"}],"author":[{"embeddable":true,"href":"https:\/\/leconservatoiredujeu.fr\/index.php\/wp-json\/wp\/v2\/users\/1"}],"replies":[{"embeddable":true,"href":"https:\/\/leconservatoiredujeu.fr\/index.php\/wp-json\/wp\/v2\/comments?post=1048"}],"version-history":[{"count":11,"href":"https:\/\/leconservatoiredujeu.fr\/index.php\/wp-json\/wp\/v2\/pages\/1048\/revisions"}],"predecessor-version":[{"id":12469,"href":"https:\/\/leconservatoiredujeu.fr\/index.php\/wp-json\/wp\/v2\/pages\/1048\/revisions\/12469"}],"wp:attachment":[{"href":"https:\/\/leconservatoiredujeu.fr\/index.php\/wp-json\/wp\/v2\/media?parent=1048"}],"curies":[{"name":"wp","href":"https:\/\/api.w.org\/{rel}","templated":true}]}}