{"id":1033,"date":"2017-05-11T21:00:28","date_gmt":"2017-05-11T19:00:28","guid":{"rendered":"http:\/\/leconservatoiredujeu.fr\/?page_id=1033"},"modified":"2022-04-21T15:22:10","modified_gmt":"2022-04-21T13:22:10","slug":"hexagonal","status":"publish","type":"page","link":"https:\/\/leconservatoiredujeu.fr\/index.php\/hexagonal\/","title":{"rendered":"Hexagonal"},"content":{"rendered":"<p><img loading=\"lazy\" decoding=\"async\" class=\" wp-image-1034 aligncenter\" src=\"http:\/\/leconservatoiredujeu.fr\/wp-content\/uploads\/2017\/05\/hexagonal-logo.png\" alt=\"\" width=\"240\" height=\"243\" \/><\/p>\n<p>Hexagonal est une soci\u00e9t\u00e9 fran\u00e7aise d&rsquo;\u00e9dition de\u00a0jeux de r\u00f4le. Sp\u00e9cialis\u00e9e dans la traduction et l&rsquo;\u00e9dition de jeux en langue anglaise, elle s&rsquo;est fait conna\u00eetre en \u00e9ditant les jeux Bushido et Les Trois Mousquetaires de la soci\u00e9t\u00e9 FGU.<\/p>\n<p>Apr\u00e8s avoir \u00e9t\u00e9 longtemps la soci\u00e9t\u00e9 \u00e9ditrice du Jeu de r\u00f4le des Terres du milieu (JRTM) et de Rolemaster de la soci\u00e9t\u00e9\u00a0Iron Crown Enterprises, elle est aujourd&rsquo;hui principalement connue pour avoir traduit et diffus\u00e9 en France les \u0153uvres de White Wolf Publishing se situant dans le Monde des T\u00e9n\u00e8bres.<\/p>\n<p>Publications<br \/>\nLiens externes<\/p>\n<p><strong><u>Publications<\/u><\/strong><\/p>\n<p>En 1991 Hexagonal se lance dans la publication en kiosque de Dragon Magazine, un\u00a0magazine sur le jeu de r\u00f4le\u00a0Donjons et dragons. En effet, depuis le d\u00e9but des\u00a0jeux de r\u00f4les, plusieurs magazines (et fanzines de qualit\u00e9) ont vu le jour : Casus Belli, Runes, Info-Jeux, Dragon Radieux, Chroniques d\u2019Outre-Monde, Graal. Dragon Magazine en fran\u00e7ais rencontre rapidement une tr\u00e8s large audience et voit son tirage passer en quelques num\u00e9ros, de 8 000 \u00e0 plus de 20 000 exemplaires. Le no 0 sorti distribuer exclusivement en magasins sp\u00e9cialis\u00e9s devient un collector que les amateurs recherchent assid\u00fbment.<\/p>\n<p><img loading=\"lazy\" decoding=\"async\" class=\"size-full wp-image-1036 aligncenter\" src=\"http:\/\/leconservatoiredujeu.fr\/wp-content\/uploads\/2017\/05\/Hexagonal-DragonMag.jpg\" alt=\"\" width=\"282\" height=\"282\" srcset=\"https:\/\/leconservatoiredujeu.fr\/wp-content\/uploads\/2017\/05\/Hexagonal-DragonMag.jpg 282w, https:\/\/leconservatoiredujeu.fr\/wp-content\/uploads\/2017\/05\/Hexagonal-DragonMag-150x150.jpg 150w\" sizes=\"(max-width: 282px) 100vw, 282px\" \/><\/p>\n<p>En 1998, suite \u00e0 des probl\u00e8mes avec TSR lors du rachat par Wizards of the Coast, la publication de Dragon Magazine s&rsquo;arr\u00eate au num\u00e9ro 45 (parution en d\u00e9cembre 1998). Souhaitant poursuivre la publication d&rsquo;un magazine consacr\u00e9 aux jeux de r\u00f4le, Hexagonal annonce la publication d&rsquo;Imagine Magazine.<br \/>\nAu moment o\u00f9 le magazine part chez l\u2019imprimeur, Hexagonal est inform\u00e9 par Flammarion que le nom avait d\u00e9j\u00e0 \u00e9t\u00e9 d\u00e9pos\u00e9 (Imagine) pour une collection d\u2019ouvrages de science-fiction. Le num\u00e9ro 1 peut toutefois sortir sous le double nom Image-MultiMondes. D\u00e8s le no 2, le magazine change de nom et devient MultiMondes. Le dernier num\u00e9ro (le 8) para\u00eet en ao\u00fbt 2000.<\/p>\n<p><img loading=\"lazy\" decoding=\"async\" class=\"size-full wp-image-1037 aligncenter\" src=\"http:\/\/leconservatoiredujeu.fr\/wp-content\/uploads\/2017\/05\/Hexagonal-Multimondes.jpg\" alt=\"\" width=\"162\" height=\"230\" \/><\/p>\n<p>MultiMondes est remplac\u00e9 par D20 Magazine, dont le premier num\u00e9ro para\u00eet en octobre 2000. Des aides de jeu et des sc\u00e9narios pour Donjons et dragons 3e \u00e9dition et pour le Monde des T\u00e9n\u00e8bres apparaissent d\u00e8s le num\u00e9ro 1. Avec le num\u00e9ro 11, Hexagonal y ajoute des aides de jeu et des sc\u00e9narios pour le Seigneur des Anneaux JDR, puis pour Exalt\u00e9s et Aquelarre. Le dernier num\u00e9ro, le 25, para\u00eet en d\u00e9but 2005, et laisse inachev\u00e9e une grande campagne en dix sc\u00e9narios pour les Terres Balafr\u00e9es.<\/p>\n<p><img loading=\"lazy\" decoding=\"async\" class=\"size-full wp-image-1035 aligncenter\" src=\"http:\/\/leconservatoiredujeu.fr\/wp-content\/uploads\/2017\/05\/Hexagonal-D20.jpg\" alt=\"\" width=\"152\" height=\"218\" \/><\/p>\n<p>Il y a \u00e9galement l\u2019ovni : DXP. Courant 1998, une toute nouvelle maison d\u2019\u00e9dition (Night City Productions) sort un nouveau magazine de jeux de cartes : Black-Ops. Hexagonal en assure la distribution sur le march\u00e9 sp\u00e9cialis\u00e9. Des liens se tissent entre les deux soci\u00e9t\u00e9s. Deux num\u00e9ros de DXP para\u00eetront. Peu apr\u00e8s, Night City Productions d\u00e9pose le bilan, et le num\u00e9ro 3, pourtant finalis\u00e9, ne verra jamais le jour.<\/p>\n<p><strong>Liens externes<\/strong><\/p>\n<p>Site officiel d&rsquo;Hexagonal<\/p>\n","protected":false},"excerpt":{"rendered":"<p>Hexagonal est une soci\u00e9t\u00e9 fran\u00e7aise d&rsquo;\u00e9dition de\u00a0jeux de r\u00f4le. Sp\u00e9cialis\u00e9e dans la traduction et l&rsquo;\u00e9dition de jeux en langue anglaise, elle s&rsquo;est fait conna\u00eetre en \u00e9ditant les jeux Bushido et Les Trois Mousquetaires de la soci\u00e9t\u00e9 FGU. Apr\u00e8s avoir \u00e9t\u00e9 &hellip; <a href=\"https:\/\/leconservatoiredujeu.fr\/index.php\/hexagonal\/\">Continuer la lecture <span class=\"meta-nav\">&rarr;<\/span><\/a><\/p>\n","protected":false},"author":1,"featured_media":0,"parent":0,"menu_order":0,"comment_status":"closed","ping_status":"closed","template":"","meta":{"footnotes":""},"_links":{"self":[{"href":"https:\/\/leconservatoiredujeu.fr\/index.php\/wp-json\/wp\/v2\/pages\/1033"}],"collection":[{"href":"https:\/\/leconservatoiredujeu.fr\/index.php\/wp-json\/wp\/v2\/pages"}],"about":[{"href":"https:\/\/leconservatoiredujeu.fr\/index.php\/wp-json\/wp\/v2\/types\/page"}],"author":[{"embeddable":true,"href":"https:\/\/leconservatoiredujeu.fr\/index.php\/wp-json\/wp\/v2\/users\/1"}],"replies":[{"embeddable":true,"href":"https:\/\/leconservatoiredujeu.fr\/index.php\/wp-json\/wp\/v2\/comments?post=1033"}],"version-history":[{"count":2,"href":"https:\/\/leconservatoiredujeu.fr\/index.php\/wp-json\/wp\/v2\/pages\/1033\/revisions"}],"predecessor-version":[{"id":12883,"href":"https:\/\/leconservatoiredujeu.fr\/index.php\/wp-json\/wp\/v2\/pages\/1033\/revisions\/12883"}],"wp:attachment":[{"href":"https:\/\/leconservatoiredujeu.fr\/index.php\/wp-json\/wp\/v2\/media?parent=1033"}],"curies":[{"name":"wp","href":"https:\/\/api.w.org\/{rel}","templated":true}]}}