{"id":1005,"date":"2017-05-11T20:10:27","date_gmt":"2017-05-11T18:10:27","guid":{"rendered":"http:\/\/leconservatoiredujeu.fr\/?page_id=1005"},"modified":"2022-03-31T14:56:49","modified_gmt":"2022-03-31T12:56:49","slug":"xbox-360-accessoires","status":"publish","type":"page","link":"https:\/\/leconservatoiredujeu.fr\/index.php\/xbox-360-accessoires\/","title":{"rendered":"XBox 360 &#8211; Accessoires"},"content":{"rendered":"\n<p><strong><span style=\"text-decoration: underline;\">Kit Play&rsquo;n&rsquo;Charge<\/span><\/strong> :<\/p>\n\n\n\n<p>Permet de recharger une manette Xbox 360 sans fil en cours de jeu, ainsi que d&rsquo;appairer rapidement les manettes sans fil avec la console.<\/p>\n\n\n\n<div class=\"wp-block-image is-style-default\"><figure class=\"aligncenter size-full\"><img loading=\"lazy\" decoding=\"async\" width=\"334\" height=\"340\" src=\"http:\/\/leconservatoiredujeu.fr\/wp-content\/uploads\/2022\/03\/Kit-Play-and-Charge-noir-Microsoft-pour-Xbox-360.jpg\" alt=\"\" class=\"wp-image-12781\" srcset=\"https:\/\/leconservatoiredujeu.fr\/wp-content\/uploads\/2022\/03\/Kit-Play-and-Charge-noir-Microsoft-pour-Xbox-360.jpg 334w, https:\/\/leconservatoiredujeu.fr\/wp-content\/uploads\/2022\/03\/Kit-Play-and-Charge-noir-Microsoft-pour-Xbox-360-295x300.jpg 295w\" sizes=\"(max-width: 334px) 100vw, 334px\" \/><\/figure><\/div>\n\n\n\n<p class=\"has-white-color has-text-color\">Ligne<\/p>\n\n\n\n<p><span style=\"text-decoration: underline;\"><strong>Manette filaire ou sans fil<\/strong><\/span> :<\/p>\n\n\n\n<figure class=\"wp-block-gallery aligncenter columns-2 is-cropped wp-block-gallery-1 is-layout-flex wp-block-gallery-is-layout-flex\"><ul class=\"blocks-gallery-grid\"><li class=\"blocks-gallery-item\"><figure><img loading=\"lazy\" decoding=\"async\" width=\"353\" height=\"355\" src=\"http:\/\/leconservatoiredujeu.fr\/wp-content\/uploads\/2020\/08\/Manette-filaire-ou-sans-fil.jpg\" alt=\"\" data-id=\"11772\" data-full-url=\"http:\/\/leconservatoiredujeu.fr\/wp-content\/uploads\/2020\/08\/Manette-filaire-ou-sans-fil.jpg\" data-link=\"http:\/\/leconservatoiredujeu.fr\/index.php\/xbox-360-accessoires\/manette-filaire-ou-sans-fil\/\" class=\"wp-image-11772\" srcset=\"https:\/\/leconservatoiredujeu.fr\/wp-content\/uploads\/2020\/08\/Manette-filaire-ou-sans-fil.jpg 353w, https:\/\/leconservatoiredujeu.fr\/wp-content\/uploads\/2020\/08\/Manette-filaire-ou-sans-fil-298x300.jpg 298w, https:\/\/leconservatoiredujeu.fr\/wp-content\/uploads\/2020\/08\/Manette-filaire-ou-sans-fil-150x150.jpg 150w\" sizes=\"(max-width: 353px) 100vw, 353px\" \/><\/figure><\/li><li class=\"blocks-gallery-item\"><figure><img loading=\"lazy\" decoding=\"async\" width=\"340\" height=\"340\" src=\"http:\/\/leconservatoiredujeu.fr\/wp-content\/uploads\/2020\/08\/Manette-filaire-ou-sans-fil2.jpg\" alt=\"\" data-id=\"11773\" data-full-url=\"http:\/\/leconservatoiredujeu.fr\/wp-content\/uploads\/2020\/08\/Manette-filaire-ou-sans-fil2.jpg\" data-link=\"http:\/\/leconservatoiredujeu.fr\/index.php\/xbox-360-accessoires\/manette-filaire-ou-sans-fil2\/\" class=\"wp-image-11773\" srcset=\"https:\/\/leconservatoiredujeu.fr\/wp-content\/uploads\/2020\/08\/Manette-filaire-ou-sans-fil2.jpg 340w, https:\/\/leconservatoiredujeu.fr\/wp-content\/uploads\/2020\/08\/Manette-filaire-ou-sans-fil2-300x300.jpg 300w, https:\/\/leconservatoiredujeu.fr\/wp-content\/uploads\/2020\/08\/Manette-filaire-ou-sans-fil2-150x150.jpg 150w\" sizes=\"(max-width: 340px) 100vw, 340px\" \/><\/figure><\/li><\/ul><\/figure>\n\n\n\n<p class=\"has-white-color has-text-color\">Ligne<\/p>\n\n\n\n<p><br><span style=\"text-decoration: underline;\"><strong>Adaptateur r\u00e9seau sans fil Wi-Fi<\/strong><\/span> :<\/p>\n\n\n\n<p>Permet de relier la console \u00e0 un r\u00e9seau Wifi, sans utiliser de c\u00e2ble Ethernet. Il se branche sur un port USB d\u00e9di\u00e9 situ\u00e9 \u00e0 l&rsquo;arri\u00e8re de la machine.<\/p>\n\n\n\n<div class=\"wp-block-image is-style-default\"><figure class=\"aligncenter size-medium\"><img loading=\"lazy\" decoding=\"async\" width=\"222\" height=\"300\" src=\"http:\/\/leconservatoiredujeu.fr\/wp-content\/uploads\/2020\/08\/Adaptateur-r\u00e9seau-sans-fil-Wi-Fi-222x300.jpg\" alt=\"\" class=\"wp-image-11774\" srcset=\"https:\/\/leconservatoiredujeu.fr\/wp-content\/uploads\/2020\/08\/Adaptateur-r\u00e9seau-sans-fil-Wi-Fi-222x300.jpg 222w, https:\/\/leconservatoiredujeu.fr\/wp-content\/uploads\/2020\/08\/Adaptateur-r\u00e9seau-sans-fil-Wi-Fi.jpg 370w\" sizes=\"(max-width: 222px) 100vw, 222px\" \/><\/figure><\/div>\n\n\n\n<p class=\"has-white-color has-text-color\">Ligne<\/p>\n\n\n\n<p><strong><span style=\"text-decoration: underline;\">Lecteur HD DVD externe<\/span><\/strong> :<\/p>\n\n\n\n<p>Uniquement destin\u00e9 \u00e0 la lecture des films en haute d\u00e9finition.<\/p>\n\n\n\n<div class=\"wp-block-image is-style-default\"><figure class=\"aligncenter size-large\"><img loading=\"lazy\" decoding=\"async\" width=\"320\" height=\"140\" src=\"http:\/\/leconservatoiredujeu.fr\/wp-content\/uploads\/2020\/08\/Lecteur-HD-DVD-externe.jpg\" alt=\"\" class=\"wp-image-11776\" srcset=\"https:\/\/leconservatoiredujeu.fr\/wp-content\/uploads\/2020\/08\/Lecteur-HD-DVD-externe.jpg 320w, https:\/\/leconservatoiredujeu.fr\/wp-content\/uploads\/2020\/08\/Lecteur-HD-DVD-externe-300x131.jpg 300w\" sizes=\"(max-width: 320px) 100vw, 320px\" \/><\/figure><\/div>\n\n\n\n<p class=\"has-white-color has-text-color\">Ligne<\/p>\n\n\n\n<p><span style=\"text-decoration: underline;\"><strong>R\u00e9cepteur Xbox 360 sans fil pour Windows<\/strong><\/span> :<\/p>\n\n\n\n<p>Ce r\u00e9cepteur permet d&rsquo;utiliser jusqu&rsquo;\u00e0 4 manettes sans fil, 4 casques d&rsquo;\u00e9coutes Xbox Live sans fil ainsi que d&rsquo;autres accessoires sans fil \u00e0 venir simultan\u00e9ment sur un PC sous Windows XP ou Vista.<\/p>\n\n\n\n<div class=\"wp-block-image is-style-default\"><figure class=\"aligncenter size-medium\"><img loading=\"lazy\" decoding=\"async\" width=\"300\" height=\"297\" src=\"http:\/\/leconservatoiredujeu.fr\/wp-content\/uploads\/2020\/08\/R\u00e9cepteur-Xbox-360-sans-fil-pour-Windows-300x297.jpg\" alt=\"\" class=\"wp-image-11777\" srcset=\"https:\/\/leconservatoiredujeu.fr\/wp-content\/uploads\/2020\/08\/R\u00e9cepteur-Xbox-360-sans-fil-pour-Windows-300x297.jpg 300w, https:\/\/leconservatoiredujeu.fr\/wp-content\/uploads\/2020\/08\/R\u00e9cepteur-Xbox-360-sans-fil-pour-Windows-150x150.jpg 150w, https:\/\/leconservatoiredujeu.fr\/wp-content\/uploads\/2020\/08\/R\u00e9cepteur-Xbox-360-sans-fil-pour-Windows-768x761.jpg 768w, https:\/\/leconservatoiredujeu.fr\/wp-content\/uploads\/2020\/08\/R\u00e9cepteur-Xbox-360-sans-fil-pour-Windows-303x300.jpg 303w, https:\/\/leconservatoiredujeu.fr\/wp-content\/uploads\/2020\/08\/R\u00e9cepteur-Xbox-360-sans-fil-pour-Windows.jpg 781w\" sizes=\"(max-width: 300px) 100vw, 300px\" \/><\/figure><\/div>\n\n\n\n<p class=\"has-white-color has-text-color\">Ligne<\/p>\n\n\n\n<p><span style=\"text-decoration: underline;\"><strong>Volant sans fil \u00e0 retour de force pour les jeux de courses automobiles <\/strong><\/span>:<\/p>\n\n\n\n<p>Les jeux 100 % compatibles avec le volant sont : Need for Speed\u2122 Carbon, Project Gotham Racing\u00ae 3 (celui vendu avec le volant g\u00e8re le retour de force contrairement \u00e0 la version commercialis\u00e9e \u00e0 part), Test Drive\u00ae Unlimited et Forza Motorsport\u2122 2.<\/p>\n\n\n\n<div class=\"wp-block-image is-style-default\"><figure class=\"aligncenter size-medium\"><img loading=\"lazy\" decoding=\"async\" width=\"300\" height=\"224\" src=\"http:\/\/leconservatoiredujeu.fr\/wp-content\/uploads\/2020\/08\/VOLANT-1-300x224.jpg\" alt=\"\" class=\"wp-image-11778\" srcset=\"https:\/\/leconservatoiredujeu.fr\/wp-content\/uploads\/2020\/08\/VOLANT-1-300x224.jpg 300w, https:\/\/leconservatoiredujeu.fr\/wp-content\/uploads\/2020\/08\/VOLANT-1-768x574.jpg 768w, https:\/\/leconservatoiredujeu.fr\/wp-content\/uploads\/2020\/08\/VOLANT-1-402x300.jpg 402w, https:\/\/leconservatoiredujeu.fr\/wp-content\/uploads\/2020\/08\/VOLANT-1.jpg 1024w\" sizes=\"(max-width: 300px) 100vw, 300px\" \/><\/figure><\/div>\n\n\n\n<p class=\"has-white-color has-text-color\">Ligne<\/p>\n\n\n\n<p><strong><span style=\"text-decoration: underline;\">Cam\u00e9ra Xbox Live Vision (Webcam 640 \u00d7 480 pixels, 30 images\/s, 1,3 m\u00e9gapixels)<\/span><\/strong> :<\/p>\n\n\n\n<p>Jeux supportant la Xbox Live Vision (Visio-conf\u00e9rence seulement) : Bankshot Billiards 2, Battlezone, Hardwood Backgammon, Hardwood Hearts, Hardwood Spades, Uno, Texas Hold&#8217;em<\/p>\n\n\n\n<p>Jeux utilisant la Xbox Live Vision comme contr\u00f4leur : TotemBall, Pinball FX<\/p>\n\n\n\n<p>Jeux proposant d&rsquo;int\u00e9grer son visage : Tom Clancy&rsquo;s Rainbow Six: Vegas 1 et 2, World Series of Poker, Pro Evolution Soccer 2008 et Burnout Paradise<\/p>\n\n\n\n<p>Jeux proposant d&rsquo;utiliser la Xbox Live Vision pour une autre utilisation : Viva Pinata : Pagaille au Paradis pour importer des nouvelles pi\u00f1atas via des cartes que l&rsquo;on montre \u00e0 la Xbox Live Vision.<\/p>\n\n\n\n<div class=\"wp-block-image is-style-default\"><figure class=\"aligncenter size-medium\"><img loading=\"lazy\" decoding=\"async\" width=\"233\" height=\"300\" src=\"http:\/\/leconservatoiredujeu.fr\/wp-content\/uploads\/2020\/08\/Cam\u00e9ra-Xbox-Live-Vision-233x300.jpg\" alt=\"\" class=\"wp-image-11779\" srcset=\"https:\/\/leconservatoiredujeu.fr\/wp-content\/uploads\/2020\/08\/Cam\u00e9ra-Xbox-Live-Vision-233x300.jpg 233w, https:\/\/leconservatoiredujeu.fr\/wp-content\/uploads\/2020\/08\/Cam\u00e9ra-Xbox-Live-Vision-795x1024.jpg 795w, https:\/\/leconservatoiredujeu.fr\/wp-content\/uploads\/2020\/08\/Cam\u00e9ra-Xbox-Live-Vision-768x990.jpg 768w, https:\/\/leconservatoiredujeu.fr\/wp-content\/uploads\/2020\/08\/Cam\u00e9ra-Xbox-Live-Vision.jpg 832w\" sizes=\"(max-width: 233px) 100vw, 233px\" \/><\/figure><\/div>\n\n\n\n<p class=\"has-white-color has-text-color\">Ligne<\/p>\n\n\n\n<p><strong><span style=\"text-decoration: underline;\">Guitare sans fil Gibso<\/span> <\/strong>:<\/p>\n\n\n\n<p>Permettant de jouer \u00e0 Guitar Hero 2 ou Guitar Hero 3 ou Rock Band.<br>Fa\u00e7ades interchangeables.<\/p>\n\n\n\n<div class=\"wp-block-image is-style-default\"><figure class=\"aligncenter size-medium\"><img loading=\"lazy\" decoding=\"async\" width=\"300\" height=\"300\" src=\"http:\/\/leconservatoiredujeu.fr\/wp-content\/uploads\/2020\/08\/Guitare-sans-fil-Gibso-300x300.jpg\" alt=\"\" class=\"wp-image-11780\" srcset=\"https:\/\/leconservatoiredujeu.fr\/wp-content\/uploads\/2020\/08\/Guitare-sans-fil-Gibso-300x300.jpg 300w, https:\/\/leconservatoiredujeu.fr\/wp-content\/uploads\/2020\/08\/Guitare-sans-fil-Gibso-1024x1024.jpg 1024w, https:\/\/leconservatoiredujeu.fr\/wp-content\/uploads\/2020\/08\/Guitare-sans-fil-Gibso-150x150.jpg 150w, https:\/\/leconservatoiredujeu.fr\/wp-content\/uploads\/2020\/08\/Guitare-sans-fil-Gibso-768x768.jpg 768w, https:\/\/leconservatoiredujeu.fr\/wp-content\/uploads\/2020\/08\/Guitare-sans-fil-Gibso.jpg 1200w\" sizes=\"(max-width: 300px) 100vw, 300px\" \/><\/figure><\/div>\n\n\n\n<p class=\"has-white-color has-text-color\">Ligne<\/p>\n\n\n\n<p><span style=\"text-decoration: underline;\"><strong>Casque Xbox Live<\/strong><\/span> :<\/p>\n\n\n\n<p>Pour communiquer sur le Xbox Live. Un mini casque sans-fil utilisant la technologie radio 2,4&nbsp;GHz a vu le jour dans le courant du mois de d\u00e9cembre 2006 en Europe.<\/p>\n\n\n\n<div class=\"wp-block-image is-style-default\"><figure class=\"aligncenter size-medium\"><img loading=\"lazy\" decoding=\"async\" width=\"300\" height=\"300\" src=\"http:\/\/leconservatoiredujeu.fr\/wp-content\/uploads\/2020\/08\/Casque-Xbox-Live-300x300.jpg\" alt=\"\" class=\"wp-image-11782\" srcset=\"https:\/\/leconservatoiredujeu.fr\/wp-content\/uploads\/2020\/08\/Casque-Xbox-Live-300x300.jpg 300w, https:\/\/leconservatoiredujeu.fr\/wp-content\/uploads\/2020\/08\/Casque-Xbox-Live-150x150.jpg 150w, https:\/\/leconservatoiredujeu.fr\/wp-content\/uploads\/2020\/08\/Casque-Xbox-Live.jpg 700w\" sizes=\"(max-width: 300px) 100vw, 300px\" \/><\/figure><\/div>\n\n\n\n<p class=\"has-white-color has-text-color\">Ligne<\/p>\n\n\n\n<p><strong><span style=\"text-decoration: underline;\">Kinect<\/span><\/strong> :<\/p>\n\n\n\n<p>initialement connu sous le nom de code Project Natal, est un p\u00e9riph\u00e9rique destin\u00e9 \u00e0 la console de jeu Xbox 360. Le mot-valise Kinect est issu de l\u2019anglais \u00ab kinetic \u00bb (\u00ab cin\u00e9tique \u00bb) et \u00ab connect \u00bb (\u00ab connecter \u00bb). La sortie europ\u00e9enne date du 10 novembre 2010. Son prix est de 149 euros, de plus, un pack incluant Kinect avec la nouvelle Xbox 4 Go est pr\u00e9vu \u00e0 la m\u00eame date pour 299 euros. La version 2 de Kinect est disponible uniquement pour Xbox One et est incluse dans la boite de la Xbox One.<\/p>\n\n\n\n<div class=\"wp-block-image is-style-default\"><figure class=\"aligncenter size-large\"><img loading=\"lazy\" decoding=\"async\" width=\"1024\" height=\"404\" src=\"http:\/\/leconservatoiredujeu.fr\/wp-content\/uploads\/2020\/08\/Kinect-1-1024x404.jpg\" alt=\"\" class=\"wp-image-11786\" srcset=\"https:\/\/leconservatoiredujeu.fr\/wp-content\/uploads\/2020\/08\/Kinect-1-1024x404.jpg 1024w, https:\/\/leconservatoiredujeu.fr\/wp-content\/uploads\/2020\/08\/Kinect-1-300x119.jpg 300w, https:\/\/leconservatoiredujeu.fr\/wp-content\/uploads\/2020\/08\/Kinect-1-768x303.jpg 768w, https:\/\/leconservatoiredujeu.fr\/wp-content\/uploads\/2020\/08\/Kinect-1-1536x607.jpg 1536w, https:\/\/leconservatoiredujeu.fr\/wp-content\/uploads\/2020\/08\/Kinect-1-500x198.jpg 500w, https:\/\/leconservatoiredujeu.fr\/wp-content\/uploads\/2020\/08\/Kinect-1.jpg 1600w\" sizes=\"(max-width: 1024px) 100vw, 1024px\" \/><\/figure><\/div>\n\n\n\n<p class=\"has-white-color has-text-color\">Ligne<\/p>\n\n\n\n<p class=\"has-text-align-left\"><strong><span style=\"text-decoration: underline;\">Source<\/span> :<\/strong> Wikip\u00e9dia<\/p>\n\n\n\n<p class=\"has-text-align-right\">Le Conservatoire du Jeu &#8211; Mars 2022<\/p>\n","protected":false},"excerpt":{"rendered":"<p>Kit Play&rsquo;n&rsquo;Charge : Permet de recharger une manette Xbox 360 sans fil en cours de jeu, ainsi que d&rsquo;appairer rapidement les manettes sans fil avec la console. Ligne Manette filaire ou sans fil : Ligne Adaptateur r\u00e9seau sans fil Wi-Fi &hellip; <a href=\"https:\/\/leconservatoiredujeu.fr\/index.php\/xbox-360-accessoires\/\">Continuer la lecture <span class=\"meta-nav\">&rarr;<\/span><\/a><\/p>\n","protected":false},"author":1,"featured_media":0,"parent":0,"menu_order":0,"comment_status":"closed","ping_status":"closed","template":"","meta":{"footnotes":""},"_links":{"self":[{"href":"https:\/\/leconservatoiredujeu.fr\/index.php\/wp-json\/wp\/v2\/pages\/1005"}],"collection":[{"href":"https:\/\/leconservatoiredujeu.fr\/index.php\/wp-json\/wp\/v2\/pages"}],"about":[{"href":"https:\/\/leconservatoiredujeu.fr\/index.php\/wp-json\/wp\/v2\/types\/page"}],"author":[{"embeddable":true,"href":"https:\/\/leconservatoiredujeu.fr\/index.php\/wp-json\/wp\/v2\/users\/1"}],"replies":[{"embeddable":true,"href":"https:\/\/leconservatoiredujeu.fr\/index.php\/wp-json\/wp\/v2\/comments?post=1005"}],"version-history":[{"count":7,"href":"https:\/\/leconservatoiredujeu.fr\/index.php\/wp-json\/wp\/v2\/pages\/1005\/revisions"}],"predecessor-version":[{"id":12782,"href":"https:\/\/leconservatoiredujeu.fr\/index.php\/wp-json\/wp\/v2\/pages\/1005\/revisions\/12782"}],"wp:attachment":[{"href":"https:\/\/leconservatoiredujeu.fr\/index.php\/wp-json\/wp\/v2\/media?parent=1005"}],"curies":[{"name":"wp","href":"https:\/\/api.w.org\/{rel}","templated":true}]}}